{"id":120895,"date":"2026-04-10T00:00:00","date_gmt":"2026-04-10T05:00:00","guid":{"rendered":"https:\/\/gpl-love.com\/es\/producto\/beaver-builder-professional-wordpress-plugin\/"},"modified":"2026-04-10T11:15:16","modified_gmt":"2026-04-10T16:15:16","slug":"beaver-builder-professional-wordpress-plugin","status":"publish","type":"product","link":"https:\/\/gpl-love.com\/es\/producto\/beaver-builder-professional-wordpress-plugin\/","title":{"rendered":"Beaver Builder Professional 2.10.1.6"},"content":{"rendered":"<h3>Beaver Builder Professional Caracteristicas<\/h3>\n<p>Beaver Builder Professional es un constructor de sitios web de arrastrar y soltar inmensamente potente y vers\u00e1til, que faculta a los usuarios construir sitios web visualmente sorprendentes sin esfuerzo y sin problemas, todo sin ninguna experiencia de codificaci\u00f3n previa al insulto. Al ofrecer una amplia gama de plantillas y m\u00f3dulos personalizables, los usuarios poseen la capacidad de crear sitios web que sean un verdadero reflejo de su marca y estilo distintivos. La edici\u00f3n profesional de este notable software eleva a\u00fan m\u00e1s la experiencia del usuario al proporcionar una variedad de caracter\u00edsticas adicionales, como la personalizaci\u00f3n avanzada del tema, una amplia selecci\u00f3n de plantillas de p\u00e1gina, as\u00ed como la capacidad invaluable para guardar y posteriormente reutilizar dise\u00f1os. Adem\u00e1s, este software cuenta con una velocidad \u00f3ptima y una confiabilidad inquebrantable, lo que garantiza que los sitios web de los usuarios no solo son expeditos sino tambi\u00e9n altamente receptivos. Con la utilizaci\u00f3n de Beaver Builder Professional, los usuarios tienen la capacidad de elaborar sitios web exquisitos que combinen sin esfuerzo la funcionalidad con el atractivo est\u00e9tico.<\/p>\n<ul>\n<li>Potente constructor de sitios web de arrastrar y soltar<\/li>\n<li>Interfaz intuitiva y f\u00e1cil de usar<\/li>\n<li>Compatible con WordPress<\/li>\n<li>Plantillas y dise\u00f1os personalizables<\/li>\n<li>Capacidad para agregar y editar contenido de manera r\u00e1pida y f\u00e1cil<\/li>\n<li>Acceso a m\u00f3dulos y caracter\u00edsticas avanzados<\/li>\n<li>Herramientas incorporadas para la optimizaci\u00f3n de motores de b\u00fasqueda (SEO)<\/li>\n<li>Opciones de dise\u00f1o de respuesta m\u00f3vil<\/li>\n<li>Atenci\u00f3n al cliente de calidad y recursos<\/li>\n<li>Software constantemente actualizado y mejorado<\/li>\n<\/ul>\n","protected":false},"excerpt":{"rendered":"<p>Desata su creatividad con Beaver Builder Professional, un complemento premium de WordPress Page Builder dise\u00f1ado para simplificar el proceso de creaci\u00f3n de sitios web impresionantes. Esta herramienta intuitiva y f\u00e1cil de usar est\u00e1 llena de caracter\u00edsticas avanzadas que permiten a los usuarios crear sitios web hermosos y receptivos sin ning\u00fan conocimiento de codificaci\u00f3n. Con Beaver Builder Professional, puede arrastrar y soltar elementos, personalizar dise\u00f1os y modificar el contenido con facilidad. Tambi\u00e9n viene con docenas de plantillas prefabricadas que se pueden usar como punto de partida para sus dise\u00f1os. Las caracter\u00edsticas destacadas incluyen la optimizaci\u00f3n de SEO, la capacidad de respuesta m\u00f3vil y la compatibilidad de WooCommerce, garantizar que su sitio web no solo se vea genial, sino que tambi\u00e9n funciona bien en los motores de b\u00fasqueda y en diferentes dispositivos. Beaver Builder Professional tambi\u00e9n ofrece atenci\u00f3n al cliente de primer nivel, por lo que nunca est\u00e1 solo en su viaje de construcci\u00f3n de sitios web. Elija Beaver Builder Professional para una experiencia de dise\u00f1o web sin problemas y sin estr\u00e9s.<\/p>\n","protected":false},"featured_media":165463,"comment_status":"open","ping_status":"open","template":"","meta":[],"product_brand":[2372],"product_cat":[1214,1206,1211],"product_tag":[1244],"class_list":{"0":"post-120895","1":"product","2":"type-product","3":"status-publish","4":"has-post-thumbnail","6":"product_brand-beaver-builder","7":"product_cat-personalizacion","8":"product_cat-plugins","9":"product_cat-wordpress-plugins","10":"product_tag-beaver-builder","11":"member-discount","12":"discount-restricted","14":"first","15":"instock","16":"sale","17":"downloadable","18":"virtual","19":"sold-individually","20":"purchasable","21":"product-type-simple"},"_links":{"self":[{"href":"https:\/\/gpl-love.com\/es\/wp-json\/wp\/v2\/product\/120895","targetHints":{"allow":["GET"]}}],"collection":[{"href":"https:\/\/gpl-love.com\/es\/wp-json\/wp\/v2\/product"}],"about":[{"href":"https:\/\/gpl-love.com\/es\/wp-json\/wp\/v2\/types\/product"}],"replies":[{"embeddable":true,"href":"https:\/\/gpl-love.com\/es\/wp-json\/wp\/v2\/comments?post=120895"}],"wp:featuredmedia":[{"embeddable":true,"href":"https:\/\/gpl-love.com\/es\/wp-json\/wp\/v2\/media\/165463"}],"wp:attachment":[{"href":"https:\/\/gpl-love.com\/es\/wp-json\/wp\/v2\/media?parent=120895"}],"wp:term":[{"taxonomy":"product_brand","embeddable":true,"href":"https:\/\/gpl-love.com\/es\/wp-json\/wp\/v2\/product_brand?post=120895"},{"taxonomy":"product_cat","embeddable":true,"href":"https:\/\/gpl-love.com\/es\/wp-json\/wp\/v2\/product_cat?post=120895"},{"taxonomy":"product_tag","embeddable":true,"href":"https:\/\/gpl-love.com\/es\/wp-json\/wp\/v2\/product_tag?post=120895"}],"curies":[{"name":"wp","href":"https:\/\/api.w.org\/{rel}","templated":true}]}}