{"id":120893,"date":"2022-03-25T00:00:00","date_gmt":"2022-03-25T05:00:00","guid":{"rendered":"https:\/\/gpl-love.com\/es\/producto\/beautyspot-wordpress-tema-para-beauty-salons\/"},"modified":"2026-03-13T17:16:26","modified_gmt":"2026-03-13T22:16:26","slug":"beautyspot-wordpress-tema-para-beauty-salons","status":"publish","type":"product","link":"https:\/\/gpl-love.com\/es\/producto\/beautyspot-wordpress-tema-para-beauty-salons\/","title":{"rendered":"BeautySpot WordPress Tema para Beauty Salons 3.5.5"},"content":{"rendered":"<h3>BeautySpot WordPress Tema para Beauty Salons Caracteristicas<\/h3>\n<p>Beautyspot, un tema de WordPress incre\u00edblemente vers\u00e1til y din\u00e1mico, ha sido meticulosamente elaborado con la intenci\u00f3n espec\u00edfica de atender salones de belleza. Este tema excepcional va m\u00e1s all\u00e1 en t\u00e9rminos de opciones de personalizaci\u00f3n, lo que le permite dise\u00f1ar un sitio web que incorpore impecablemente su identidad de marca. Con su dise\u00f1o est\u00e9ticamente agradable y de vanguardia, su sitio web sin duda cautivar\u00e1 a clientes potenciales, lo impulsar\u00e1 sin esfuerzo a la vanguardia de su industria mientras eclipsa a sus competidores. Al integrar numerosas caracter\u00edsticas codiciadas, como reserva de citas, tablas de precios, perfiles de miembros del equipo y listados de servicios integrales, BeautySpot asegura que cada aspecto de su sal\u00f3n se exhibiera sin problemas. Adem\u00e1s, su naturaleza totalmente receptiva garantiza una accesibilidad \u00f3ptima en una variedad de dispositivos, mientras que su optimizaci\u00f3n de motores de b\u00fasqueda garantiza una capacidad de descubrimiento sin problemas por parte de su p\u00fablico objetivo. En conclusi\u00f3n, Beautyspot emerge indiscutiblemente como una opci\u00f3n incomparable para los propietarios de salones de belleza que buscan mejorar su presencia en l\u00ednea y aumentar su base de clientes.<\/p>\n<ul>\n<li>Tema personalizable para salones de belleza para mostrar sus servicios y productos<\/li>\n<li>Dise\u00f1o atractivo y moderno que capta la atenci\u00f3n de los clientes potenciales<\/li>\n<li>P\u00e1gina de inicio rica en caracter\u00edsticas con secciones para servicios, galer\u00edas, testimonios y m\u00e1s<\/li>\n<li>Totalmente receptivo en todos los dispositivos, asegurando que los clientes puedan navegar f\u00e1cilmente en sus tel\u00e9fonos inteligentes o tabletas<\/li>\n<li>Plantillas de p\u00e1gina incorporadas para servicios, sobre, contacto y m\u00e1s, lo que facilita a los propietarios de salones crear su sitio web<\/li>\n<li>Constructor de p\u00e1gina de arrastrar y soltar f\u00e1ciles de usar para personalizaci\u00f3n sin ning\u00fan conocimiento de codificaci\u00f3n<\/li>\n<li>Se integra con complementos populares como WooCommerce para vender productos y reservas de belleza para programar citas<\/li>\n<li>SEO optimizado para mejorar la clasificaci\u00f3n del motor de b\u00fasqueda<\/li>\n<li>Incluye actualizaciones regulares y atenci\u00f3n al cliente para una experiencia sin problemas.<\/li>\n<li>Velocidades de carga r\u00e1pida para mejorar la experiencia del usuario y las tasas de rebote reducidas<\/li>\n<\/ul>\n","protected":false},"excerpt":{"rendered":"<p>Experimente una renovaci\u00f3n en su negocio de belleza con el tema de Beautyspot WordPress. Este tema elegante e interactivo est\u00e1 espec\u00edficamente dise\u00f1ado para salones de belleza y spas. Promete mejorar su presencia en l\u00ednea con su dise\u00f1o f\u00e1cil de usar y caracter\u00edsticas vers\u00e1tiles.<\/p>\n<p>El tema de Beautyspot ofrece un dise\u00f1o impresionante y f\u00e1cilmente personalizable que destacar\u00e1 perfectamente los servicios, precios y ofertas especiales de su sal\u00f3n. Con la integraci\u00f3n de WooCommerce, puede administrar sin esfuerzo sus reservas y pagos en l\u00ednea, convirtiendo su sitio web en una tienda en l\u00ednea eficiente.<\/p>\n<p>Este tema tambi\u00e9n presenta una secci\u00f3n de blog para compartir sus consejos de belleza, nuevos tratamientos y actualizaciones de sal\u00f3n con su audiencia. El dise\u00f1o amigable con el SEO asegura que su sal\u00f3n de belleza atraiga m\u00e1s tr\u00e1fico y se ubique m\u00e1s alto en los motores de b\u00fasqueda.<\/p>\n<p>El tema de Beautyspot WordPress tambi\u00e9n se encarga de la capacidad de respuesta de su sitio web, asegurando una experiencia de visualizaci\u00f3n \u00f3ptima en diferentes dispositivos. Con su panel de administraci\u00f3n f\u00e1cil de usar y su documentaci\u00f3n detallada, puede configurar su sitio web en poco tiempo, incluso sin ning\u00fan conocimiento de codificaci\u00f3n.<\/p>\n<p>Experimentar el poder de un profesional y elegante<\/p>\n","protected":false},"featured_media":165462,"comment_status":"open","ping_status":"open","template":"","meta":[],"product_brand":[2337],"product_cat":[1307,1237,1238],"product_tag":[1391],"class_list":{"0":"post-120893","1":"product","2":"type-product","3":"status-publish","4":"has-post-thumbnail","6":"product_brand-themeforest","7":"product_cat-negocio-wordpress-temas","8":"product_cat-temas","9":"product_cat-wordpress-temas","10":"product_tag-themeforest","11":"member-discount","12":"discount-restricted","14":"first","15":"instock","16":"sale","17":"downloadable","18":"virtual","19":"sold-individually","20":"purchasable","21":"product-type-simple"},"_links":{"self":[{"href":"https:\/\/gpl-love.com\/es\/wp-json\/wp\/v2\/product\/120893","targetHints":{"allow":["GET"]}}],"collection":[{"href":"https:\/\/gpl-love.com\/es\/wp-json\/wp\/v2\/product"}],"about":[{"href":"https:\/\/gpl-love.com\/es\/wp-json\/wp\/v2\/types\/product"}],"replies":[{"embeddable":true,"href":"https:\/\/gpl-love.com\/es\/wp-json\/wp\/v2\/comments?post=120893"}],"wp:featuredmedia":[{"embeddable":true,"href":"https:\/\/gpl-love.com\/es\/wp-json\/wp\/v2\/media\/165462"}],"wp:attachment":[{"href":"https:\/\/gpl-love.com\/es\/wp-json\/wp\/v2\/media?parent=120893"}],"wp:term":[{"taxonomy":"product_brand","embeddable":true,"href":"https:\/\/gpl-love.com\/es\/wp-json\/wp\/v2\/product_brand?post=120893"},{"taxonomy":"product_cat","embeddable":true,"href":"https:\/\/gpl-love.com\/es\/wp-json\/wp\/v2\/product_cat?post=120893"},{"taxonomy":"product_tag","embeddable":true,"href":"https:\/\/gpl-love.com\/es\/wp-json\/wp\/v2\/product_tag?post=120893"}],"curies":[{"name":"wp","href":"https:\/\/api.w.org\/{rel}","templated":true}]}}