{"id":120891,"date":"2026-03-18T00:00:00","date_gmt":"2026-03-18T05:00:00","guid":{"rendered":"https:\/\/gpl-love.com\/es\/producto\/avada-responsive-multipurpose-theme\/"},"modified":"2026-03-18T23:15:30","modified_gmt":"2026-03-19T04:15:30","slug":"avada-responsive-multipurpose-theme","status":"publish","type":"product","link":"https:\/\/gpl-love.com\/es\/producto\/avada-responsive-multipurpose-theme\/","title":{"rendered":"Avada Responsive MultiPurpose Theme 7.15.1"},"content":{"rendered":"<h3>Avada Responsive MultiPurpose Theme Caracteristicas<\/h3>\n<p>El tema de MultipurUrose de AVADA se presenta como un tema de WordPress inmensamente vers\u00e1til y totalmente personalizable, capaz de atender a una amplia variedad de sitios web. Su adaptabilidad se muestra a trav\u00e9s de su dise\u00f1o receptivo, asegurando que su sitio web se muestre sin problemas en todos los tama\u00f1os y dispositivos de pantalla. Adem\u00e1s, este tema cuenta con una selecci\u00f3n diversa de dise\u00f1os preconstruidos y sitios de demostraci\u00f3n, simplificando las etapas iniciales de la creaci\u00f3n del sitio web. Eliminando la necesidad de la competencia de codificaci\u00f3n, la poderosa herramienta Fusion Builder otorga a los usuarios la capacidad de elaborar dise\u00f1os y dise\u00f1os hechos a medida. Adem\u00e1s, Avada sobresale en los \u00e1mbitos de la velocidad y la optimizaci\u00f3n de motores de b\u00fasqueda (SEO), garantizando tiempos de carga r\u00e1pida y f\u00e1cil capacidad de descubrimiento en los motores de b\u00fasqueda. Dada su amplia gama de caracter\u00edsticas y una flexibilidad incomparable, el tema multiprop\u00f3sito de Avada receptivo surge como una elecci\u00f3n \u00f3ptima para las personas que buscan establecer una presencia en l\u00ednea profesional e impactante.<\/p>\n<ul>\n<li>Tema multiusos altamente personalizable para sitios web de WordPress<\/li>\n<li>Totalmente receptivo y optimizado para dispositivos m\u00f3viles y de tabletas<\/li>\n<li>Viene con sitios web de demostraci\u00f3n previamente construidos y dise\u00f1os para una f\u00e1cil personalizaci\u00f3n<\/li>\n<li>Incluye potente Fusion Builder que permite el edificio de la p\u00e1gina de arrastrar y soltar<\/li>\n<li>Se integra con complementos populares de WordPress como WooCommerce y el Formulario de contacto 7<\/li>\n<li>Ofrece una gran selecci\u00f3n de elementos de dise\u00f1o incorporados y animaciones<\/li>\n<li>Actualizado constantemente con nuevas caracter\u00edsticas y mejoras<\/li>\n<li>Construido con c\u00f3digo limpio y optimizado para la velocidad y el rendimiento<\/li>\n<li>Incluye una amplia documentaci\u00f3n y atenci\u00f3n al cliente para la resoluci\u00f3n de problemas y asistencia de personalizaci\u00f3n<\/li>\n<li>Adecuado para empresas, carteras, blogs y m\u00e1s.<\/li>\n<\/ul>\n","protected":false},"excerpt":{"rendered":"<p>Experimente el poder de la flexibilidad, la personalizaci\u00f3n y la funcionalidad de primer nivel con el tema multipuros de Avada. Este tema vers\u00e1til es perfecto para cualquier tipo de sitio web, ya sea corporativo, cartera, blog o comercio electr\u00f3nico. Cuenta con un dise\u00f1o totalmente receptivo que se ve impresionante en cualquier dispositivo, asegurando que su sitio web sea accesible para todos los usuarios, independientemente del tama\u00f1o de su pantalla. Con Avada, puede personalizar f\u00e1cilmente su sitio web para que coincida con el estilo y las necesidades de su marca con su panel de opciones de temas avanzados. Adem\u00e1s, est\u00e1 integrado con complementos populares como WooCommerce para una venta en l\u00ednea sin problemas. Avada tambi\u00e9n est\u00e1 optimizado para la velocidad y el SEO, lo que le da a su sitio un impulso de rendimiento y lo ayuda a clasificar m\u00e1s alto en los motores de b\u00fasqueda. Experimente los beneficios de un tema multiprop\u00f3sito con Avada.<\/p>\n","protected":false},"featured_media":165442,"comment_status":"open","ping_status":"open","template":"","meta":[],"product_brand":[2337],"product_cat":[1239,1237,1238],"product_tag":[1391],"class_list":{"0":"post-120891","1":"product","2":"type-product","3":"status-publish","4":"has-post-thumbnail","6":"product_brand-themeforest","7":"product_cat-de-multiples-fines","8":"product_cat-temas","9":"product_cat-wordpress-temas","10":"product_tag-themeforest","11":"member-discount","12":"discount-restricted","14":"first","15":"instock","16":"sale","17":"downloadable","18":"virtual","19":"sold-individually","20":"purchasable","21":"product-type-simple"},"_links":{"self":[{"href":"https:\/\/gpl-love.com\/es\/wp-json\/wp\/v2\/product\/120891","targetHints":{"allow":["GET"]}}],"collection":[{"href":"https:\/\/gpl-love.com\/es\/wp-json\/wp\/v2\/product"}],"about":[{"href":"https:\/\/gpl-love.com\/es\/wp-json\/wp\/v2\/types\/product"}],"replies":[{"embeddable":true,"href":"https:\/\/gpl-love.com\/es\/wp-json\/wp\/v2\/comments?post=120891"}],"wp:featuredmedia":[{"embeddable":true,"href":"https:\/\/gpl-love.com\/es\/wp-json\/wp\/v2\/media\/165442"}],"wp:attachment":[{"href":"https:\/\/gpl-love.com\/es\/wp-json\/wp\/v2\/media?parent=120891"}],"wp:term":[{"taxonomy":"product_brand","embeddable":true,"href":"https:\/\/gpl-love.com\/es\/wp-json\/wp\/v2\/product_brand?post=120891"},{"taxonomy":"product_cat","embeddable":true,"href":"https:\/\/gpl-love.com\/es\/wp-json\/wp\/v2\/product_cat?post=120891"},{"taxonomy":"product_tag","embeddable":true,"href":"https:\/\/gpl-love.com\/es\/wp-json\/wp\/v2\/product_tag?post=120891"}],"curies":[{"name":"wp","href":"https:\/\/api.w.org\/{rel}","templated":true}]}}