{"id":120889,"date":"2026-04-16T00:00:00","date_gmt":"2026-04-16T05:00:00","guid":{"rendered":"https:\/\/gpl-love.com\/es\/producto\/automate-woo-marketing-automation-para-woocommerce\/"},"modified":"2026-04-16T17:15:24","modified_gmt":"2026-04-16T22:15:24","slug":"automate-woo-marketing-automation-para-woocommerce","status":"publish","type":"product","link":"https:\/\/gpl-love.com\/es\/producto\/automate-woo-marketing-automation-para-woocommerce\/","title":{"rendered":"AutomateWoo Marketing Automation para WooCommerce 6.3.1"},"content":{"rendered":"<h3>AutomateWoo Marketing Automation para WooCommerce Caracteristicas<\/h3>\n<p>AutomateWoo Marketing Automation for WooCommerce es una herramienta incre\u00edblemente robusta y din\u00e1mica que le permite racionalizar sin esfuerzo y optimizar sus esfuerzos de marketing para su estimada tienda en l\u00ednea. Poseer este complemento excepcional le permite fabricar campa\u00f1as de correo electr\u00f3nico a medida a medida, promociones meticulosamente espec\u00edficas, as\u00ed como recomendaciones de productos altamente personalizadas, aumentando as\u00ed efectivamente sus cifras de ventas y fomentando una mayor participaci\u00f3n del cliente. La integraci\u00f3n de AutomateWoo con WooCommerce le confiere la notable capacidad de monitorear y analizar diligentemente los patrones de comportamiento del cliente y, posteriormente, ajustar y adaptar sus iniciativas de marketing de una manera que est\u00e1 impecablemente alineada con las preferencias e inclinaciones de su estimado clientela. Adem\u00e1s, la plataforma ofrece una extensa gama de caracter\u00edsticas de automatizaci\u00f3n, como la notable funcionalidad de recuperaci\u00f3n de carros abandonados, las campa\u00f1as de recuperaci\u00f3n de clientes altamente efectivas y los correos electr\u00f3nicos de seguimiento indispensables. Estas caracter\u00edsticas invaluables sirven para optimizar sin esfuerzo y optimizar sus esfuerzos de marketing mientras maximizan simult\u00e1neamente su retorno de la inversi\u00f3n (ROI). Ya sea que sea un propietario emprendedor de una empresa comercial diminuta o un propietario de un juggernaut de comercio electr\u00f3nico en expansi\u00f3n, la automatizaci\u00f3n de marketing automatizada indispensable y transformadora para WooCommerce es inequ\u00edvocamente una herramienta que est\u00e1 destinada a revolucionar y optimizar su estrategia de marketing, por lo tanto, aumentando exponentialmente el alojamiento exponentialmente del la exponentialmente el alojamiento de la exponentialmente el la Crecimiento de su ilustre empresa en l\u00ednea.<\/p>\n<ul>\n<li>Un potente complemento de automatizaci\u00f3n de marketing dise\u00f1ado espec\u00edficamente para las tiendas WooCommerce<\/li>\n<li>Le permite crear f\u00e1cilmente campa\u00f1as espec\u00edficas y personalizadas basadas en el comportamiento del cliente y el historial de compras<\/li>\n<li>Automatizar correos electr\u00f3nicos de abandono del carrito, correos electr\u00f3nicos de seguimiento de productos, revisiones de productos y m\u00e1s<\/li>\n<li>Crear precios y descuentos din\u00e1micos basados \u200b\u200ben el comportamiento del cliente<\/li>\n<li>Cree un programa de fidelizaci\u00f3n para recompensar e incentivar a los clientes para las compras repetidas<\/li>\n<li>Segmento de clientes basados \u200b\u200ben su comportamiento y preferencias para marketing m\u00e1s espec\u00edfico<\/li>\n<li>Integrar f\u00e1cilmente con las populares plataformas de marketing por correo electr\u00f3nico como MailChimp y ActiveCampaign<\/li>\n<li>Monitoree y rastree el rendimiento de sus campa\u00f1as con an\u00e1lisis e informes detallados.<\/li>\n<\/ul>\n","protected":false},"excerpt":{"rendered":"<p>Descubra el poder de la automatizaci\u00f3n de marketing con AutomateWoo para WooCommerce. Esta herramienta robusta se integra sin esfuerzo con su tienda WooCommerce, agilizando sus esfuerzos de marketing y aumentando su potencial de ventas. Con AutomateWoo, puede configurar f\u00e1cilmente correos electr\u00f3nicos automatizados, mensajes de texto y campa\u00f1as de redes sociales, liberando su tiempo y recursos. Al aprovechar las caracter\u00edsticas potentes, como la segmentaci\u00f3n del cliente y las comunicaciones personalizadas, puede dirigirse a sus clientes de manera m\u00e1s efectiva. Genere negocios repetidos con seguimientos autom\u00e1ticos y recordatorios de carros abandonados. Beneficiarse de informes en profundidad y seguimiento de rendimiento para optimizar continuamente sus estrategias de marketing. Transforme su tienda en l\u00ednea hoy con AutomateWoo, la elecci\u00f3n inteligente para la automatizaci\u00f3n de WooCommerce.<\/p>\n","protected":false},"featured_media":165414,"comment_status":"open","ping_status":"open","template":"","meta":[],"product_brand":[2367],"product_cat":[1207,1225,1206],"product_tag":[1242],"class_list":{"0":"post-120889","1":"product","2":"type-product","3":"status-publish","4":"has-post-thumbnail","6":"product_brand-automate-woo","7":"product_cat-comercio-electronico-plugins","8":"product_cat-marketing","9":"product_cat-plugins","10":"product_tag-automate-woo","11":"member-discount","12":"discount-restricted","14":"first","15":"instock","16":"sale","17":"downloadable","18":"virtual","19":"sold-individually","20":"purchasable","21":"product-type-simple"},"_links":{"self":[{"href":"https:\/\/gpl-love.com\/es\/wp-json\/wp\/v2\/product\/120889","targetHints":{"allow":["GET"]}}],"collection":[{"href":"https:\/\/gpl-love.com\/es\/wp-json\/wp\/v2\/product"}],"about":[{"href":"https:\/\/gpl-love.com\/es\/wp-json\/wp\/v2\/types\/product"}],"replies":[{"embeddable":true,"href":"https:\/\/gpl-love.com\/es\/wp-json\/wp\/v2\/comments?post=120889"}],"wp:featuredmedia":[{"embeddable":true,"href":"https:\/\/gpl-love.com\/es\/wp-json\/wp\/v2\/media\/165414"}],"wp:attachment":[{"href":"https:\/\/gpl-love.com\/es\/wp-json\/wp\/v2\/media?parent=120889"}],"wp:term":[{"taxonomy":"product_brand","embeddable":true,"href":"https:\/\/gpl-love.com\/es\/wp-json\/wp\/v2\/product_brand?post=120889"},{"taxonomy":"product_cat","embeddable":true,"href":"https:\/\/gpl-love.com\/es\/wp-json\/wp\/v2\/product_cat?post=120889"},{"taxonomy":"product_tag","embeddable":true,"href":"https:\/\/gpl-love.com\/es\/wp-json\/wp\/v2\/product_tag?post=120889"}],"curies":[{"name":"wp","href":"https:\/\/api.w.org\/{rel}","templated":true}]}}