{"id":120887,"date":"2026-04-18T00:00:00","date_gmt":"2026-04-18T05:00:00","guid":{"rendered":"https:\/\/gpl-love.com\/es\/producto\/astra-pro-add-on\/"},"modified":"2026-04-18T17:15:15","modified_gmt":"2026-04-18T22:15:15","slug":"astra-pro-add-on","status":"publish","type":"product","link":"https:\/\/gpl-love.com\/es\/producto\/astra-pro-add-on\/","title":{"rendered":"Astra Pro Addon 4.13.1"},"content":{"rendered":"<h3>Astra Pro Addon Caracteristicas<\/h3>\n<p>El Astra Pro Addon, conocido por sus formidables capacidades, ha sido elaborado por expertos para aumentar las caracter\u00edsticas y la funcionalidad ya impresionantes del tema Astra WordPress. Al ofrecer una extensa gama de opciones de personalizaci\u00f3n y controles de dise\u00f1o sofisticados, este complemento faculta a los usuarios para manifestar sitios web impresionantes sin esfuerzo con un simple pu\u00f1ado de clics. Esta notable extensi\u00f3n incorpora una variedad de atributos premium, incluida la codiciada capacidad para dise\u00f1ar dise\u00f1os a medida, construir encabezados y pies de p\u00e1gina, implementar disposiciones de men\u00fa de mega y jugar con configuraciones tipogr\u00e1ficas avanzadas. Independientemente de si uno es un ne\u00f3fito o un dise\u00f1ador web experimentado, el Astra Pro Addon deber\u00eda ocupar indiscutiblemente una posici\u00f3n estimada en su arsenal digital, ya que tiene la capacidad de catapultar su sitio web a alturas sin precedentes. Gracias a su interfaz f\u00e1cil de usar y sus capacidades formidables, este complemento se considera como el ep\u00edtome de la soluci\u00f3n ideal para cualquier persona en busca de crear un sitio web profesional y superlativo de manera r\u00e1pida y sin esfuerzo.<\/p>\n<ul>\n<li>Mejora la funcionalidad de su tema Astra para WordPress<\/li>\n<li>Proporciona opciones de personalizaci\u00f3n adicionales para encabezados, blogs y otros elementos del sitio<\/li>\n<li>Incluye plantillas preconstruidas para una f\u00e1cil personalizaci\u00f3n de dise\u00f1o<\/li>\n<li>Ofrece opciones de dise\u00f1o personalizadas para archivos y p\u00e1ginas de blogs<\/li>\n<li>Permite la integraci\u00f3n con WooCommerce para sitios de comercio electr\u00f3nico<\/li>\n<li>Incluye opciones de tipograf\u00eda avanzada e integraci\u00f3n de Google Fonts<\/li>\n<li>Construido para la optimizaci\u00f3n de velocidad y rendimiento<\/li>\n<li>Proporciona una amplia documentaci\u00f3n y soporte para los usuarios<\/li>\n<\/ul>\n","protected":false},"excerpt":{"rendered":"<p>Actualice su sitio web con Astra Pro Addon, una herramienta premium dise\u00f1ada para expandir las capacidades de su tema Astra. Con este complemento, puede desbloquear un conjunto de caracter\u00edsticas sofisticadas, como encabezados avanzados, mega men\u00fas y opciones de etiqueta blanca. Astra Pro Addon tambi\u00e9n ofrece opciones de personalizaci\u00f3n adicionales, lo que le permite ajustar el aspecto de su sitio web con facilidad. Beneficiarse del mayor control sobre el dise\u00f1o de su sitio, el rendimiento mejorado del sitio y una experiencia de usuario m\u00e1s simplificada. Ya sea que sea un dise\u00f1ador web profesional o un propietario de un negocio que busque mejorar su presencia en l\u00ednea, Astra Pro Addon es un poderoso aliado en su viaje hacia un sitio web destacado.<\/p>\n","protected":false},"featured_media":165403,"comment_status":"open","ping_status":"open","template":"","meta":[],"product_brand":[2366],"product_cat":[1214,1206,1211],"product_tag":[2296],"class_list":{"0":"post-120887","1":"product","2":"type-product","3":"status-publish","4":"has-post-thumbnail","6":"product_brand-brainstorm-force","7":"product_cat-personalizacion","8":"product_cat-plugins","9":"product_cat-wordpress-plugins","10":"product_tag-brainstorm-force","11":"member-discount","12":"discount-restricted","14":"first","15":"instock","16":"sale","17":"downloadable","18":"virtual","19":"sold-individually","20":"purchasable","21":"product-type-simple"},"_links":{"self":[{"href":"https:\/\/gpl-love.com\/es\/wp-json\/wp\/v2\/product\/120887","targetHints":{"allow":["GET"]}}],"collection":[{"href":"https:\/\/gpl-love.com\/es\/wp-json\/wp\/v2\/product"}],"about":[{"href":"https:\/\/gpl-love.com\/es\/wp-json\/wp\/v2\/types\/product"}],"replies":[{"embeddable":true,"href":"https:\/\/gpl-love.com\/es\/wp-json\/wp\/v2\/comments?post=120887"}],"wp:featuredmedia":[{"embeddable":true,"href":"https:\/\/gpl-love.com\/es\/wp-json\/wp\/v2\/media\/165403"}],"wp:attachment":[{"href":"https:\/\/gpl-love.com\/es\/wp-json\/wp\/v2\/media?parent=120887"}],"wp:term":[{"taxonomy":"product_brand","embeddable":true,"href":"https:\/\/gpl-love.com\/es\/wp-json\/wp\/v2\/product_brand?post=120887"},{"taxonomy":"product_cat","embeddable":true,"href":"https:\/\/gpl-love.com\/es\/wp-json\/wp\/v2\/product_cat?post=120887"},{"taxonomy":"product_tag","embeddable":true,"href":"https:\/\/gpl-love.com\/es\/wp-json\/wp\/v2\/product_tag?post=120887"}],"curies":[{"name":"wp","href":"https:\/\/api.w.org\/{rel}","templated":true}]}}