{"id":120885,"date":"2022-02-20T00:00:00","date_gmt":"2022-02-20T05:00:00","guid":{"rendered":"https:\/\/gpl-love.com\/es\/producto\/apress-responsive-multipurpose-theme\/"},"modified":"2026-03-13T17:15:47","modified_gmt":"2026-03-13T22:15:47","slug":"apress-responsive-multipurpose-theme","status":"publish","type":"product","link":"https:\/\/gpl-love.com\/es\/producto\/apress-responsive-multipurpose-theme\/","title":{"rendered":"Apress Responsive MultiPurpose Theme 6.0.4"},"content":{"rendered":"<h3>Apress Responsive MultiPurpose Theme Caracteristicas<\/h3>\n<p>El tema multiprop\u00f3sito de Aprssive, un tema de WordPress incre\u00edblemente vers\u00e1til y dise\u00f1ado din\u00e1micamente, cuenta con una idoneidad excepcional para cualquier g\u00e9nero de sitio web. Su dise\u00f1o receptivo garantiza que su sitio web parezca impecable en todos los dispositivos, ya sea un escritorio, una computadora port\u00e1til, tableta o tel\u00e9fono inteligente. Adem\u00e1s, este tema ofrece una variedad de sitios de demostraci\u00f3n preconstruidos que pueden importarse sin esfuerzo y personalizarse a\u00fan m\u00e1s para alinearse con sus requisitos espec\u00edficos. Adem\u00e1s, est\u00e1 equipado con un panel de administraci\u00f3n altamente potente que facilita la gesti\u00f3n perfecta del dise\u00f1o, colores, fuentes y muchos otros aspectos de su sitio. Para optimizar el rendimiento de su sitio web, el tema de Abrss est\u00e1 meticulosamente elaborado para la velocidad y el SEO, asegurando los tiempos de carga r\u00e1pidos y la capacidad de descubrimiento sin esfuerzo por parte de los motores de b\u00fasqueda. Independientemente de si est\u00e1 construyendo un blog, una cartera, una tienda de comercio electr\u00f3nico o un sitio web corporativo, el tema multiprop\u00f3sito receptivo de APRESS surge como una opci\u00f3n excepcionalmente encomiable.<\/p>\n<ul>\n<li>Tema altamente personalizable y vers\u00e1til para cualquier tipo de sitio web<\/li>\n<li>Dise\u00f1o totalmente receptivo que se adapta a cualquier dispositivo o tama\u00f1o de pantalla<\/li>\n<li>Amplia gama de dise\u00f1os predise\u00f1ados y esquemas de color para elegir<\/li>\n<li>Dynamic Page Builder permite una f\u00e1cil personalizaci\u00f3n de arrastrar y soltar<\/li>\n<li>Estructura de c\u00f3digo amigable para SEO para mejorar las clasificaciones de los motores de b\u00fasqueda<\/li>\n<li>Compatible con complementos populares como WooCommerce y el Formulario de contacto 7<\/li>\n<li>Caracter\u00edsticas avanzadas de cartera y blog para mostrar su trabajo e ideas<\/li>\n<li>Atenci\u00f3n al cliente premium y actualizaciones frecuentes para garantizar un rendimiento \u00f3ptimo.<\/li>\n<\/ul>\n","protected":false},"excerpt":{"rendered":"<p>Introducir el tema multiprop\u00f3sito receptivo de Abrss: una soluci\u00f3n que cambia el juego para las necesidades de dise\u00f1o de su sitio web. Este tema de vanguardia es vers\u00e1til, adaptable y totalmente receptivo, asegurando una experiencia de visualizaci\u00f3n \u00f3ptima en todos los dispositivos y tama\u00f1os de pantalla. Ya sea que est\u00e9 ejecutando un blog, un sitio de comercio electr\u00f3nico o portal corporativo, APRESS es la mejor herramienta para elevar su presencia en la web.<\/p>\n<p>Una de las caracter\u00edsticas clave del tema de Abrss es su naturaleza f\u00e1cil de usar. Est\u00e1 dise\u00f1ado para ser accesible para principiantes al tiempo que ofrece funcionalidades avanzadas para desarrolladores web experimentados. Proporciona una experiencia de usuario perfecta, con un dise\u00f1o elegante y moderno que seguramente impresionar\u00e1 a sus visitantes.<\/p>\n<p>Otra caracter\u00edstica destacada es la funcionalidad multiprop\u00f3sito del tema. Con Apress, puede personalizar todos los aspectos de su sitio para satisfacer sus necesidades y preferencias \u00fanicas. El tema viene con una amplia gama de dise\u00f1os y elementos predise\u00f1ados, lo que le permite crear un sitio web profesional y est\u00e9ticamente agradable en muy poco tiempo.<\/p>\n<p>El tema de Aprss tambi\u00e9n incluye soporte y actualizaciones integrales, asegurando<\/p>\n","protected":false},"featured_media":165384,"comment_status":"open","ping_status":"open","template":"","meta":[],"product_brand":[2337],"product_cat":[1239,1237,1238],"product_tag":[1391],"class_list":{"0":"post-120885","1":"product","2":"type-product","3":"status-publish","4":"has-post-thumbnail","6":"product_brand-themeforest","7":"product_cat-de-multiples-fines","8":"product_cat-temas","9":"product_cat-wordpress-temas","10":"product_tag-themeforest","11":"member-discount","12":"discount-restricted","14":"first","15":"instock","16":"sale","17":"downloadable","18":"virtual","19":"sold-individually","20":"purchasable","21":"product-type-simple"},"_links":{"self":[{"href":"https:\/\/gpl-love.com\/es\/wp-json\/wp\/v2\/product\/120885","targetHints":{"allow":["GET"]}}],"collection":[{"href":"https:\/\/gpl-love.com\/es\/wp-json\/wp\/v2\/product"}],"about":[{"href":"https:\/\/gpl-love.com\/es\/wp-json\/wp\/v2\/types\/product"}],"replies":[{"embeddable":true,"href":"https:\/\/gpl-love.com\/es\/wp-json\/wp\/v2\/comments?post=120885"}],"wp:featuredmedia":[{"embeddable":true,"href":"https:\/\/gpl-love.com\/es\/wp-json\/wp\/v2\/media\/165384"}],"wp:attachment":[{"href":"https:\/\/gpl-love.com\/es\/wp-json\/wp\/v2\/media?parent=120885"}],"wp:term":[{"taxonomy":"product_brand","embeddable":true,"href":"https:\/\/gpl-love.com\/es\/wp-json\/wp\/v2\/product_brand?post=120885"},{"taxonomy":"product_cat","embeddable":true,"href":"https:\/\/gpl-love.com\/es\/wp-json\/wp\/v2\/product_cat?post=120885"},{"taxonomy":"product_tag","embeddable":true,"href":"https:\/\/gpl-love.com\/es\/wp-json\/wp\/v2\/product_tag?post=120885"}],"curies":[{"name":"wp","href":"https:\/\/api.w.org\/{rel}","templated":true}]}}