{"id":120883,"date":"2025-02-06T00:00:00","date_gmt":"2025-02-06T05:00:00","guid":{"rendered":"https:\/\/gpl-love.com\/es\/producto\/analytify-pro-woocommerce-addon\/"},"modified":"2026-03-09T07:18:05","modified_gmt":"2026-03-09T12:18:05","slug":"analytify-pro-woocommerce-addon","status":"publish","type":"product","link":"https:\/\/gpl-love.com\/es\/producto\/analytify-pro-woocommerce-addon\/","title":{"rendered":"Analytify Pro WooCommerce Addon 5.5.1"},"content":{"rendered":"<h3>Analytify Pro WooCommerce Addon Caracteristicas<\/h3>\n<p>Una de las herramientas que puede ayudar enormemente a los usuarios a monitorear de manera efectiva el rendimiento de su tienda en l\u00ednea es el complemento Analtify Pro WooCommerce. Este complemento particular demuestra ser bastante influyente, ya que ofrece una gama integral de ideas relacionadas con las ventas, los ingresos y el comportamiento del cliente dentro de su tienda WooCommerce. Su prop\u00f3sito es ayudar en el seguimiento del progreso de su tienda en l\u00ednea, identificando posteriormente cualquier \u00e1rea que pueda necesitar una mejora. Al utilizar el complemento Analtify Pro WooCommerce, se le otorga el beneficio de acceder convenientemente a los datos de rendimiento de su tienda desde su tablero de WordPress, asegurando que est\u00e9 constantemente equipado con informaci\u00f3n en tiempo real. Adem\u00e1s, esta herramienta cuenta con una interfaz notablemente f\u00e1cil de usar, que simplifica con \u00e9xito datos complejos en informes y gr\u00e1ficos f\u00e1cilmente digeribles, lo que permite a los usuarios tomar decisiones bien informadas. Al capitalizar las ventajas que el complemento de Analtify Pro WooCommerce tiene para ofrecer, se est\u00e1 posicionando de manera efectiva para mejorar el rendimiento de su tienda en l\u00ednea, ampliar sus ingresos y, en \u00faltima instancia, cultivar el crecimiento de su negocio.<\/p>\n<ul>\n<li>Extiende las capacidades de Analtify Pro para rastrear y analizar datos de WooCommerce<\/li>\n<li>Proporciona informes detallados sobre pedidos, productos y clientes de WooCommerce<\/li>\n<li>Permite a los usuarios rastrear las tasas de conversi\u00f3n, los ingresos y otras m\u00e9tricas de comercio electr\u00f3nico importantes en tiempo real<\/li>\n<li>Permite la personalizaci\u00f3n de informes y visualizaciones de datos para adaptarse a las necesidades comerciales individuales<\/li>\n<li>Ayuda a las empresas a tomar decisiones basadas en datos para aumentar las ventas y mejorar la retenci\u00f3n de los clientes<\/li>\n<li>Se integra a la perfecci\u00f3n con WooCommerce y analtifique Pro para una f\u00e1cil instalaci\u00f3n y uso<\/li>\n<li>Proporciona acceso a datos confiables y precisos para optimizar los esfuerzos de marketing y mejorar el rendimiento empresarial general<\/li>\n<li>Ahorra tiempo y esfuerzo al automatizar la recopilaci\u00f3n y el an\u00e1lisis de datos, liberando recursos para otras operaciones comerciales.<\/li>\n<\/ul>\n","protected":false},"excerpt":{"rendered":"<p>Lleve el poder del an\u00e1lisis de datos a su almac\u00e9n de WooCommerce con el complemento Analtify Pro WooCommerce. Esta herramienta avanzada se integra a la perfecci\u00f3n con su tienda en l\u00ednea, desbloqueando valiosas ideas sobre el comportamiento y los h\u00e1bitos de compra de sus clientes. Ahora, puede tomar decisiones basadas en datos para aumentar las ventas y maximizar las ganancias.<\/p>\n<p>Con el tablero de usuarios de Analytify Pro Pro, puede monitorear f\u00e1cilmente m\u00e9tricas importantes, como vistas de productos, actitudes y tasas de conversi\u00f3n. Descubra qu\u00e9 productos son sus m\u00e1s vendidos y cu\u00e1les necesitan un poco de empuje. Comprenda mejor a sus clientes rastreando su historial de compra, demograf\u00eda y m\u00e9todos de pago preferidos.<\/p>\n<p>El complemento Analtify Pro WooCommerce tambi\u00e9n admite caracter\u00edsticas avanzadas, como el seguimiento de la campa\u00f1a y los informes personalizados. Es compatible con todas las versiones de WooCommerce y no afecta el rendimiento de su sitio.<\/p>\n<p>Mejore el rendimiento de su tienda hoy con el complemento Analtify Pro WooCommerce. No es solo una herramienta, es un cambio de juego para su negocio de comercio electr\u00f3nico.<\/p>\n","protected":false},"featured_media":165372,"comment_status":"open","ping_status":"open","template":"","meta":[],"product_brand":[2361],"product_cat":[1232,1206,1211],"product_tag":[1234],"class_list":{"0":"post-120883","1":"product","2":"type-product","3":"status-publish","4":"has-post-thumbnail","6":"product_brand-analytify","7":"product_cat-marketing-wordpress-plugins","8":"product_cat-plugins","9":"product_cat-wordpress-plugins","10":"product_tag-analytify","11":"member-discount","12":"discount-restricted","14":"first","15":"instock","16":"sale","17":"downloadable","18":"virtual","19":"sold-individually","20":"purchasable","21":"product-type-simple"},"_links":{"self":[{"href":"https:\/\/gpl-love.com\/es\/wp-json\/wp\/v2\/product\/120883","targetHints":{"allow":["GET"]}}],"collection":[{"href":"https:\/\/gpl-love.com\/es\/wp-json\/wp\/v2\/product"}],"about":[{"href":"https:\/\/gpl-love.com\/es\/wp-json\/wp\/v2\/types\/product"}],"replies":[{"embeddable":true,"href":"https:\/\/gpl-love.com\/es\/wp-json\/wp\/v2\/comments?post=120883"}],"wp:featuredmedia":[{"embeddable":true,"href":"https:\/\/gpl-love.com\/es\/wp-json\/wp\/v2\/media\/165372"}],"wp:attachment":[{"href":"https:\/\/gpl-love.com\/es\/wp-json\/wp\/v2\/media?parent=120883"}],"wp:term":[{"taxonomy":"product_brand","embeddable":true,"href":"https:\/\/gpl-love.com\/es\/wp-json\/wp\/v2\/product_brand?post=120883"},{"taxonomy":"product_cat","embeddable":true,"href":"https:\/\/gpl-love.com\/es\/wp-json\/wp\/v2\/product_cat?post=120883"},{"taxonomy":"product_tag","embeddable":true,"href":"https:\/\/gpl-love.com\/es\/wp-json\/wp\/v2\/product_tag?post=120883"}],"curies":[{"name":"wp","href":"https:\/\/api.w.org\/{rel}","templated":true}]}}