{"id":120881,"date":"2024-01-16T00:00:00","date_gmt":"2024-01-16T05:00:00","guid":{"rendered":"https:\/\/gpl-love.com\/es\/producto\/analytify-pro-google-analytics-goals-addon\/"},"modified":"2026-03-09T07:18:03","modified_gmt":"2026-03-09T12:18:03","slug":"analytify-pro-google-analytics-goals-addon","status":"publish","type":"product","link":"https:\/\/gpl-love.com\/es\/producto\/analytify-pro-google-analytics-goals-addon\/","title":{"rendered":"Analytify Pro Google Analytics Goals Addon 5.0.2"},"content":{"rendered":"<h3>Analytify Pro Google Analytics Goals Addon Caracteristicas<\/h3>\n<p>La utilizaci\u00f3n de los objetivos de an\u00e1lisis de analtify Pro Google Analytics es de suma importancia para las empresas que buscan mejorar el rendimiento de sus sitios web. Este complemento altamente potente otorga a los usuarios la capacidad de establecer y monitorear los objetivos de su sitio web, proporcion\u00e1ndoles as\u00ed con ideas invaluables relacionadas con los niveles de participaci\u00f3n y tasas de conversi\u00f3n de su sitio web. Mediante el complemento de los objetivos de an\u00e1lisis de Google Google, las empresas pueden generar, rastrear y examinar sin esfuerzo sus objetivos de sitio web, lo que les permite tomar decisiones bien informadas para optimizar el rendimiento de sus sitios web. Esta herramienta en particular es una necesidad absoluta para cualquier negocio que tenga como objetivo maximizar su presencia en l\u00ednea y estimular un mayor n\u00famero de conversiones.<\/p>\n<ul>\n<li>Permite a los usuarios rastrear y analizar f\u00e1cilmente el progreso hacia sus objetivos de Google Analytics<\/li>\n<li>Proporciona datos detallados sobre las conversiones de objetivos, incluyendo cu\u00e1ntas conversiones se completaron, de d\u00f3nde vinieron y qu\u00e9 acciones les llevaron<\/li>\n<li>Ayuda a los usuarios a identificar \u00e1reas de su sitio web o estrategia de marketing que pueden tener un rendimiento inferior y la necesidad de mejorar<\/li>\n<li>Se integra a la perfecci\u00f3n con Google Analytics, para que los usuarios puedan ver todos sus datos en un solo lugar<\/li>\n<li>Ofrece informes y paneles personalizables, para que los usuarios puedan ver los datos que son m\u00e1s importantes para ellos de un vistazo<\/li>\n<li>Proporciona actualizaciones en tiempo real, para que los usuarios puedan realizar un seguimiento del progreso hacia sus objetivos a medida que sucede<\/li>\n<li>Ofrece una interfaz f\u00e1cil e intuitiva, facilitada, facilita que todos los usuarios accedan y utilicen el software<\/li>\n<li>Viene con soporte dedicado y confiable, para que los usuarios puedan recibir ayuda cuando la necesiten<\/li>\n<li>Es una soluci\u00f3n asequible y rentable para que las empresas de todos los tama\u00f1os rastreen sus objetivos de Google Analytics y mejoren su estrategia en l\u00ednea.<\/li>\n<\/ul>\n","protected":false},"excerpt":{"rendered":"<p>Actualice las capacidades de seguimiento de su sitio web con el complemento Analytify Pro Google Analytics Objets. Esta herramienta robusta est\u00e1 dise\u00f1ada para integrarse perfectamente con su plataforma de an\u00e1lisis de Google existente, proporcion\u00e1ndole datos m\u00e1s completos y perspicaces sobre el rendimiento de su sitio web. Con este complemento, puede rastrear y analizar convenientemente los objetivos de su sitio web, obteniendo una comprensi\u00f3n m\u00e1s profunda del comportamiento y el compromiso de su audiencia. El complemento Analytify Pro Google Analytics Objets es f\u00e1cil de instalar y usar, por lo que es una herramienta invaluable tanto para principiantes como para propietarios de sitios web experimentados. Al aprovechar este complemento, puede monitorear de manera efectiva el \u00e9xito de su sitio web y tomar decisiones informadas para optimizar sus estrategias. Sea testigo del poder del an\u00e1lisis de datos y logre los objetivos de su sitio web con el complemento Analytify Pro Google Analytics Objets.<\/p>\n","protected":false},"featured_media":165371,"comment_status":"open","ping_status":"open","template":"","meta":[],"product_brand":[2361],"product_cat":[1232,1206,1211],"product_tag":[1234],"class_list":{"0":"post-120881","1":"product","2":"type-product","3":"status-publish","4":"has-post-thumbnail","6":"product_brand-analytify","7":"product_cat-marketing-wordpress-plugins","8":"product_cat-plugins","9":"product_cat-wordpress-plugins","10":"product_tag-analytify","11":"member-discount","12":"discount-restricted","14":"first","15":"instock","16":"sale","17":"downloadable","18":"virtual","19":"sold-individually","20":"purchasable","21":"product-type-simple"},"_links":{"self":[{"href":"https:\/\/gpl-love.com\/es\/wp-json\/wp\/v2\/product\/120881","targetHints":{"allow":["GET"]}}],"collection":[{"href":"https:\/\/gpl-love.com\/es\/wp-json\/wp\/v2\/product"}],"about":[{"href":"https:\/\/gpl-love.com\/es\/wp-json\/wp\/v2\/types\/product"}],"replies":[{"embeddable":true,"href":"https:\/\/gpl-love.com\/es\/wp-json\/wp\/v2\/comments?post=120881"}],"wp:featuredmedia":[{"embeddable":true,"href":"https:\/\/gpl-love.com\/es\/wp-json\/wp\/v2\/media\/165371"}],"wp:attachment":[{"href":"https:\/\/gpl-love.com\/es\/wp-json\/wp\/v2\/media?parent=120881"}],"wp:term":[{"taxonomy":"product_brand","embeddable":true,"href":"https:\/\/gpl-love.com\/es\/wp-json\/wp\/v2\/product_brand?post=120881"},{"taxonomy":"product_cat","embeddable":true,"href":"https:\/\/gpl-love.com\/es\/wp-json\/wp\/v2\/product_cat?post=120881"},{"taxonomy":"product_tag","embeddable":true,"href":"https:\/\/gpl-love.com\/es\/wp-json\/wp\/v2\/product_tag?post=120881"}],"curies":[{"name":"wp","href":"https:\/\/api.w.org\/{rel}","templated":true}]}}