{"id":120873,"date":"2026-04-18T00:00:00","date_gmt":"2026-04-18T05:00:00","guid":{"rendered":"https:\/\/gpl-love.com\/es\/producto\/affiliatewp-wordpress-plugin\/"},"modified":"2026-04-18T17:15:11","modified_gmt":"2026-04-18T22:15:11","slug":"affiliatewp-wordpress-plugin","status":"publish","type":"product","link":"https:\/\/gpl-love.com\/es\/producto\/affiliatewp-wordpress-plugin\/","title":{"rendered":"AffiliateWP WordPress Plugin 2.32.1"},"content":{"rendered":"<h3>AffiliateWP WordPress Plugin Caracteristicas<\/h3>\n<p>AffiliateWP es un complemento de WordPress notablemente robusto que sirve para ayudar a los propietarios y blogueros de los sitios web en la creaci\u00f3n y gesti\u00f3n de un programa de afiliados de una manera notablemente sin esfuerzo. Con su interfaz directa y f\u00e1cil de usar, AffiliateWP permite a los usuarios integrar sin problemas el seguimiento de afiliados en su sitio web e iniciar el proceso de reclutamiento de afiliados para promover sus productos o servicios de manera efectiva. El complemento ofrece adem\u00e1s una variedad diversa de tipos de comisiones y opciones de pago, otorgando as\u00ed a los propietarios de sitios web la flexibilidad de establecer un programa de afiliaci\u00f3n que demuestre ser altamente rentable y se alinea precisamente con sus requisitos comerciales \u00fanicos. Adem\u00e1s, la instalaci\u00f3n y la utilizaci\u00f3n de este complemento son incre\u00edblemente sencillos, y su amplio conjunto de caracter\u00edsticas avanzadas permite a los usuarios optimizar su programa de afiliados para obtener resultados \u00f3ptimos. Al aprovechar los innumerables beneficios de AffiliateWP, ya sea disparando cifras de ventas, amplificando el tr\u00e1fico web o reforzar el reconocimiento de marca, los propietarios de sitios web y blogueros pueden capitalizar efectivamente el potencial de monetizaci\u00f3n de su plataforma en l\u00ednea.<\/p>\n<ul>\n<li>Permite a los propietarios de sitios web configurar su propio programa de afiliados<\/li>\n<li>Pistas referencias y comisiones de afiliados<\/li>\n<li>Se integra a la perfecci\u00f3n con las populares plataformas de comercio electr\u00f3nico<\/li>\n<li>Proporciona informes y an\u00e1lisis en tiempo real<\/li>\n<li>Ofrece cuentas de afiliados ilimitadas y creativos<\/li>\n<li>Admite m\u00faltiples m\u00e9todos de pago<\/li>\n<li>Permite tarifas y niveles de comisiones personalizadas<\/li>\n<li>Proporciona un tablero de afiliados f\u00e1cil de usar<\/li>\n<li>Ofrece una amplia documentaci\u00f3n y apoyo<\/li>\n<li>Se puede personalizar f\u00e1cilmente con complementos y extensiones<\/li>\n<\/ul>\n","protected":false},"excerpt":{"rendered":"<p>El complemento AffiliateWP WordPress para negocios es una herramienta extremadamente potente, espec\u00edficamente dise\u00f1ada para racionalizar el marketing de afiliados con AffiliateWP. Su interfaz f\u00e1cil de usar es un tesoro tanto para principiantes como para usuarios avanzados en el marketing de afiliados. Ya sea que sea una empresa a peque\u00f1a escala que se aventura en el marketing de afiliaci\u00f3n o un comerciante digital establecido con el objetivo de elevar su programa, AffiliateWP ofrece soluciones a medida con una amplia gama de herramientas y recursos.<\/p>\n<p>Una de las ventajas clave de AffiliateWP es su integraci\u00f3n perfecta con WooCommerce y descargas digitales f\u00e1ciles. Esta integraci\u00f3n hace que el establecimiento y la gesti\u00f3n de sus conexiones de afiliados sea f\u00e1cil. Las evaluaciones de rendimiento utilizando AffiliateWP son integrales, lo que le permite monitorear de cerca y optimizar sus esfuerzos de marketing.<\/p>\n<p>Las herramientas proporcionadas por AffiliateWP para comerciantes digitales son integrales, dise\u00f1adas para impulsar sus programas de afiliados a nuevas alturas de \u00e9xito. Independientemente del tama\u00f1o o el nivel de experiencia de su empresa, AffiliateWP est\u00e1 equipado con recursos dise\u00f1ados diligentemente para ayudar a su exitoso viaje de marketing de afiliaci\u00f3n. Desde principiantes hasta usuarios avanzados, AffiliateWP ofrece soluciones para todos.<\/p>\n","protected":false},"featured_media":165328,"comment_status":"open","ping_status":"open","template":"","meta":[],"product_brand":[2357],"product_cat":[1207,1225,1206],"product_tag":[1227],"class_list":{"0":"post-120873","1":"product","2":"type-product","3":"status-publish","4":"has-post-thumbnail","6":"product_brand-affiliate-wp","7":"product_cat-comercio-electronico-plugins","8":"product_cat-marketing","9":"product_cat-plugins","10":"product_tag-affiliate-wp","11":"member-discount","12":"discount-restricted","14":"first","15":"instock","16":"sale","17":"downloadable","18":"virtual","19":"sold-individually","20":"purchasable","21":"product-type-simple"},"_links":{"self":[{"href":"https:\/\/gpl-love.com\/es\/wp-json\/wp\/v2\/product\/120873","targetHints":{"allow":["GET"]}}],"collection":[{"href":"https:\/\/gpl-love.com\/es\/wp-json\/wp\/v2\/product"}],"about":[{"href":"https:\/\/gpl-love.com\/es\/wp-json\/wp\/v2\/types\/product"}],"replies":[{"embeddable":true,"href":"https:\/\/gpl-love.com\/es\/wp-json\/wp\/v2\/comments?post=120873"}],"wp:featuredmedia":[{"embeddable":true,"href":"https:\/\/gpl-love.com\/es\/wp-json\/wp\/v2\/media\/165328"}],"wp:attachment":[{"href":"https:\/\/gpl-love.com\/es\/wp-json\/wp\/v2\/media?parent=120873"}],"wp:term":[{"taxonomy":"product_brand","embeddable":true,"href":"https:\/\/gpl-love.com\/es\/wp-json\/wp\/v2\/product_brand?post=120873"},{"taxonomy":"product_cat","embeddable":true,"href":"https:\/\/gpl-love.com\/es\/wp-json\/wp\/v2\/product_cat?post=120873"},{"taxonomy":"product_tag","embeddable":true,"href":"https:\/\/gpl-love.com\/es\/wp-json\/wp\/v2\/product_tag?post=120873"}],"curies":[{"name":"wp","href":"https:\/\/api.w.org\/{rel}","templated":true}]}}