{"id":120871,"date":"2025-10-16T00:00:00","date_gmt":"2025-10-16T05:00:00","guid":{"rendered":"https:\/\/gpl-love.com\/es\/producto\/aelia-currency-switcher-para-woocommerce\/"},"modified":"2026-03-09T07:16:40","modified_gmt":"2026-03-09T12:16:40","slug":"aelia-currency-switcher-para-woocommerce","status":"publish","type":"product","link":"https:\/\/gpl-love.com\/es\/producto\/aelia-currency-switcher-para-woocommerce\/","title":{"rendered":"Aelia Currency Switcher para WooCommerce 5.2.14.250918"},"content":{"rendered":"<h3>Aelia Currency Switcher para WooCommerce Caracteristicas<\/h3>\n<p>El conmutador de divisas de Aelia para WooCommerce, un complemento incre\u00edblemente potente, ofrece a los propietarios de tiendas en l\u00ednea la notable capacidad de otorgar a sus estimados clientes la opci\u00f3n trascendental de examinar los precios y finalizar sin esfuerzo las transacciones en su propia moneda local. Esta herramienta excepcional gestiona a la perfecci\u00f3n los tipos de cambio de divisas en tiempo real, lo que garantiza una precisi\u00f3n inquebrantable y listados de precios perpetuamente actualizados. Adem\u00e1s, esta caracter\u00edstica impresionante cuenta con soporte para una variedad de monedas, asegurando la mayor comodidad para todos los usuarios, al tiempo que les brinda el lujo de la personalizaci\u00f3n para alinearse armoniosamente con los requisitos distintivos de cada tienda. Por lo tanto, en virtud del conmutador de divisas de Aelia, las empresas en l\u00ednea tienen la capacidad de expandir dr\u00e1sticamente su preciada base de clientes y al mismo tiempo elevar la experiencia de compra general para un amplio espectro de clientela internacional.<\/p>\n<ul>\n<li>Se integra sin problemas con WooCommerce para permitir a los clientes ver los precios en su moneda local<\/li>\n<li>Admite m\u00e1s de 240 monedas y proporciona actualizaciones autom\u00e1ticas de tipo de cambio<\/li>\n<li>Ofrece dos modos de conmutaci\u00f3n de divisas: detecci\u00f3n autom\u00e1tica basada en la ubicaci\u00f3n del cliente o la selecci\u00f3n manual por parte del cliente<\/li>\n<li>Permite tipos de cambio personalizados y reglas de redondeo para garantizar precios precisos<\/li>\n<li>Ofrece un widget de conmutador de divisas y un shortcode para una f\u00e1cil implementaci\u00f3n en su sitio web<\/li>\n<li>Proporciona proceso de pago optimizado para clientes con moneda local seleccionada<\/li>\n<li>Ofrece compatibilidad con las pasarelas de pago populares y los proveedores de env\u00edo<\/li>\n<li>Incluye documentaci\u00f3n detallada y equipo de apoyo dedicado para asistencia<\/li>\n<\/ul>\n","protected":false},"excerpt":{"rendered":"<p>El conmutador de divisas AELIA para WooCommerce es un convertidor de divisas robusto para WooCommerce, dise\u00f1ado espec\u00edficamente para mejorar su tienda WooCommerce de monedas m\u00faltiples. Este avanzado complemento de conmutador de moneda de WooCommerce le permite mostrar precios, cantidades totales y monedas de productos en varias monedas que mejoran la experiencia de compra para sus clientes.<\/p>\n<p>No solo simplifica los procedimientos de configuraci\u00f3n, sino que tambi\u00e9n ofrece una amplia gama de opciones de personalizaci\u00f3n. Los clientes pueden navegar y pagar en sus compras de divisas preferidas en WooCommerce, mejorando as\u00ed su experiencia de compra e impulsando las ventas internacionales. Esta herramienta indispensable para el comercio electr\u00f3nico global es fundamental en ventas internacionales amplificadas con WooCommerce.<\/p>\n<p>El conmutador de divisas AELIA para WooCommerce tambi\u00e9n proporciona un complemento de tasas de cambio en tiempo real, lo que permite a los usuarios acceder a las tarifas de divisas al d\u00eda. Adem\u00e1s, viene equipado con caracter\u00edsticas avanzadas como el conmutador de divisas de geolocalizaci\u00f3n de WooCommerce, actualizaciones autom\u00e1ticas para la moneda de WooCommerce y el complemento de redondeo de precios personalizado, entre otros.<\/p>\n<p>Este complemento de WooCommerce para ventas internacionales, con sus actualizaciones automatizadas y reglas de redondeo de precios personalizadas, lo convierte en una adici\u00f3n esencial a cualquier<\/p>\n","protected":false},"featured_media":165307,"comment_status":"open","ping_status":"open","template":"","meta":[],"product_brand":[2355],"product_cat":[1207,1248,1206],"product_tag":[1224],"class_list":{"0":"post-120871","1":"product","2":"type-product","3":"status-publish","4":"has-post-thumbnail","6":"product_brand-aelia","7":"product_cat-comercio-electronico-plugins","8":"product_cat-personalizacion-comercio-electronico-plugins","9":"product_cat-plugins","10":"product_tag-aelia","11":"member-discount","12":"discount-restricted","14":"first","15":"instock","16":"sale","17":"downloadable","18":"virtual","19":"sold-individually","20":"purchasable","21":"product-type-simple"},"_links":{"self":[{"href":"https:\/\/gpl-love.com\/es\/wp-json\/wp\/v2\/product\/120871","targetHints":{"allow":["GET"]}}],"collection":[{"href":"https:\/\/gpl-love.com\/es\/wp-json\/wp\/v2\/product"}],"about":[{"href":"https:\/\/gpl-love.com\/es\/wp-json\/wp\/v2\/types\/product"}],"replies":[{"embeddable":true,"href":"https:\/\/gpl-love.com\/es\/wp-json\/wp\/v2\/comments?post=120871"}],"wp:featuredmedia":[{"embeddable":true,"href":"https:\/\/gpl-love.com\/es\/wp-json\/wp\/v2\/media\/165307"}],"wp:attachment":[{"href":"https:\/\/gpl-love.com\/es\/wp-json\/wp\/v2\/media?parent=120871"}],"wp:term":[{"taxonomy":"product_brand","embeddable":true,"href":"https:\/\/gpl-love.com\/es\/wp-json\/wp\/v2\/product_brand?post=120871"},{"taxonomy":"product_cat","embeddable":true,"href":"https:\/\/gpl-love.com\/es\/wp-json\/wp\/v2\/product_cat?post=120871"},{"taxonomy":"product_tag","embeddable":true,"href":"https:\/\/gpl-love.com\/es\/wp-json\/wp\/v2\/product_tag?post=120871"}],"curies":[{"name":"wp","href":"https:\/\/api.w.org\/{rel}","templated":true}]}}