{"id":120867,"date":"2022-07-08T00:00:00","date_gmt":"2022-07-08T05:00:00","guid":{"rendered":"https:\/\/gpl-love.com\/es\/producto\/admin-columns-pro-woocommerce-addon\/"},"modified":"2026-03-09T07:15:53","modified_gmt":"2026-03-09T12:15:53","slug":"admin-columns-pro-woocommerce-addon","status":"publish","type":"product","link":"https:\/\/gpl-love.com\/es\/producto\/admin-columns-pro-woocommerce-addon\/","title":{"rendered":"Admin Columns Pro WooCommerce Addon 3.7.3"},"content":{"rendered":"<h3>Admin Columns Pro WooCommerce Addon Caracteristicas<\/h3>\n<p>El complemento de Pro WooCommerce de las columnas de administraci\u00f3n sirve como una herramienta incre\u00edblemente poderosa e invaluable, que atiende tanto a los gerentes y administradores de las tiendas de WooCommerce. Sus impresionantes capacidades permiten una personalizaci\u00f3n perfecta de las columnas que se muestran en el panel de administraci\u00f3n de WooCommerce, asegurando que la informaci\u00f3n que le tenga la m\u00e1xima importancia sea f\u00e1cilmente accesible. Esto abarca una amplia gama de datos vitales, incluidos los detalles del pedido, la informaci\u00f3n del producto y los datos del cliente. La gran facilidad de uso y la configurabilidad excepcional de este complemento le permite adaptar sin esfuerzo la configuraci\u00f3n de columnas para alinearse con precisi\u00f3n con sus requisitos \u00fanicos. El resultado final se manifiesta en un flujo de trabajo significativamente simplificado y altamente eficiente, mejorando enormemente su capacidad para administrar su tienda WooCommerce de manera efectiva. Con las columnas de administraci\u00f3n pro wooCommerce complement a su disposici\u00f3n, si su objetivo gira en torno a monitorear diligentemente el inventario, rastrear las \u00f3rdenes de los clientes con la m\u00e1xima claridad o analizar meticulosamente los datos de ventas, tenga la seguridad de que est\u00e1 equipado para abordar estas tareas y m\u00e1s.<\/p>\n<ul>\n<li>Agrega nuevas columnas al tablero de la tienda WooCommerce<\/li>\n<li>Permite una f\u00e1cil clasificaci\u00f3n y filtrado de columnas<\/li>\n<li>Permite un acceso r\u00e1pido a informaci\u00f3n importante del producto<\/li>\n<li>Ahorra tiempo y aumenta la eficiencia para la gesti\u00f3n de las tiendas<\/li>\n<li>Opciones de columna personalizables para adaptarse a las necesidades de la tienda individual<\/li>\n<li>Admite m\u00faltiples idiomas para tiendas de comercio electr\u00f3nico global<\/li>\n<li>Ofrece compatibilidad con otros complementos y complementos de WooCommerce<\/li>\n<li>Interfaz f\u00e1cil de usar para una f\u00e1cil configuraci\u00f3n y utilizaci\u00f3n<\/li>\n<li>Actualizaciones regulares y atenci\u00f3n al cliente para un rendimiento \u00f3ptimo<\/li>\n<\/ul>\n","protected":false},"excerpt":{"rendered":"<p>El complemento Pro WooCommerce de las columnas de administraci\u00f3n es una herramienta poderosa con caracter\u00edsticas dise\u00f1adas para mejorar la gesti\u00f3n de su tienda WooCommerce. Ofrece la capacidad de personalizar el inventario de su producto, por lo que es un activo muy \u00fatil para su negocio de WooCommerce. Este complemento le permite reestructurar la categorizaci\u00f3n de su producto, mejorando la navegaci\u00f3n general de su tienda.<\/p>\n<p>Esta herramienta permite una integraci\u00f3n perfecta de columnas en WooCommerce, presentando informaci\u00f3n vital como n\u00fameros de SKU, niveles de inventario y detalles de precios a sus clientes. El administrador Pro para WooCommerce es fundamental para racionalizar las operaciones de su tienda, lo que hace que la gesti\u00f3n sea m\u00e1s eficiente.<\/p>\n<p>Adem\u00e1s, proporciona opciones de configuraci\u00f3n flexibles para WooCommerce, lo que le permite personalizar su tienda para satisfacer sus necesidades comerciales espec\u00edficas. Con la ayuda de las columnas de administraci\u00f3n pro WooCommerce Addon, puede administrar efectivamente sus n\u00fameros de SKU en WooCommerce, as\u00ed como realizar un seguimiento de los niveles de inventario.<\/p>\n<p>El complemento est\u00e1 dise\u00f1ado para maximizar sus tasas de conversi\u00f3n, y se espera que aumente dr\u00e1sticamente sus ventas. Es la clave para la gesti\u00f3n transformadora de las tiendas de WooCommerce, que ofrece un soporte incomparable para todos<\/p>\n","protected":false},"featured_media":165272,"comment_status":"open","ping_status":"open","template":"","meta":[],"product_brand":[2346],"product_cat":[1208,1207,1206],"product_tag":[1210],"class_list":{"0":"post-120867","1":"product","2":"type-product","3":"status-publish","4":"has-post-thumbnail","6":"product_brand-admin-columns-pro","7":"product_cat-administracion","8":"product_cat-comercio-electronico-plugins","9":"product_cat-plugins","10":"product_tag-admin-columns-pro","11":"member-discount","12":"discount-restricted","14":"first","15":"instock","16":"sale","17":"downloadable","18":"virtual","19":"sold-individually","20":"purchasable","21":"product-type-simple"},"_links":{"self":[{"href":"https:\/\/gpl-love.com\/es\/wp-json\/wp\/v2\/product\/120867","targetHints":{"allow":["GET"]}}],"collection":[{"href":"https:\/\/gpl-love.com\/es\/wp-json\/wp\/v2\/product"}],"about":[{"href":"https:\/\/gpl-love.com\/es\/wp-json\/wp\/v2\/types\/product"}],"replies":[{"embeddable":true,"href":"https:\/\/gpl-love.com\/es\/wp-json\/wp\/v2\/comments?post=120867"}],"wp:featuredmedia":[{"embeddable":true,"href":"https:\/\/gpl-love.com\/es\/wp-json\/wp\/v2\/media\/165272"}],"wp:attachment":[{"href":"https:\/\/gpl-love.com\/es\/wp-json\/wp\/v2\/media?parent=120867"}],"wp:term":[{"taxonomy":"product_brand","embeddable":true,"href":"https:\/\/gpl-love.com\/es\/wp-json\/wp\/v2\/product_brand?post=120867"},{"taxonomy":"product_cat","embeddable":true,"href":"https:\/\/gpl-love.com\/es\/wp-json\/wp\/v2\/product_cat?post=120867"},{"taxonomy":"product_tag","embeddable":true,"href":"https:\/\/gpl-love.com\/es\/wp-json\/wp\/v2\/product_tag?post=120867"}],"curies":[{"name":"wp","href":"https:\/\/api.w.org\/{rel}","templated":true}]}}