{"id":120865,"date":"2022-03-24T00:00:00","date_gmt":"2022-03-24T05:00:00","guid":{"rendered":"https:\/\/gpl-love.com\/es\/producto\/admin-columns-pro-toolset-types\/"},"modified":"2026-03-09T07:15:51","modified_gmt":"2026-03-09T12:15:51","slug":"admin-columns-pro-toolset-types","status":"publish","type":"product","link":"https:\/\/gpl-love.com\/es\/producto\/admin-columns-pro-toolset-types\/","title":{"rendered":"Admin Columns Pro Toolset Types 1.8"},"content":{"rendered":"<h3>Admin Columns Pro Toolset Types Caracteristicas<\/h3>\n<p>Los tipos de redes de herramientas de administrador de administrador son una herramienta robusta y abarcadora que ofrece una amplia gama de funcionalidad mejorada para gestionar efectivamente los tipos y taxonom\u00edas personalizadas dentro de la plataforma de WordPress. Al proporcionar a los administradores la capacidad perfecta de adaptar sin esfuerzo las columnas y campos que se exhiben en el tablero de WordPress, esta herramienta mejora significativamente la eficiencia de la gesti\u00f3n de contenido y los procesos de organizaci\u00f3n. Adem\u00e1s, esta herramienta incorpora capacidades avanzadas de filtrado y clasificaci\u00f3n, adem\u00e1s de habilitar la edici\u00f3n masiva y las funcionalidades de exportaci\u00f3n de datos. Con una interfaz f\u00e1cil de usar y un arsenal de caracter\u00edsticas poderosas, los tipos de conjunto de herramientas Pro de columnas de administraci\u00f3n emergen indudablemente como un recurso indispensable para las personas que buscan optimizar su flujo de trabajo de WordPress y reforzar los niveles generales de productividad.<\/p>\n<ul>\n<li>Una herramienta poderosa para administrar y personalizar columnas en las p\u00e1ginas de administraci\u00f3n de WordPress<\/li>\n<li>Compatible con el complemento de tipos de conjunto de herramientas, proporcionando a\u00fan m\u00e1s flexibilidad y control sobre su pantalla de contenido<\/li>\n<li>Le permite agregar, eliminar o modificar columnas de manera r\u00e1pida y f\u00e1cil, sin requerido ning\u00fan conocimiento de codificaci\u00f3n<\/li>\n<li>Ofrece una interfaz f\u00e1cil de usar con funcionalidad de arrastrar y soltar para la personalizaci\u00f3n sin esfuerzo<\/li>\n<li>Habilita la clasificaci\u00f3n, el filtrado y la b\u00fasqueda de columnas, lo que facilita la b\u00fasqueda de la informaci\u00f3n que necesita<\/li>\n<li>Ofrece soporte para tipos de publicaciones personalizados, taxonom\u00edas y campos, por lo que tiene un control completo sobre su gesti\u00f3n de contenido.<\/li>\n<li>Viene con una gama de columnas pre-construidas, incluidos valores de campo personalizados, im\u00e1genes en miniatura, informaci\u00f3n del autor y m\u00e1s<\/li>\n<li>Proporciona caracter\u00edsticas avanzadas como edici\u00f3n en l\u00ednea, formato condicional y control de visibilidad de columnas, lo que le brinda a\u00fan m\u00e1s potencia para adaptar sus p\u00e1ginas de administraci\u00f3n a sus necesidades.<\/li>\n<\/ul>\n","protected":false},"excerpt":{"rendered":"<p>El complemento de tipos de conjunto de herramientas Pro Tools es un complemento de WordPress incre\u00edblemente eficiente que proporciona una plataforma robusta para exhibir campos personalizados dentro de WordPress. Esta herramienta le permite manejar las columnas de datos con columnas de administraci\u00f3n Pro con facilidad, brind\u00e1ndole la capacidad de incorporar, modificar y organizar varios conjuntos de columnas de datos.<\/p>\n<p>El complemento ofrece una excelente clasificaci\u00f3n y filtrado de columnas de datos, junto con una excelente funcionalidad de b\u00fasqueda en las columnas de administraci\u00f3n PRO, lo que lo convierte en una herramienta indispensable para usuarios administrativos que tratan con intrincadas colecciones de datos. Estas caracter\u00edsticas no solo mejoran la eficiencia del proceso de trabajo, sino que tambi\u00e9n aceleran las tareas con las columnas de administraci\u00f3n PRO, lo que aumenta la productividad.<\/p>\n<p>El complemento de tipos de conjunto de herramientas de las columnas de administraci\u00f3n no solo sirve a los administradores; Tambi\u00e9n mejora la experiencia de navegaci\u00f3n para sus visitantes. Las ventajas de los tipos de conjunto de herramientas de las columnas de administrador son numerosas, incluida su incorporaci\u00f3n perfecta de conjuntos de datos, por lo que es una herramienta imprescindible para cualquier persona que busque optimizar su experiencia de WordPress.<\/p>\n","protected":false},"featured_media":165271,"comment_status":"open","ping_status":"open","template":"","meta":[],"product_brand":[2346],"product_cat":[1212,1206,1211],"product_tag":[1210],"class_list":{"0":"post-120865","1":"product","2":"type-product","3":"status-publish","4":"has-post-thumbnail","6":"product_brand-admin-columns-pro","7":"product_cat-administracion-wordpress-plugins","8":"product_cat-plugins","9":"product_cat-wordpress-plugins","10":"product_tag-admin-columns-pro","11":"member-discount","12":"discount-restricted","14":"first","15":"instock","16":"sale","17":"downloadable","18":"virtual","19":"sold-individually","20":"purchasable","21":"product-type-simple"},"_links":{"self":[{"href":"https:\/\/gpl-love.com\/es\/wp-json\/wp\/v2\/product\/120865","targetHints":{"allow":["GET"]}}],"collection":[{"href":"https:\/\/gpl-love.com\/es\/wp-json\/wp\/v2\/product"}],"about":[{"href":"https:\/\/gpl-love.com\/es\/wp-json\/wp\/v2\/types\/product"}],"replies":[{"embeddable":true,"href":"https:\/\/gpl-love.com\/es\/wp-json\/wp\/v2\/comments?post=120865"}],"wp:featuredmedia":[{"embeddable":true,"href":"https:\/\/gpl-love.com\/es\/wp-json\/wp\/v2\/media\/165271"}],"wp:attachment":[{"href":"https:\/\/gpl-love.com\/es\/wp-json\/wp\/v2\/media?parent=120865"}],"wp:term":[{"taxonomy":"product_brand","embeddable":true,"href":"https:\/\/gpl-love.com\/es\/wp-json\/wp\/v2\/product_brand?post=120865"},{"taxonomy":"product_cat","embeddable":true,"href":"https:\/\/gpl-love.com\/es\/wp-json\/wp\/v2\/product_cat?post=120865"},{"taxonomy":"product_tag","embeddable":true,"href":"https:\/\/gpl-love.com\/es\/wp-json\/wp\/v2\/product_tag?post=120865"}],"curies":[{"name":"wp","href":"https:\/\/api.w.org\/{rel}","templated":true}]}}