{"id":120863,"date":"2022-03-24T00:00:00","date_gmt":"2022-03-24T05:00:00","guid":{"rendered":"https:\/\/gpl-love.com\/es\/producto\/admin-columns-pro-pods\/"},"modified":"2026-03-09T07:15:50","modified_gmt":"2026-03-09T12:15:50","slug":"admin-columns-pro-pods","status":"publish","type":"product","link":"https:\/\/gpl-love.com\/es\/producto\/admin-columns-pro-pods\/","title":{"rendered":"Admin Columns Pro Pods 1.7"},"content":{"rendered":"<h3>Admin Columns Pro Pods Caracteristicas<\/h3>\n<p>Admin Columns Pro PODS es un complemento muy robusto que se ha desarrollado espec\u00edficamente para aumentar significativamente la funcionalidad general de los sitios web de WordPress. Al utilizar este complemento de vanguardia, los usuarios pueden administrar y mostrar sin esfuerzo campos personalizados que han sido creados expertos con el complemento PODS inmensamente popular. Adem\u00e1s, esta invaluable herramienta ofrece una interfaz excepcionalmente f\u00e1cil de usar que facilita efectivamente la gesti\u00f3n eficiente de los campos personalizados, todo al tiempo que permite a los usuarios mostrarlos prominentemente dentro de sus columnas de administraci\u00f3n de WordPress. En consecuencia, este complemento ingenioso optimiza en gran medida la ardua tarea de supervisar y modificar el contenido del sitio web, lo que finalmente conduce a ahorros sustanciales en t\u00e9rminos de tiempo y energ\u00eda. Como si sus caracter\u00edsticas existentes no fueran lo suficientemente impresionantes, este complemento tambi\u00e9n cuenta con una amplia gama de capacidades avanzadas, incluidas, entre otros, el filtrado, la clasificaci\u00f3n y la edici\u00f3n en l\u00ednea, lo que otorga colectivamente a los usuarios el dominio absoluto sobre los datos de su sitio web. Cuando se toma en su totalidad, queda muy claro que las columnas de administrador pro pods es un complemento indispensable que es una necesidad absoluta para cualquier sitio de WordPress que se basa ampliamente en la utilizaci\u00f3n de campos personalizados creados con la ayuda de las vainas.<\/p>\n<ul>\n<li>Admin Columns Pro PODS es un poderoso complemento de WordPress que permite a los usuarios personalizar sus columnas y vainas de administraci\u00f3n.<\/li>\n<li>Con este complemento, los usuarios pueden agregar o eliminar f\u00e1cilmente columnas, cambiar los encabezados de columnas y arrastrar y soltar columnas para personalizar su pantalla de administraci\u00f3n.<\/li>\n<li>Este complemento es ideal para administradores de sitios de WordPress que desean mejorar su productividad y optimizar su flujo de trabajo.<\/li>\n<li>Las columnas de administraci\u00f3n Pro PERDS Permiten a los usuarios acceder a datos espec\u00edficos y ahorrar tiempo mostrando datos que son relevantes para ellos en las columnas.<\/li>\n<li>El complemento es vers\u00e1til y funciona con una gama de complementos de terceros populares, como WooCommerce, Yoast SEO y campos personalizados avanzados.<\/li>\n<li>Con las columnas de administraci\u00f3n pro pods, los usuarios pueden mejorar el rendimiento y la organizaci\u00f3n de su sitio mediante la creaci\u00f3n de vainas din\u00e1micas personalizadas, que pueden editarse f\u00e1cilmente e incluir tipos de publicaci\u00f3n personalizados, taxonom\u00edas y campos.<\/li>\n<li>El complemento est\u00e1 dise\u00f1ado para ser f\u00e1cil de usar e intuitivo, con una interfaz simple y f\u00e1cil de usar que cualquiera puede navegar.<\/li>\n<li>Admin Columns Pro PODS tambi\u00e9n ofrece caracter\u00edsticas premium, como la funcionalidad de exportaci\u00f3n e importaci\u00f3n, el formato condicional y el filtrado.<\/li>\n<li>El complemento se actualiza y mantiene regularmente, asegurando que permanezca compatible con las \u00faltimas versiones de WordPress y complementos de terceros.<\/li>\n<li>Finalmente, Admin Columns Pro PODS ofrece atenci\u00f3n al cliente excepcional, con un equipo dedicado de expertos para ayudar a los usuarios con cualquier pregunta o problema que puedan encontrar.<\/li>\n<\/ul>\n","protected":false},"excerpt":{"rendered":"<p>\u00bfTe esfuerzas por obtener el comando sobre tu personalizaci\u00f3n de columnas de administraci\u00f3n de WordPress? Su b\u00fasqueda termina con la herramienta Pro PODS de administrador, la soluci\u00f3n definitiva para las columnas de administraci\u00f3n de WordPress. Al hacer un uso eficiente de las columnas de administraci\u00f3n pro pods, personalizar sus columnas de administraci\u00f3n de WordPress se convierte en un pedazo de pastel. Muestre datos personalizados en WordPress desde cualquier campo o datos personalizados extra\u00eddos de la configuraci\u00f3n de su vaina para WordPress.<\/p>\n<p>Esta herramienta se destaca en la organizaci\u00f3n de columnas de administraci\u00f3n de WordPress, filtrando datos de WordPress y consolidando datos de WordPress para adquirir la vista exacta que necesita. Mejorar la productividad con las columnas de administraci\u00f3n Pro PODS es un dado, con la ventaja adicional de ser una herramienta de WordPress que ahorra tiempo.<\/p>\n<p>La gesti\u00f3n de sitios de WordPress sin costura ya no es un sue\u00f1o lejano, gracias a las columnas de administrador pro pods. Esta herramienta no solo lo ayuda a conservar un tiempo valioso, sino que tambi\u00e9n aumenta su productividad, lo que permite una gesti\u00f3n eficiente de su sitio de WordPress. De hecho, esta herramienta es la soluci\u00f3n definitiva para aquellos que buscan obtener el comando sobre las columnas de administraci\u00f3n de WordPress y administrar su sitio de WordPress con columnas de administraci\u00f3n pro pods.<\/p>\n","protected":false},"featured_media":165270,"comment_status":"open","ping_status":"open","template":"","meta":[],"product_brand":[2346],"product_cat":[1212,1206,1211],"product_tag":[1210],"class_list":{"0":"post-120863","1":"product","2":"type-product","3":"status-publish","4":"has-post-thumbnail","6":"product_brand-admin-columns-pro","7":"product_cat-administracion-wordpress-plugins","8":"product_cat-plugins","9":"product_cat-wordpress-plugins","10":"product_tag-admin-columns-pro","11":"member-discount","12":"discount-restricted","14":"first","15":"instock","16":"sale","17":"downloadable","18":"virtual","19":"sold-individually","20":"purchasable","21":"product-type-simple"},"_links":{"self":[{"href":"https:\/\/gpl-love.com\/es\/wp-json\/wp\/v2\/product\/120863","targetHints":{"allow":["GET"]}}],"collection":[{"href":"https:\/\/gpl-love.com\/es\/wp-json\/wp\/v2\/product"}],"about":[{"href":"https:\/\/gpl-love.com\/es\/wp-json\/wp\/v2\/types\/product"}],"replies":[{"embeddable":true,"href":"https:\/\/gpl-love.com\/es\/wp-json\/wp\/v2\/comments?post=120863"}],"wp:featuredmedia":[{"embeddable":true,"href":"https:\/\/gpl-love.com\/es\/wp-json\/wp\/v2\/media\/165270"}],"wp:attachment":[{"href":"https:\/\/gpl-love.com\/es\/wp-json\/wp\/v2\/media?parent=120863"}],"wp:term":[{"taxonomy":"product_brand","embeddable":true,"href":"https:\/\/gpl-love.com\/es\/wp-json\/wp\/v2\/product_brand?post=120863"},{"taxonomy":"product_cat","embeddable":true,"href":"https:\/\/gpl-love.com\/es\/wp-json\/wp\/v2\/product_cat?post=120863"},{"taxonomy":"product_tag","embeddable":true,"href":"https:\/\/gpl-love.com\/es\/wp-json\/wp\/v2\/product_tag?post=120863"}],"curies":[{"name":"wp","href":"https:\/\/api.w.org\/{rel}","templated":true}]}}