{"id":120861,"date":"2021-09-23T00:00:00","date_gmt":"2021-09-23T05:00:00","guid":{"rendered":"https:\/\/gpl-love.com\/es\/producto\/admin-columns-pro-ninja-forms\/"},"modified":"2026-03-09T07:15:49","modified_gmt":"2026-03-09T12:15:49","slug":"admin-columns-pro-ninja-forms","status":"publish","type":"product","link":"https:\/\/gpl-love.com\/es\/producto\/admin-columns-pro-ninja-forms\/","title":{"rendered":"Admin Columns Pro Ninja Forms 1.5"},"content":{"rendered":"<h3>Admin Columns Pro Ninja Forms Caracteristicas<\/h3>\n<p>El complemento de formularios Ninja de columnas de administraci\u00f3n es un complemento de WordPress incre\u00edblemente robusto y potente que ofrece la capacidad \u00fanica de establecer y dise\u00f1ar columnas personalizadas espec\u00edficamente adaptadas para sus presentaciones de formularios ninja. Al incorporar este complemento en su sitio web de WordPress, podr\u00e1 manejar y examinar sin esfuerzo sus env\u00edos de formularios de una manera mucho m\u00e1s f\u00e1cil de usar y l\u00f3gica. Esto se logra integrando perfectamente columnas personalizadas en la descripci\u00f3n general de los env\u00edos, lo que finalmente resulta en una experiencia m\u00e1s simplificada y eficiente. Adem\u00e1s, el complemento cuenta con una variedad impresionante de columnas preexistentes para elegir, incluida la fecha de env\u00edo, la direcci\u00f3n IP del usuario y el t\u00edtulo de formulario, entre otras. Sin embargo, la verdadera belleza se encuentra dentro de la capacidad del complemento para brindar a sus usuarios la oportunidad de crear sus propias columnas personalizadas y personalizadas basadas en los datos espec\u00edficos que desean leer. Este nivel incomparable de personalizaci\u00f3n es realmente incomparable. Adem\u00e1s, el complemento otorga gentilmente a los usuarios la opci\u00f3n de filtrar y ordenar sus presentaciones en funci\u00f3n de cualquiera de las columnas que han agregado cuidadosamente. Esta caracter\u00edstica invaluable permite un enfoque considerablemente m\u00e1s simplificado y efectivo para administrar y analizar sus presentaciones de formularios ninja. En conclusi\u00f3n, no hace falta decir que el complemento de formularios Ninja de columnas de administraci\u00f3n es una herramienta necesaria e indispensable para cualquier persona que busque mejorar la gesti\u00f3n y el an\u00e1lisis general de sus presentaciones de formularios ninja.<\/p>\n<ul>\n<li>Simplifica la gesti\u00f3n de los env\u00edos de formularios ninja<\/li>\n<li>Agrega columnas personalizadas a la tabla de env\u00edo de formularios ninja<\/li>\n<li>Admite varios tipos de columnas, incluidos los datos de usuario, post y taxonom\u00eda<\/li>\n<li>Habilita el filtrado de env\u00edos basados \u200b\u200ben columnas personalizadas<\/li>\n<li>Permite la clasificaci\u00f3n de env\u00edos utilizando columnas personalizadas<\/li>\n<li>Ofrece edici\u00f3n en l\u00ednea de columnas personalizadas para actualizaciones r\u00e1pidas<\/li>\n<li>Proporciona opciones de exportaci\u00f3n para columnas y env\u00edos personalizados<\/li>\n<li>Se integra a la perfecci\u00f3n con las columnas de administraci\u00f3n Pro para una experiencia integral de personalizaci\u00f3n de interfaz de administraci\u00f3n.<\/li>\n<\/ul>\n","protected":false},"excerpt":{"rendered":"<p>Admin Columns Pro Ninja Forms es una herramienta poderosa que permite a los usuarios crear tablas din\u00e1micas con formularios ninja sin esfuerzo. La funcionalidad mejorada de los formularios Ninja se amplifica con este complemento, que proporciona columnas personalizables para formularios ninja, lo que hace que la administraci\u00f3n de los datos de los formularios Ninja sea muy f\u00e1cil.<\/p>\n<p>Esta gesti\u00f3n de datos eficiente con formularios Ninja es posible por la capacidad de clasificar y filtrar entradas con facilidad. Las vistas personalizadas con las columnas de administraci\u00f3n pro ninja simplifican a\u00fan m\u00e1s el proceso, lo que lo hace m\u00e1s f\u00e1cil de usar. El complemento tambi\u00e9n tiene la capacidad adicional de exportar datos de formularios ninja a formatos CSV, Excel o PDF, lo que se suma a la adaptabilidad de las columnas de administraci\u00f3n Pro Ninja Forms.<\/p>\n<p>El complemento sirve como la soluci\u00f3n ideal para administrar datos de formularios ninja para diferentes usuarios. Es perfecto para propietarios de sitios web que desean mejorar la gesti\u00f3n de su sitio, los desarrolladores que requieren una herramienta de gesti\u00f3n de datos flexible y f\u00e1cil de usar, y vendedores que necesitan manejar grandes vol\u00famenes de datos. Por lo tanto, las columnas de administraci\u00f3n pro ninja es una herramienta indispensable para una gesti\u00f3n de datos eficiente y sin problemas.<\/p>\n","protected":false},"featured_media":165269,"comment_status":"open","ping_status":"open","template":"","meta":[],"product_brand":[2346],"product_cat":[1216,1206,1211],"product_tag":[1210],"class_list":{"0":"post-120861","1":"product","2":"type-product","3":"status-publish","4":"has-post-thumbnail","6":"product_brand-admin-columns-pro","7":"product_cat-formas","8":"product_cat-plugins","9":"product_cat-wordpress-plugins","10":"product_tag-admin-columns-pro","11":"member-discount","12":"discount-restricted","14":"first","15":"instock","16":"sale","17":"downloadable","18":"virtual","19":"sold-individually","20":"purchasable","21":"product-type-simple"},"_links":{"self":[{"href":"https:\/\/gpl-love.com\/es\/wp-json\/wp\/v2\/product\/120861","targetHints":{"allow":["GET"]}}],"collection":[{"href":"https:\/\/gpl-love.com\/es\/wp-json\/wp\/v2\/product"}],"about":[{"href":"https:\/\/gpl-love.com\/es\/wp-json\/wp\/v2\/types\/product"}],"replies":[{"embeddable":true,"href":"https:\/\/gpl-love.com\/es\/wp-json\/wp\/v2\/comments?post=120861"}],"wp:featuredmedia":[{"embeddable":true,"href":"https:\/\/gpl-love.com\/es\/wp-json\/wp\/v2\/media\/165269"}],"wp:attachment":[{"href":"https:\/\/gpl-love.com\/es\/wp-json\/wp\/v2\/media?parent=120861"}],"wp:term":[{"taxonomy":"product_brand","embeddable":true,"href":"https:\/\/gpl-love.com\/es\/wp-json\/wp\/v2\/product_brand?post=120861"},{"taxonomy":"product_cat","embeddable":true,"href":"https:\/\/gpl-love.com\/es\/wp-json\/wp\/v2\/product_cat?post=120861"},{"taxonomy":"product_tag","embeddable":true,"href":"https:\/\/gpl-love.com\/es\/wp-json\/wp\/v2\/product_tag?post=120861"}],"curies":[{"name":"wp","href":"https:\/\/api.w.org\/{rel}","templated":true}]}}