{"id":120859,"date":"2022-03-24T00:00:00","date_gmt":"2022-03-24T05:00:00","guid":{"rendered":"https:\/\/gpl-love.com\/es\/producto\/admin-columns-pro-meta-box\/"},"modified":"2026-03-09T07:15:47","modified_gmt":"2026-03-09T12:15:47","slug":"admin-columns-pro-meta-box","status":"publish","type":"product","link":"https:\/\/gpl-love.com\/es\/producto\/admin-columns-pro-meta-box\/","title":{"rendered":"Admin Columns Pro Meta Box 1.3"},"content":{"rendered":"<h3>Admin Columns Pro Meta Box Caracteristicas<\/h3>\n<p>El cuadro Pro Meta Box de administrador es una herramienta extremadamente robusta e influyente que se ha creado espec\u00edficamente para optimizar la funcionalidad de las columnas de administraci\u00f3n de WordPress. Este complemento inmensamente \u00fatil permite a los usuarios integrar a la perfecci\u00f3n campos personalizados en sus columnas de administraci\u00f3n, simplificando as\u00ed la tarea de monitorear y organizar datos cruciales. En virtud de su interfaz incre\u00edblemente f\u00e1cil de usar, los individuos pueden configurar y administrar de manera efectiva columnas en una amplia gama de tipos de publicaciones, como p\u00e1ginas, publicaciones, medios e incluso tipos de publicaciones personalizadas. Adem\u00e1s, este complemento proporciona soporte para una mir\u00edada de caracter\u00edsticas avanzadas, que incluyen, entre otros, filtrar, clasificar y exportar datos, todos los cuales sirven para economizar el tiempo y aumentar la productividad general. A fin de cuentas, las columnas de administrador pro meta box demuestran ser una soluci\u00f3n excepcionalmente vers\u00e1til para los usuarios de WordPress que est\u00e1n interesados \u200b\u200ben optimizar sus columnas de administraci\u00f3n y mejorar significativamente su flujo de trabajo.<\/p>\n<ul>\n<li>Una herramienta poderosa y flexible para administrar sus metadatos de WordPress<\/li>\n<li>Le permite crear meta cuadros personalizados con solo unos pocos clics<\/li>\n<li>Personalice la apariencia y la funcionalidad de cada meta caja para satisfacer sus necesidades<\/li>\n<li>Administre y edite sus metadatos directamente desde el tablero de administraci\u00f3n de WordPress<\/li>\n<li>Admite una amplia gama de tipos de campo, que incluyen texto, casillas de verificaci\u00f3n, botones de radio y m\u00e1s<\/li>\n<li>Integre f\u00e1cilmente sus meta cajas personalizadas con sus temas y complementos de WordPress<\/li>\n<li>Desbloquee todo el potencial de su sitio de WordPress tomando el control de sus metadatos<\/li>\n<li>Empodera a tu equipo con la capacidad de administrar y editar campos personalizados sin tener que acceder al c\u00f3digo de backend<\/li>\n<li>Ahorre tiempo y agilice su flujo de trabajo simplificando el proceso de creaci\u00f3n y administraci\u00f3n de metadatos personalizados.<\/li>\n<\/ul>\n","protected":false},"excerpt":{"rendered":"<p>Admin Columns Pro Meta Box es un complemento \u00fanico lleno de funciones que lo equipa con las herramientas para personalizar su sitio web de WordPress sin esfuerzo. Las caracter\u00edsticas robustas de las columnas de administrador pro meta box le proporcionan la capacidad de administrar los datos de su sitio web de manera m\u00e1s efectiva.<\/p>\n<p>Este complemento le permite crear meta cajas a medida, lo que permite una integraci\u00f3n perfecta de diversos campos dentro de estas cajas. Desde campos de texto convencionales hasta la personalizaci\u00f3n de casillas de verificaci\u00f3n vers\u00e1tiles con columnas de administraci\u00f3n pro meta casilla, las opciones son ilimitadas. Tambi\u00e9n puede incluir la personalizaci\u00f3n de los botones de radio con columnas de administraci\u00f3n pro meta box, que ofrece un nivel de personalizaci\u00f3n incomparable.<\/p>\n<p>La facilidad de uso de las columnas de administraci\u00f3n Pro Meta Box es otra caracter\u00edstica sobresaliente, lo que le permite crear dise\u00f1os impresionantes que se mezclen sin problemas con la identidad de su marca. La armonizaci\u00f3n de identidad de marca con columnas de administraci\u00f3n pro meta box garantiza una consistencia en la est\u00e9tica de su sitio web.<\/p>\n<p>Aprovechar el poder de las columnas de administraci\u00f3n Pro Meta Box le brinda una autoridad distinta sobre los datos de su sitio web. Puede optimizar su flujo de trabajo con columnas de administraci\u00f3n pro meta caja, aumentando los niveles de eficiencia.<\/p>\n","protected":false},"featured_media":165268,"comment_status":"open","ping_status":"open","template":"","meta":[],"product_brand":[2346],"product_cat":[1212,1206,1211],"product_tag":[1210],"class_list":{"0":"post-120859","1":"product","2":"type-product","3":"status-publish","4":"has-post-thumbnail","6":"product_brand-admin-columns-pro","7":"product_cat-administracion-wordpress-plugins","8":"product_cat-plugins","9":"product_cat-wordpress-plugins","10":"product_tag-admin-columns-pro","11":"member-discount","12":"discount-restricted","14":"first","15":"instock","16":"sale","17":"downloadable","18":"virtual","19":"sold-individually","20":"purchasable","21":"product-type-simple"},"_links":{"self":[{"href":"https:\/\/gpl-love.com\/es\/wp-json\/wp\/v2\/product\/120859","targetHints":{"allow":["GET"]}}],"collection":[{"href":"https:\/\/gpl-love.com\/es\/wp-json\/wp\/v2\/product"}],"about":[{"href":"https:\/\/gpl-love.com\/es\/wp-json\/wp\/v2\/types\/product"}],"replies":[{"embeddable":true,"href":"https:\/\/gpl-love.com\/es\/wp-json\/wp\/v2\/comments?post=120859"}],"wp:featuredmedia":[{"embeddable":true,"href":"https:\/\/gpl-love.com\/es\/wp-json\/wp\/v2\/media\/165268"}],"wp:attachment":[{"href":"https:\/\/gpl-love.com\/es\/wp-json\/wp\/v2\/media?parent=120859"}],"wp:term":[{"taxonomy":"product_brand","embeddable":true,"href":"https:\/\/gpl-love.com\/es\/wp-json\/wp\/v2\/product_brand?post=120859"},{"taxonomy":"product_cat","embeddable":true,"href":"https:\/\/gpl-love.com\/es\/wp-json\/wp\/v2\/product_cat?post=120859"},{"taxonomy":"product_tag","embeddable":true,"href":"https:\/\/gpl-love.com\/es\/wp-json\/wp\/v2\/product_tag?post=120859"}],"curies":[{"name":"wp","href":"https:\/\/api.w.org\/{rel}","templated":true}]}}