{"id":120857,"date":"2022-09-26T00:00:00","date_gmt":"2022-09-26T05:00:00","guid":{"rendered":"https:\/\/gpl-love.com\/es\/producto\/admin-columns-pro-events-calendar\/"},"modified":"2026-03-09T07:15:45","modified_gmt":"2026-03-09T12:15:45","slug":"admin-columns-pro-events-calendar","status":"publish","type":"product","link":"https:\/\/gpl-love.com\/es\/producto\/admin-columns-pro-events-calendar\/","title":{"rendered":"Admin Columns Pro Events Calendar 1.7.1"},"content":{"rendered":"<h3>Admin Columns Pro Events Calendar Caracteristicas<\/h3>\n<p>El calendario de Eventos de Admin Columns Pro es una herramienta muy robusta y eficiente que presenta a los usuarios la conveniente oportunidad de administrar y personalizar sin esfuerzo sus calendarios de eventos de WordPress. Por medio de su interfaz de arrastrar y soltar f\u00e1cilmente de uso, los usuarios se otorgan la capacidad de incorporar, eliminar y reorganizar columnas, lo que les permite exhibir la informaci\u00f3n deseada. Este complemento proporciona a los usuarios alternativas de filtrado sofisticadas y la capacidad de editar m\u00faltiples eventos simult\u00e1neamente, simplificando as\u00ed el proceso de actualizar r\u00e1pidamente numerosos eventos a la vez. Adem\u00e1s, la integraci\u00f3n perfecta del calendario de eventos PRO de columnas de administraci\u00f3n con complementos estimados como WooCommerce y Forms de gravedad lo convierte en una soluci\u00f3n incre\u00edblemente vers\u00e1til que puede satisfacer las diversas necesidades de cualquier sitio de WordPress. En resumen, el calendario de eventos Pro de columnas de administraci\u00f3n sirve indiscutiblemente como una herramienta indispensable para las personas que buscan optimizar su flujo de trabajo de gesti\u00f3n de eventos y enriquecer su calendario de WordPress.<\/p>\n<ul>\n<li>Capacidad para personalizar las columnas en el calendario de eventos<\/li>\n<li>Interfaz f\u00e1cil de arrastrar y soltar para reorganizar columnas<\/li>\n<li>Capacidad para ordenar eventos basados \u200b\u200ben criterios de columna<\/li>\n<li>Opci\u00f3n para mostrar\/ocultar columnas espec\u00edficas<\/li>\n<li>Edici\u00f3n r\u00e1pida de detalles del evento directamente desde la vista del calendario<\/li>\n<li>Integraci\u00f3n con otros complementos como WooCommerce y Formularios de gravedad<\/li>\n<li>Filtros adicionales y opciones de b\u00fasqueda para encontrar eventos espec\u00edficos<\/li>\n<li>Opci\u00f3n para exportar datos de eventos para su posterior an\u00e1lisis<\/li>\n<li>Integraci\u00f3n perfecta con el panel de administrador de WordPress.<\/li>\n<\/ul>\n","protected":false},"excerpt":{"rendered":"<p>El Calendario de Eventos Pro Couse de Administry es una herramienta de gesti\u00f3n de eventos rica en caracter\u00edsticas que convierte la tarea desafiante de administrar y mostrar eventos en un proceso simple. Este impresionante complemento del popular complemento de WordPress, Admin Columns Pro, brinda a los usuarios la capacidad de manejar y exhibir eventos de manera efectiva en un formato de tabla a medida.<\/p>\n<p>Los usuarios pueden organizar sin esfuerzo los detalles del evento, incluidas fechas, horarios, ubicaciones y otros detalles relevantes, y presentarlos de manera clara y concisa. La interfaz f\u00e1cil de usar de Admin Columns Pro permite una visualizaci\u00f3n de eventos sin problemas y una f\u00e1cil edici\u00f3n de datos de eventos.<\/p>\n<p>Adem\u00e1s de ahorrar tiempo, el complemento de WordPress para la gesti\u00f3n de eventos tambi\u00e9n optimiza sus procesos de gesti\u00f3n de eventos. Con el calendario de eventos Pro de columnas de administraci\u00f3n, puede economizar sus esfuerzos y centrarse m\u00e1s en crear eventos atractivos que en tareas administrativas. Experimente la conveniencia de este poderoso complemento y eleve su gesti\u00f3n de eventos de WordPress a nuevas alturas.<\/p>\n","protected":false},"featured_media":165266,"comment_status":"open","ping_status":"open","template":"","meta":[],"product_brand":[2346],"product_cat":[1214,1206,1211],"product_tag":[1210],"class_list":{"0":"post-120857","1":"product","2":"type-product","3":"status-publish","4":"has-post-thumbnail","6":"product_brand-admin-columns-pro","7":"product_cat-personalizacion","8":"product_cat-plugins","9":"product_cat-wordpress-plugins","10":"product_tag-admin-columns-pro","11":"member-discount","12":"discount-restricted","14":"first","15":"instock","16":"sale","17":"downloadable","18":"virtual","19":"sold-individually","20":"purchasable","21":"product-type-simple"},"_links":{"self":[{"href":"https:\/\/gpl-love.com\/es\/wp-json\/wp\/v2\/product\/120857","targetHints":{"allow":["GET"]}}],"collection":[{"href":"https:\/\/gpl-love.com\/es\/wp-json\/wp\/v2\/product"}],"about":[{"href":"https:\/\/gpl-love.com\/es\/wp-json\/wp\/v2\/types\/product"}],"replies":[{"embeddable":true,"href":"https:\/\/gpl-love.com\/es\/wp-json\/wp\/v2\/comments?post=120857"}],"wp:featuredmedia":[{"embeddable":true,"href":"https:\/\/gpl-love.com\/es\/wp-json\/wp\/v2\/media\/165266"}],"wp:attachment":[{"href":"https:\/\/gpl-love.com\/es\/wp-json\/wp\/v2\/media?parent=120857"}],"wp:term":[{"taxonomy":"product_brand","embeddable":true,"href":"https:\/\/gpl-love.com\/es\/wp-json\/wp\/v2\/product_brand?post=120857"},{"taxonomy":"product_cat","embeddable":true,"href":"https:\/\/gpl-love.com\/es\/wp-json\/wp\/v2\/product_cat?post=120857"},{"taxonomy":"product_tag","embeddable":true,"href":"https:\/\/gpl-love.com\/es\/wp-json\/wp\/v2\/product_tag?post=120857"}],"curies":[{"name":"wp","href":"https:\/\/api.w.org\/{rel}","templated":true}]}}