{"id":120855,"date":"2022-03-24T00:00:00","date_gmt":"2022-03-24T05:00:00","guid":{"rendered":"https:\/\/gpl-love.com\/es\/producto\/admin-columns-pro-buddypress-columns\/"},"modified":"2026-03-09T07:15:44","modified_gmt":"2026-03-09T12:15:44","slug":"admin-columns-pro-buddypress-columns","status":"publish","type":"product","link":"https:\/\/gpl-love.com\/es\/producto\/admin-columns-pro-buddypress-columns\/","title":{"rendered":"Admin Columns Pro BuddyPress Columns 1.7"},"content":{"rendered":"<h3>Admin Columns Pro BuddyPress Columns Caracteristicas<\/h3>\n<p>Las columnas Pro BuddyPress Pro BuddyPress es un complemento notablemente robusto que amplifica la funcionalidad de BuddyPress al facilitar a los administradores para administrar y personalizar sin esfuerzo la exhibici\u00f3n de datos del usuario. Este complemento faculta a los usuarios incorporar, eliminar y reorganizar columnas dentro del directorio de usuarios, examinar y modificar r\u00e1pidamente los perfiles de los usuarios, y filtrar y organizar convenientemente los datos del usuario. Adem\u00e1s, este complemento abarca atributos suplementarios como la capacidad de exhibir campos personalizados e im\u00e1genes de avatar, proporcionando as\u00ed a los usuarios un encuentro aumentado, personalizado y simplificado. Ya sea que uno est\u00e9 supervisando una comunidad extensa o un equipo compacto, las columnas de administrador pro buddypress columnas representa sin lugar a dudas un instrumento imperativo e indispensable para cualquier administrador de BuddyPress que aspira a aumentar la eficiencia y la productividad operativas.<\/p>\n<ul>\n<li>Permite al usuario personalizar columnas en tablas de BuddyPress<\/li>\n<li>Agregar, eliminar o reordenar f\u00e1cilmente columnas con la interfaz de arrastrar y soltar<\/li>\n<li>Incluye varios tipos de columnas como texto, fecha, usuario y avatar<\/li>\n<li>Permite clasificar y filtrar por columnas para un an\u00e1lisis de datos m\u00e1s f\u00e1cil<\/li>\n<li>Admite sitios web multiling\u00fces con capacidades listas para la traducci\u00f3n<\/li>\n<li>Proporciona configuraci\u00f3n para la visibilidad de la columna y el acceso a los roles de usuario<\/li>\n<li>Compatible con instalaciones multisitio de WordPress<\/li>\n<li>Actualizaciones y soporte autom\u00e1ticos incluidos con la compra<\/li>\n<\/ul>\n","protected":false},"excerpt":{"rendered":"<p>El complemento de columnas Pro BuddyPress de administrador es una herramienta robusta y rica en caracter\u00edsticas que mejora su capacidad para la gesti\u00f3n eficiente de los usuarios con columnas de BuddyPress. Este complemento le permite incorporar y personalizar las columnas de perfil de BuddyPress de una manera que optimice sus esfuerzos de administraci\u00f3n de usuarios.<\/p>\n<p>Como una herramienta invaluable en las comunidades en l\u00ednea, el complemento Admin Columns Pro lo ayuda a personalizar columnas para los perfiles de usuario de BuddyPress, elevando a\u00fan m\u00e1s la experiencia del usuario. Esta herramienta no solo es \u00fatil para las redes sociales, sino tambi\u00e9n para cualquier plataforma que requiera perfiles de usuario detallados.<\/p>\n<p>La funcionalidad incomparable de las columnas de administraci\u00f3n pro BuddyPress le permite exhibir informaci\u00f3n de usuario pertinente con BuddyPress, haciendo que la administraci\u00f3n de datos del usuario sea f\u00e1cil. Este complemento avanzado tambi\u00e9n admite la visualizaci\u00f3n de membres\u00edas del grupo, lo que se suma a los perfiles detallados para cada usuario.<\/p>\n<p>Con las columnas de administrador pro buddyPress para las redes sociales, puede examinar y organizar datos para ubicar los detalles precisos del usuario que necesita. Esta funcionalidad mejora la experiencia general del usuario, por lo que es una herramienta esencial para cualquier comunidad en l\u00ednea.<\/p>\n<p>En conclusi\u00f3n,<\/p>\n","protected":false},"featured_media":165265,"comment_status":"open","ping_status":"open","template":"","meta":[],"product_brand":[2346],"product_cat":[1214,1206,1211],"product_tag":[1210],"class_list":{"0":"post-120855","1":"product","2":"type-product","3":"status-publish","4":"has-post-thumbnail","6":"product_brand-admin-columns-pro","7":"product_cat-personalizacion","8":"product_cat-plugins","9":"product_cat-wordpress-plugins","10":"product_tag-admin-columns-pro","11":"member-discount","12":"discount-restricted","14":"first","15":"instock","16":"sale","17":"downloadable","18":"virtual","19":"sold-individually","20":"purchasable","21":"product-type-simple"},"_links":{"self":[{"href":"https:\/\/gpl-love.com\/es\/wp-json\/wp\/v2\/product\/120855","targetHints":{"allow":["GET"]}}],"collection":[{"href":"https:\/\/gpl-love.com\/es\/wp-json\/wp\/v2\/product"}],"about":[{"href":"https:\/\/gpl-love.com\/es\/wp-json\/wp\/v2\/types\/product"}],"replies":[{"embeddable":true,"href":"https:\/\/gpl-love.com\/es\/wp-json\/wp\/v2\/comments?post=120855"}],"wp:featuredmedia":[{"embeddable":true,"href":"https:\/\/gpl-love.com\/es\/wp-json\/wp\/v2\/media\/165265"}],"wp:attachment":[{"href":"https:\/\/gpl-love.com\/es\/wp-json\/wp\/v2\/media?parent=120855"}],"wp:term":[{"taxonomy":"product_brand","embeddable":true,"href":"https:\/\/gpl-love.com\/es\/wp-json\/wp\/v2\/product_brand?post=120855"},{"taxonomy":"product_cat","embeddable":true,"href":"https:\/\/gpl-love.com\/es\/wp-json\/wp\/v2\/product_cat?post=120855"},{"taxonomy":"product_tag","embeddable":true,"href":"https:\/\/gpl-love.com\/es\/wp-json\/wp\/v2\/product_tag?post=120855"}],"curies":[{"name":"wp","href":"https:\/\/api.w.org\/{rel}","templated":true}]}}