{"id":120853,"date":"2022-10-14T00:00:00","date_gmt":"2022-10-14T05:00:00","guid":{"rendered":"https:\/\/gpl-love.com\/es\/producto\/admin-columns-pro-advanced-custom-fields-acf\/"},"modified":"2026-03-09T07:15:41","modified_gmt":"2026-03-09T12:15:41","slug":"admin-columns-pro-advanced-custom-fields-acf","status":"publish","type":"product","link":"https:\/\/gpl-love.com\/es\/producto\/admin-columns-pro-advanced-custom-fields-acf\/","title":{"rendered":"Admin Columns Pro Advanced Custom Fields (ACF) 3.0.4"},"content":{"rendered":"<h3>Admin Columns Pro Advanced Custom Fields (ACF) Caracteristicas<\/h3>\n<p>Admin Columns Pro Advanced Custom Fields (ACF) es una herramienta incre\u00edblemente robusta y potente que ofrece capacidades excepcionales para administrar y personalizar efectivamente su sitio de WordPress. Al incorporar este complemento notable, tiene la capacidad perfecta de introducir, modificar y exhibir sin esfuerzo campos personalizados para sus publicaciones, p\u00e1ginas e incluso tipos de publicaciones personalizadas. Esta notable funcionalidad simplifica dr\u00e1sticamente la tarea de la gesti\u00f3n de contenido y garantiza que su contenido se presente con precisi\u00f3n de acuerdo con sus especificaciones deseadas. Adem\u00e1s de estos atributos notables, el complemento tambi\u00e9n abarca una variedad de caracter\u00edsticas avanzadas, incluida la notable capacidad para filtrar y ordenar sin esfuerzo su contenido, adaptar meticulosamente la configuraci\u00f3n de la columna y mucho m\u00e1s. Independientemente de si se identifica como un desarrollador competente, un administrador de contenido diligente o un propietario de un sitio web dedicado, la indispensabilidad de incorporar columnas de administraci\u00f3n pro ACF en su sitio de WordPress no puede ser exagerada.<\/p>\n<ul>\n<li>Funcionalidad extendida para administrar y mostrar campos personalizados en WordPress<\/li>\n<li>F\u00e1cil integraci\u00f3n de datos ACF en las columnas de administraci\u00f3n de WordPress<\/li>\n<li>Columnas personalizables para mostrar datos ACF de manera clara y organizada<\/li>\n<li>Flujo de trabajo mejorado para administrar campos y datos personalizados dentro de WordPress<\/li>\n<li>Columnas f\u00e1cilmente ordenables y filtrables para un acceso de datos m\u00e1s r\u00e1pido<\/li>\n<li>No se requiere codificaci\u00f3n, interfaz intuitiva para una configuraci\u00f3n r\u00e1pida y f\u00e1cil<\/li>\n<li>Ahorra tiempo a los administradores y desarrolladores al racionalizar la gesti\u00f3n y la visualizaci\u00f3n de campo personalizados.<\/li>\n<\/ul>\n","protected":false},"excerpt":{"rendered":"<p>El complemento Admin Columns Pro Advanced Custom Fields (ACF) es una herramienta robusta y rica en caracter\u00edsticas para WordPress que mejora las capacidades de personalizaci\u00f3n de la columna de la plataforma. Esta integraci\u00f3n con campos personalizados avanzados permite una visualizaci\u00f3n de datos sin esfuerzo en las p\u00e1ginas de la lista de WordPress, mejorando a\u00fan m\u00e1s la eficiencia de la gesti\u00f3n del backend de los sitios web.<\/p>\n<p>La creaci\u00f3n y la gesti\u00f3n de columnas de WordPress se convierte en una brisa con este complemento, lo que permite una mejora significativa de la productividad del flujo de trabajo. \u00bfLa mejor parte? No necesita ninguna experiencia de codificaci\u00f3n para administrar su plataforma de WordPress de manera efectiva.<\/p>\n<p>Los beneficios del complemento ACF de las columnas de administraci\u00f3n van m\u00e1s all\u00e1 de simplemente organizar su sitio web de WordPress con ACF. Le brinda un control absoluto sobre su sitio web de WordPress, mejorando su funcionalidad y eficiencia.<\/p>\n<p>Este no es solo un complemento; Es una herramienta integral que ofrece una gran cantidad de beneficios. Experiencia aument\u00f3 la eficiencia con las columnas de administraci\u00f3n Pro ACF, un complemento robusto y rico en funciones espec\u00edficamente dise\u00f1ado para p\u00e1ginas de listas de WordPress. Recomendamos encarecidamente que aproveche esta invaluable herramienta y tome el control de su sitio web de WordPress con las columnas de administraci\u00f3n Pro para ACF.<\/p>\n","protected":false},"featured_media":165264,"comment_status":"open","ping_status":"open","template":"","meta":[],"product_brand":[2346],"product_cat":[1214,1206,1211],"product_tag":[1210],"class_list":{"0":"post-120853","1":"product","2":"type-product","3":"status-publish","4":"has-post-thumbnail","6":"product_brand-admin-columns-pro","7":"product_cat-personalizacion","8":"product_cat-plugins","9":"product_cat-wordpress-plugins","10":"product_tag-admin-columns-pro","11":"member-discount","12":"discount-restricted","14":"first","15":"instock","16":"sale","17":"downloadable","18":"virtual","19":"sold-individually","20":"purchasable","21":"product-type-simple"},"_links":{"self":[{"href":"https:\/\/gpl-love.com\/es\/wp-json\/wp\/v2\/product\/120853","targetHints":{"allow":["GET"]}}],"collection":[{"href":"https:\/\/gpl-love.com\/es\/wp-json\/wp\/v2\/product"}],"about":[{"href":"https:\/\/gpl-love.com\/es\/wp-json\/wp\/v2\/types\/product"}],"replies":[{"embeddable":true,"href":"https:\/\/gpl-love.com\/es\/wp-json\/wp\/v2\/comments?post=120853"}],"wp:featuredmedia":[{"embeddable":true,"href":"https:\/\/gpl-love.com\/es\/wp-json\/wp\/v2\/media\/165264"}],"wp:attachment":[{"href":"https:\/\/gpl-love.com\/es\/wp-json\/wp\/v2\/media?parent=120853"}],"wp:term":[{"taxonomy":"product_brand","embeddable":true,"href":"https:\/\/gpl-love.com\/es\/wp-json\/wp\/v2\/product_brand?post=120853"},{"taxonomy":"product_cat","embeddable":true,"href":"https:\/\/gpl-love.com\/es\/wp-json\/wp\/v2\/product_cat?post=120853"},{"taxonomy":"product_tag","embeddable":true,"href":"https:\/\/gpl-love.com\/es\/wp-json\/wp\/v2\/product_tag?post=120853"}],"curies":[{"name":"wp","href":"https:\/\/api.w.org\/{rel}","templated":true}]}}