{"id":120851,"date":"2026-04-16T00:00:00","date_gmt":"2026-04-16T05:00:00","guid":{"rendered":"https:\/\/gpl-love.com\/es\/producto\/admin-columns-pro\/"},"modified":"2026-04-16T17:15:19","modified_gmt":"2026-04-16T22:15:19","slug":"admin-columns-pro","status":"publish","type":"product","link":"https:\/\/gpl-love.com\/es\/producto\/admin-columns-pro\/","title":{"rendered":"Admin Columns Pro 7.0.15"},"content":{"rendered":"<h3>Admin Columns Pro Caracteristicas<\/h3>\n<p>Admin Columns Pro es un complemento de WordPress incre\u00edblemente robusto que ofrece a los usuarios una gran cantidad de caracter\u00edsticas, lo que hace que sea muy f\u00e1cil administrar y organizar efectivamente el contenido en su sitio web. Con sus capacidades avanzadas, los usuarios tienen la capacidad de crear columnas personalizadas sin esfuerzo, lo que les permite mostrar su contenido de manera altamente personalizada. Adem\u00e1s, este complemento excepcional permite a los usuarios clasificar y filtrar los datos convenientemente, as\u00ed como editar directamente las publicaciones directamente desde la vista de la lista. Al consolidar toda la informaci\u00f3n necesaria en una ubicaci\u00f3n conveniente, los usuarios pueden ahorrar una inmensa cantidad de tiempo y esfuerzo, eliminando la necesidad de navegar a trav\u00e9s de una gran cantidad de p\u00e1ginas. Adem\u00e1s, las columnas de administraci\u00f3n Pro se integra sin problemas con varios complementos de terceros, incluido el popular WooCommerce, que permite a los usuarios supervisar y controlar eficientemente su tienda en l\u00ednea. En \u00faltima instancia, esta herramienta indispensable es una necesidad absoluta para los propietarios y administradores de sitios web que aspiran a optimizar su flujo de trabajo y mejorar la productividad general.<\/p>\n<ul>\n<li>Personalice las columnas de administraci\u00f3n en WordPress para una mejor organizaci\u00f3n y un acceso m\u00e1s f\u00e1cil a datos importantes<\/li>\n<li>Administrar y ordenar campos personalizados, informaci\u00f3n del usuario, pedidos de WooCommerce y m\u00e1s con facilidad<\/li>\n<li>Cree nuevas columnas sin esfuerzo y elimine las innecesarias para optimizar su flujo de trabajo<\/li>\n<li>Establezca la visibilidad de la columna para diferentes roles de usuario y mejore la productividad de su equipo<\/li>\n<li>Realice acciones masivas en m\u00faltiples elementos a la vez, como eliminar o actualizar valores en una columna<\/li>\n<li>Disfrute de una compatibilidad perfecta con complementos populares como Yoast SEO, Gravity Forms y BuddyPress<\/li>\n<li>Ahorre tiempo y aumente la precisi\u00f3n mediante la edici\u00f3n en l\u00ednea de datos directamente desde la vista de la columna<\/li>\n<li>Beneficiarse del rendimiento r\u00e1pido y confiable, optimizado para sitios grandes y alto tr\u00e1fico<\/li>\n<li>Reciba actualizaciones regulares y soporte de primer nivel de los desarrolladores experimentados detr\u00e1s de esta poderosa herramienta.<\/li>\n<\/ul>\n","protected":false},"excerpt":{"rendered":"<p>El complemento de WordPress de WordPress de administrador es una herramienta poderosa que amplifica significativamente la funcionalidad de su tablero de administrador en WordPress. Esta herramienta robusta le permite personalizar su panel de administrador con las columnas de administrador Pro, lo que facilita el filtro y clasificaci\u00f3n de contenido en WordPress. La caracter\u00edstica distintiva del complemento es su capacidad para crear columnas vers\u00e1tiles en el \u00e1rea de administraci\u00f3n de WordPress, lo que hace que la gesti\u00f3n de una gran cantidad de productos o publicaciones sea muy f\u00e1cil.<\/p>\n<p>Optimice su flujo de trabajo con Admin Columns Pro, una herramienta dise\u00f1ada para ahorrarle tiempo mientras simplifica sus procesos. Su interfaz intuitiva de arrastrar y soltar en WordPress hace que la administraci\u00f3n de contenido sea directa y eficiente. Este complemento rico en caracter\u00edsticas ofrece un control mejorado sobre el contenido de WordPress, lo que le permite implementar campos personalizados y establecer la edici\u00f3n en l\u00ednea con las columnas de administrador Pro.<\/p>\n<p>Adem\u00e1s, las columnas de administrador PRO pueden mejorar significativamente la productividad del equipo, promoviendo la gesti\u00f3n de contenido de WordPress sin problemas. Ya sea que est\u00e9 tratando con un gran volumen de productos o publicaciones, Admin Columns Pro ofrece una soluci\u00f3n que ahorra tiempo que revoluciona c\u00f3mo interact\u00faa con su \u00e1rea de administraci\u00f3n de WordPress.<\/p>\n","protected":false},"featured_media":165263,"comment_status":"open","ping_status":"open","template":"","meta":[],"product_brand":[2346],"product_cat":[1212,1206,1211],"product_tag":[1210],"class_list":{"0":"post-120851","1":"product","2":"type-product","3":"status-publish","4":"has-post-thumbnail","6":"product_brand-admin-columns-pro","7":"product_cat-administracion-wordpress-plugins","8":"product_cat-plugins","9":"product_cat-wordpress-plugins","10":"product_tag-admin-columns-pro","11":"member-discount","12":"discount-restricted","14":"first","15":"instock","16":"sale","17":"downloadable","18":"virtual","19":"sold-individually","20":"purchasable","21":"product-type-simple"},"_links":{"self":[{"href":"https:\/\/gpl-love.com\/es\/wp-json\/wp\/v2\/product\/120851","targetHints":{"allow":["GET"]}}],"collection":[{"href":"https:\/\/gpl-love.com\/es\/wp-json\/wp\/v2\/product"}],"about":[{"href":"https:\/\/gpl-love.com\/es\/wp-json\/wp\/v2\/types\/product"}],"replies":[{"embeddable":true,"href":"https:\/\/gpl-love.com\/es\/wp-json\/wp\/v2\/comments?post=120851"}],"wp:featuredmedia":[{"embeddable":true,"href":"https:\/\/gpl-love.com\/es\/wp-json\/wp\/v2\/media\/165263"}],"wp:attachment":[{"href":"https:\/\/gpl-love.com\/es\/wp-json\/wp\/v2\/media?parent=120851"}],"wp:term":[{"taxonomy":"product_brand","embeddable":true,"href":"https:\/\/gpl-love.com\/es\/wp-json\/wp\/v2\/product_brand?post=120851"},{"taxonomy":"product_cat","embeddable":true,"href":"https:\/\/gpl-love.com\/es\/wp-json\/wp\/v2\/product_cat?post=120851"},{"taxonomy":"product_tag","embeddable":true,"href":"https:\/\/gpl-love.com\/es\/wp-json\/wp\/v2\/product_tag?post=120851"}],"curies":[{"name":"wp","href":"https:\/\/api.w.org\/{rel}","templated":true}]}}