{"id":120762,"date":"2024-05-12T00:00:00","date_gmt":"2024-05-12T05:00:00","guid":{"rendered":"https:\/\/gpl-love.com\/es\/?post_type=product&#038;p=120762"},"modified":"2026-03-09T08:29:29","modified_gmt":"2026-03-09T13:29:29","slug":"wp-rss-aggregator-categories-addon","status":"publish","type":"product","link":"https:\/\/gpl-love.com\/es\/producto\/wp-rss-aggregator-categories-addon\/","title":{"rendered":"WP RSS Aggregator Categories Addon 1.3.3"},"content":{"rendered":"<h3>WP RSS Aggregator Categories Addon Caracteristicas<\/h3>\n<p>El complemento de categor\u00edas de agregador RSS WP, una herramienta incre\u00edblemente potente, otorga a los usuarios la capacidad de clasificar sin esfuerzo sus elementos de alimentaci\u00f3n RSS. Espec\u00edficamente dise\u00f1ado para integrarse sin problemas con el complemento de agregador WP RSS, este complemento aumenta su funcionalidad al introducir una organizaci\u00f3n de contenido mejorada. Armados con esta ingeniosa herramienta, los usuarios poseen la notable capacidad de generar numerosas categor\u00edas, asignar elementos de alimentaci\u00f3n a categor\u00edas designadas e incluso exhibir alimentos espec\u00edficos de categor\u00edas en sus estimados sitios web. Independientemente de si ocupa el papel de un blogger diligente, un curador de contenido meticuloso o propietario de un sitio web de noticias astuto, no se puede exagerar la indispensabilidad de las categor\u00edas de agregador RSS WP RSS para racionalizar su contenido y elevar la experiencia del usuario en su apreciado sitio web.<\/p>\n<ul>\n<li>Clasifica y organiza f\u00e1cilmente tus alimentos RSS importados<\/li>\n<li>Agregue tantas categor\u00edas como necesite para mantener su contenido organizado<\/li>\n<li>Asigne m\u00faltiples categor\u00edas a una sola publicaci\u00f3n para una mayor flexibilidad<\/li>\n<li>Las etiquetas de categor\u00eda personalizables le permiten usar sus propias convenciones de nombres<\/li>\n<li>Funciona sin problemas con el complemento de agregador WP RSS para mejorar su funcionalidad<\/li>\n<li>Actualiza autom\u00e1ticamente la categor\u00eda de publicaciones cuando se importa un nuevo contenido<\/li>\n<li>Simplifica el proceso de administraci\u00f3n de m\u00faltiples alimentos RSS en su sitio web<\/li>\n<li>Una herramienta valiosa para curadores de contenido y propietarios de sitios web que dependen de RSS Feeds para su estrategia de contenido<\/li>\n<li>La interfaz f\u00e1cil de usar facilita la administraci\u00f3n de categor\u00edas y asignarlas a publicaciones con solo unos pocos clics<\/li>\n<li>Actualizaciones de software regulares Aseg\u00farese de que el complemento sea confiable y compatible con la \u00faltima versi\u00f3n de WordPress<\/li>\n<\/ul>\n","protected":false},"excerpt":{"rendered":"<p>El complemento de categor\u00edas de agregador RSS WP, una herramienta robusta y eficiente, presenta una soluci\u00f3n perfecta para la categorizaci\u00f3n sin esfuerzo de sus alimentos RSS. Al emplear este complemento, obtiene la capacidad de agrupar convenientemente su RSS se alimenta en diversas categor\u00edas, mejorando as\u00ed la facilidad de gesti\u00f3n de contenido y optimizaci\u00f3n de la experiencia del usuario en su sitio web. La incorporaci\u00f3n de este complemento facilita la r\u00e1pida adici\u00f3n de nuevas categor\u00edas, la organizaci\u00f3n sistem\u00e1tica de sus feeds y el establecimiento de una estructura de contenido coherente y simplificada. Independientemente de si usted es un blogger, periodista o vendedor de contenido, el complemento de las categor\u00edas de agregador WP RSS emerge como una herramienta indispensable, impulsando sus esfuerzos de gesti\u00f3n de contenido a alturas incomparables.<\/p>\n","protected":false},"featured_media":168437,"comment_status":"open","ping_status":"open","template":"","meta":[],"product_brand":[2635],"product_cat":[1214,1206,1211],"product_tag":[2244],"class_list":{"0":"post-120762","1":"product","2":"type-product","3":"status-publish","4":"has-post-thumbnail","6":"product_brand-wp-rss-aggregator","7":"product_cat-personalizacion","8":"product_cat-plugins","9":"product_cat-wordpress-plugins","10":"product_tag-wp-rss-aggregator","11":"member-discount","12":"discount-restricted","14":"first","15":"instock","16":"sale","17":"downloadable","18":"virtual","19":"sold-individually","20":"purchasable","21":"product-type-simple"},"_links":{"self":[{"href":"https:\/\/gpl-love.com\/es\/wp-json\/wp\/v2\/product\/120762","targetHints":{"allow":["GET"]}}],"collection":[{"href":"https:\/\/gpl-love.com\/es\/wp-json\/wp\/v2\/product"}],"about":[{"href":"https:\/\/gpl-love.com\/es\/wp-json\/wp\/v2\/types\/product"}],"replies":[{"embeddable":true,"href":"https:\/\/gpl-love.com\/es\/wp-json\/wp\/v2\/comments?post=120762"}],"wp:featuredmedia":[{"embeddable":true,"href":"https:\/\/gpl-love.com\/es\/wp-json\/wp\/v2\/media\/168437"}],"wp:attachment":[{"href":"https:\/\/gpl-love.com\/es\/wp-json\/wp\/v2\/media?parent=120762"}],"wp:term":[{"taxonomy":"product_brand","embeddable":true,"href":"https:\/\/gpl-love.com\/es\/wp-json\/wp\/v2\/product_brand?post=120762"},{"taxonomy":"product_cat","embeddable":true,"href":"https:\/\/gpl-love.com\/es\/wp-json\/wp\/v2\/product_cat?post=120762"},{"taxonomy":"product_tag","embeddable":true,"href":"https:\/\/gpl-love.com\/es\/wp-json\/wp\/v2\/product_tag?post=120762"}],"curies":[{"name":"wp","href":"https:\/\/api.w.org\/{rel}","templated":true}]}}