{"id":120761,"date":"2021-12-15T00:00:00","date_gmt":"2021-12-15T05:00:00","guid":{"rendered":"https:\/\/gpl-love.com\/es\/?post_type=product&#038;p=120761"},"modified":"2026-03-09T08:29:33","modified_gmt":"2026-03-09T13:29:33","slug":"wp-rss-aggregator-full-text-rss-feeds","status":"publish","type":"product","link":"https:\/\/gpl-love.com\/es\/producto\/wp-rss-aggregator-full-text-rss-feeds\/","title":{"rendered":"WP RSS Aggregator Full Text RSS Feeds 1.3.2"},"content":{"rendered":"<h3>WP RSS Aggregator Full Text RSS Feeds Caracteristicas<\/h3>\n<p>WP RSS Aggregator Full Text RSS Feeds es una herramienta incre\u00edblemente robusta y efectiva que le ofrece la capacidad perfecta para importar y mostrar sin esfuerzo RSS Feeds en su sitio web de WordPress. Este complemento notable no solo le permite incorporar r\u00e1pidamente y sin esfuerzo nuevas fuentes de contenido cautivador en su sitio web, sino que tambi\u00e9n sirve para reforzar significativamente las clasificaciones de los motores de b\u00fasqueda de su sitio web, amplificar la participaci\u00f3n con sus estimados visitantes y, finalmente, aumentar la experiencia general del usuario. Adem\u00e1s, el complemento en s\u00ed cuenta con una interfaz f\u00e1cil de usar y un proceso de configuraci\u00f3n extremadamente sencillo, asegurando que administrar sus feeds y personalizar la visualizaci\u00f3n de su contenido es una brisa absoluta. Independientemente de si usted es un blogger apasionado, un vendedor de contenido calificado o un propietario de un sitio web dedicado, WP RSS Aggregator Full Text RSS Feeds es una herramienta indispensable y obligatoria que mejorar\u00e1 indudablemente su sitio web al infundirlo con un flujo constante de vigorizaciones y cautivadoras contenido.<\/p>\n<ul>\n<li>Acceso a feeds RSS de texto completo desde cualquier sitio web<\/li>\n<li>Integraci\u00f3n con sitios de WordPress<\/li>\n<li>Actualizaciones autom\u00e1ticas de contenido en su sitio<\/li>\n<li>Opciones de visualizaci\u00f3n personalizables para contenido importado<\/li>\n<li>Interfaz f\u00e1cil de usar para administrar alimentos y contenido<\/li>\n<li>Rendimiento confiable y eficiente para manejar grandes cantidades de contenido<\/li>\n<li>Opciones de filtrado y clasificaci\u00f3n flexibles<\/li>\n<li>Capacidad para importar contenido de m\u00faltiples fuentes<\/li>\n<li>Compatibilidad con temas y complementos populares de WordPress<\/li>\n<li>Atenci\u00f3n al cliente dedicada y actualizaciones regulares al complemento.<\/li>\n<\/ul>\n","protected":false},"excerpt":{"rendered":"<p>El WP RSS Aggregator Full Text RSS Feeds es una herramienta incre\u00edblemente robusta y altamente efectiva que posee la notable capacidad de extraer contenido completo de varios Feeds RSS y mostrarlo sin problemas en su sitio de WordPress. Este complemento sobresaliente le ofrece la oportunidad de importar sin esfuerzo y exhibir contenido pertinente de numerosas fuentes, sirviendo as\u00ed como un m\u00e9todo excepcional para actualizar consistentemente su sitio web con material fresco y cautivador. Adem\u00e1s, gracias a su configuraci\u00f3n altamente personalizable, tiene la capacidad de manipular sin esfuerzo la apariencia de sus feeds RSS para alinearse perfectamente con el estilo \u00fanico de su marca, asegurando que sus estimados visitantes permanezcan completamente comprometidos durante toda su experiencia de navegaci\u00f3n. En resumen, es innegable que los alimentos RSS de texto completo del agregador WP RSS es una soluci\u00f3n ejemplar para cualquier persona que se esfuerce por optimizar y optimizar su proceso de creaci\u00f3n de contenido, todo lo que impulsa efectivamente una cantidad sustancial de tr\u00e1fico a su estimado sitio web.<\/p>\n","protected":false},"featured_media":168440,"comment_status":"open","ping_status":"open","template":"","meta":[],"product_brand":[2635],"product_cat":[1214,1206,1211],"product_tag":[2244],"class_list":{"0":"post-120761","1":"product","2":"type-product","3":"status-publish","4":"has-post-thumbnail","6":"product_brand-wp-rss-aggregator","7":"product_cat-personalizacion","8":"product_cat-plugins","9":"product_cat-wordpress-plugins","10":"product_tag-wp-rss-aggregator","11":"member-discount","12":"discount-restricted","14":"first","15":"instock","16":"sale","17":"downloadable","18":"virtual","19":"sold-individually","20":"purchasable","21":"product-type-simple"},"_links":{"self":[{"href":"https:\/\/gpl-love.com\/es\/wp-json\/wp\/v2\/product\/120761","targetHints":{"allow":["GET"]}}],"collection":[{"href":"https:\/\/gpl-love.com\/es\/wp-json\/wp\/v2\/product"}],"about":[{"href":"https:\/\/gpl-love.com\/es\/wp-json\/wp\/v2\/types\/product"}],"replies":[{"embeddable":true,"href":"https:\/\/gpl-love.com\/es\/wp-json\/wp\/v2\/comments?post=120761"}],"wp:featuredmedia":[{"embeddable":true,"href":"https:\/\/gpl-love.com\/es\/wp-json\/wp\/v2\/media\/168440"}],"wp:attachment":[{"href":"https:\/\/gpl-love.com\/es\/wp-json\/wp\/v2\/media?parent=120761"}],"wp:term":[{"taxonomy":"product_brand","embeddable":true,"href":"https:\/\/gpl-love.com\/es\/wp-json\/wp\/v2\/product_brand?post=120761"},{"taxonomy":"product_cat","embeddable":true,"href":"https:\/\/gpl-love.com\/es\/wp-json\/wp\/v2\/product_cat?post=120761"},{"taxonomy":"product_tag","embeddable":true,"href":"https:\/\/gpl-love.com\/es\/wp-json\/wp\/v2\/product_tag?post=120761"}],"curies":[{"name":"wp","href":"https:\/\/api.w.org\/{rel}","templated":true}]}}