{"id":120759,"date":"2021-12-15T00:00:00","date_gmt":"2021-12-15T05:00:00","guid":{"rendered":"https:\/\/gpl-love.com\/es\/?post_type=product&#038;p=120759"},"modified":"2026-03-09T08:29:36","modified_gmt":"2026-03-09T13:29:36","slug":"wp-rss-aggregator-templates-addon","status":"publish","type":"product","link":"https:\/\/gpl-love.com\/es\/producto\/wp-rss-aggregator-templates-addon\/","title":{"rendered":"WP RSS Aggregator Templates Addon 0.2"},"content":{"rendered":"<h3>WP RSS Aggregator Templates Addon Caracteristicas<\/h3>\n<p>El complemento de plantillas de agregador WP RSS es una herramienta altamente indispensable que es absolutamente esencial para cualquier persona que est\u00e9 utilizando el complemento de agregador WP RSS. Este notable complemento est\u00e1 equipado con una extensa variedad de plantillas predise\u00f1adas que ofrecen una amplia gama de opciones para personalizar y modificar la apariencia y el ambiente de sus feeds RSS. Lo que distingue a este complemento es su naturaleza f\u00e1cil de usar y la inclusi\u00f3n de una interfaz directa, que simplifica enormemente el proceso de selecci\u00f3n de la plantilla m\u00e1s adecuada para sus requisitos espec\u00edficos. Gracias al complemento de las plantillas de agregador RSS WP, puede crear alimentos RSS sin esfuerzo y sin problemas que posean una apariencia profesional y pulida, meticulosamente adaptada a alinearse perfectamente con el estilo y la voz \u00fanicos de su marca. Ya sea que sea un blogger dedicado, un vendedor inteligente o un editor en l\u00ednea astuto, este complemento invaluable deber\u00eda ser una visita imprescindible absoluta para cualquiera que desee aumentar y elevar el atractivo visual y la experiencia del usuario de su feed RSS.<\/p>\n<ul>\n<li>Acceso a una biblioteca de plantillas dise\u00f1adas profesionalmente para el agregador WP RSS<\/li>\n<li>Capacidad para personalizar y editar plantillas para adaptarse a la marca y el estilo de su sitio web<\/li>\n<li>Integraci\u00f3n f\u00e1cil con el complemento de agregador WP RSS<\/li>\n<li>Opciones para mostrar elementos de alimentaci\u00f3n, im\u00e1genes e informaci\u00f3n de origen de una manera visualmente atractiva<\/li>\n<li>Plantillas de respuesta m\u00f3vil para una visualizaci\u00f3n \u00f3ptima en todos los dispositivos<\/li>\n<li>Compatibilidad con otros complementos populares de WordPress para mayor funcionalidad y flexibilidad<\/li>\n<li>Actualizaciones y soporte regulares del equipo de agregador WP RSS.<\/li>\n<\/ul>\n","protected":false},"excerpt":{"rendered":"<p>La adici\u00f3n del complemento de plantillas de agregador WP RSS es muy ventajosa para su sitio web, ya que mejora la presentaci\u00f3n de su alimentaci\u00f3n RSS a trav\u00e9s de la provisi\u00f3n de plantillas meticulosamente dise\u00f1adas. Al utilizar este complemento, se le brinda la oportunidad de modificar sin esfuerzo el atractivo est\u00e9tico de su feed RSS, asegurando as\u00ed que armonice sin problemas con el dise\u00f1o general de su sitio web. En consecuencia, puede crear una experiencia de usuario gratificante para sus visitantes que sea cautivador e inmersivo. La amplia gama de plantillas disponibles le permite mostrar el contenido de su feed de una manera visualmente atractiva y bien organizada, facilitando as\u00ed la capacidad de sus lectores de permanecer bien informados con las noticias y actualizaciones m\u00e1s recientes. Independientemente de si opera un sitio de noticias o un blog, el complemento WP RSS Aggregator Addon es una herramienta indispensable para cualquier sitio web que se basa en la utilizaci\u00f3n de Feeds RSS.<\/p>\n","protected":false},"featured_media":168442,"comment_status":"open","ping_status":"open","template":"","meta":[],"product_brand":[2635],"product_cat":[1214,1206,1211],"product_tag":[2244],"class_list":{"0":"post-120759","1":"product","2":"type-product","3":"status-publish","4":"has-post-thumbnail","6":"product_brand-wp-rss-aggregator","7":"product_cat-personalizacion","8":"product_cat-plugins","9":"product_cat-wordpress-plugins","10":"product_tag-wp-rss-aggregator","11":"member-discount","12":"discount-restricted","14":"first","15":"instock","16":"sale","17":"downloadable","18":"virtual","19":"sold-individually","20":"purchasable","21":"product-type-simple"},"_links":{"self":[{"href":"https:\/\/gpl-love.com\/es\/wp-json\/wp\/v2\/product\/120759","targetHints":{"allow":["GET"]}}],"collection":[{"href":"https:\/\/gpl-love.com\/es\/wp-json\/wp\/v2\/product"}],"about":[{"href":"https:\/\/gpl-love.com\/es\/wp-json\/wp\/v2\/types\/product"}],"replies":[{"embeddable":true,"href":"https:\/\/gpl-love.com\/es\/wp-json\/wp\/v2\/comments?post=120759"}],"wp:featuredmedia":[{"embeddable":true,"href":"https:\/\/gpl-love.com\/es\/wp-json\/wp\/v2\/media\/168442"}],"wp:attachment":[{"href":"https:\/\/gpl-love.com\/es\/wp-json\/wp\/v2\/media?parent=120759"}],"wp:term":[{"taxonomy":"product_brand","embeddable":true,"href":"https:\/\/gpl-love.com\/es\/wp-json\/wp\/v2\/product_brand?post=120759"},{"taxonomy":"product_cat","embeddable":true,"href":"https:\/\/gpl-love.com\/es\/wp-json\/wp\/v2\/product_cat?post=120759"},{"taxonomy":"product_tag","embeddable":true,"href":"https:\/\/gpl-love.com\/es\/wp-json\/wp\/v2\/product_tag?post=120759"}],"curies":[{"name":"wp","href":"https:\/\/api.w.org\/{rel}","templated":true}]}}