{"id":120757,"date":"2021-12-15T00:00:00","date_gmt":"2021-12-15T05:00:00","guid":{"rendered":"https:\/\/gpl-love.com\/es\/?post_type=product&#038;p=120757"},"modified":"2026-03-09T08:29:31","modified_gmt":"2026-03-09T13:29:31","slug":"wp-rss-aggregator-feed-to-post","status":"publish","type":"product","link":"https:\/\/gpl-love.com\/es\/producto\/wp-rss-aggregator-feed-to-post\/","title":{"rendered":"WP RSS Aggregator Feed To Post 3.13.2"},"content":{"rendered":"<h3>WP RSS Aggregator Feed To Post Caracteristicas<\/h3>\n<p>Dise\u00f1ado para mejorar las capacidades de gesti\u00f3n de contenido de los usuarios de WordPress, el alimento del agregador WP RSS para publicar complementos cuenta con una gran cantidad de caracter\u00edsticas que lo convierten en una herramienta indispensable. Al permitir a los usuarios importar sin esfuerzo RSS Feeds de una variedad de fuentes, este complemento faculta a los propietarios de sitios web para publicar autom\u00e1ticamente contenido actualizado y atractivo en su plataforma. Con la capacidad de personalizar las fuentes de alimentaci\u00f3n, aplicar filtros y programar importaciones, los usuarios pueden estar seguros de que su sitio web ofrecer\u00e1 constantemente material fresco y relevante. Adem\u00e1s, este complemento va m\u00e1s all\u00e1 al permitir a los usuarios clasificar publicaciones importadas, incrustar videos e im\u00e1genes sin problemas, y adaptar las plantillas de publicaciones a su gusto. Repleto de una interfaz intuitiva y una variedad de funcionalidades avanzadas, WP RSS Aggregator Feed to Post sirve como un activo invaluable para los propietarios de sitios web que buscan optimizar su estrategia de marketing de contenido.<\/p>\n<ul>\n<li>Importar sin esfuerzo RSS se alimenta en su blog o sitio web de WordPress<\/li>\n<li>Cree autom\u00e1ticamente nuevas publicaciones utilizando el contenido de los alimentos importados<\/li>\n<li>Elija entre una variedad de plantillas de publicaci\u00f3n y personalice el dise\u00f1o del contenido importado para que coincida con su marca<\/li>\n<li>Use opciones de filtrado avanzado para importar contenido que cumpla con ciertos criterios (por ejemplo, palabras clave espec\u00edficas)<\/li>\n<li>Programe la importaci\u00f3n y publicaci\u00f3n de publicaciones en momentos e intervalos espec\u00edficos<\/li>\n<li>Permita que sus lectores se suscriban a los alimentos importados y reciban notificaciones de nuevas publicaciones<\/li>\n<li>Aumente la clasificaci\u00f3n SEO de su blog publicando regularmente contenido nuevo y relevante de fuentes de confianza<\/li>\n<li>Disfrute de la tranquilidad sabiendo que el complemento se actualiza regularmente y se admite totalmente<\/li>\n<\/ul>\n","protected":false},"excerpt":{"rendered":"<p>WP RSS Aggregator Feed to Post es un complemento excepcionalmente robusto que le ofrece la notable capacidad para importar autom\u00e1ticamente contenido de una variedad de alimentos RSS directamente en su sitio de WordPress. A trav\u00e9s de la utilizaci\u00f3n de este complemento, puede agregar sin esfuerzo una gran cantidad de contenido diversificado de numerosas fuentes y publicarlas de manera expedente en su sitio con solo unos pocos clics. En \u00faltima instancia, esto significa que puede permanecer actualizado con las \u00faltimas noticias, blogs y otro contenido significativo que es particularmente pertinente a su nicho espec\u00edfico, lo que le permite involucrar e iluminar constantemente a sus apreciados lectores. Adem\u00e1s, los atributos excepcionales de este complemento le permiten personalizar la configuraci\u00f3n de la alimentaci\u00f3n para alinearse con precisi\u00f3n con sus distintos requisitos, abarcar la capacidad de establecer la frecuencia de las importaciones, determinar el tipo de post preferido y el formato, y disfrutar de una plethora de opciones adicionales que est\u00e1n hechos a medida para satisfacer sus preferencias \u00fanicas. Con el poder incomparable de la alimentaci\u00f3n del agregador RSS WP para publicar, \u00a1el concepto de que se quede sin ideas de contenido innovadoras se convierte en una noci\u00f3n anticuada del pasado!<\/p>\n","protected":false},"featured_media":168438,"comment_status":"open","ping_status":"open","template":"","meta":[],"product_brand":[2635],"product_cat":[1214,1206,1211],"product_tag":[2244],"class_list":{"0":"post-120757","1":"product","2":"type-product","3":"status-publish","4":"has-post-thumbnail","6":"product_brand-wp-rss-aggregator","7":"product_cat-personalizacion","8":"product_cat-plugins","9":"product_cat-wordpress-plugins","10":"product_tag-wp-rss-aggregator","11":"member-discount","12":"discount-restricted","14":"first","15":"instock","16":"sale","17":"downloadable","18":"virtual","19":"sold-individually","20":"purchasable","21":"product-type-simple"},"_links":{"self":[{"href":"https:\/\/gpl-love.com\/es\/wp-json\/wp\/v2\/product\/120757","targetHints":{"allow":["GET"]}}],"collection":[{"href":"https:\/\/gpl-love.com\/es\/wp-json\/wp\/v2\/product"}],"about":[{"href":"https:\/\/gpl-love.com\/es\/wp-json\/wp\/v2\/types\/product"}],"replies":[{"embeddable":true,"href":"https:\/\/gpl-love.com\/es\/wp-json\/wp\/v2\/comments?post=120757"}],"wp:featuredmedia":[{"embeddable":true,"href":"https:\/\/gpl-love.com\/es\/wp-json\/wp\/v2\/media\/168438"}],"wp:attachment":[{"href":"https:\/\/gpl-love.com\/es\/wp-json\/wp\/v2\/media?parent=120757"}],"wp:term":[{"taxonomy":"product_brand","embeddable":true,"href":"https:\/\/gpl-love.com\/es\/wp-json\/wp\/v2\/product_brand?post=120757"},{"taxonomy":"product_cat","embeddable":true,"href":"https:\/\/gpl-love.com\/es\/wp-json\/wp\/v2\/product_cat?post=120757"},{"taxonomy":"product_tag","embeddable":true,"href":"https:\/\/gpl-love.com\/es\/wp-json\/wp\/v2\/product_tag?post=120757"}],"curies":[{"name":"wp","href":"https:\/\/api.w.org\/{rel}","templated":true}]}}