{"id":120755,"date":"2025-07-25T00:00:00","date_gmt":"2025-07-25T05:00:00","guid":{"rendered":"https:\/\/gpl-love.com\/es\/?post_type=product&#038;p=120755"},"modified":"2026-04-10T11:29:57","modified_gmt":"2026-04-10T16:29:57","slug":"user-registration-mailchimp","status":"publish","type":"product","link":"https:\/\/gpl-love.com\/es\/producto\/user-registration-mailchimp\/","title":{"rendered":"User Registration MailChimp 2.0.9"},"content":{"rendered":"<h3>User Registration MailChimp Caracteristicas<\/h3>\n<p>La herramienta de registro del usuario MailChimp es un recurso incre\u00edblemente poderoso que ofrece a las empresas la capacidad de aumentar el tama\u00f1o de su lista de correo electr\u00f3nico y comunicarse efectivamente con sus suscriptores. Este producto proporciona a los usuarios la conveniencia de crear formularios de registro personalizados y p\u00e1ginas de destino que est\u00e1n espec\u00edficamente dise\u00f1adas para capturar y recopilar informaci\u00f3n importante sobre su p\u00fablico objetivo. Adem\u00e1s, la funci\u00f3n de registro de usuarios de MailChimp es m\u00e1s all\u00e1 mediante la implementaci\u00f3n de un proceso de doble opci\u00f3n, lo que garantiza que los suscriptores hayan otorgado expl\u00edcitamente permiso para recibir mensajes de marketing. Una vez que un usuario se ha registrado con \u00e9xito, las empresas pueden aprovechar la plataforma integral de marketing por correo electr\u00f3nico de MailChimp, lo que les permite enviar mensajes altamente espec\u00edficos y monitorear de cerca la participaci\u00f3n de los suscriptores. En general, el registro de usuarios MailChimp es una herramienta indispensable que las empresas no pueden darse el lujo de pasar por alto si se toman en serio la expansi\u00f3n de su lista de correo electr\u00f3nico y se involucran efectivamente con sus suscriptores de una manera realmente impactante y significativa.<\/p>\n<ul>\n<li>Proceso optimizado para registrar a los usuarios en una cuenta de MailChimp<\/li>\n<li>Integraci\u00f3n perfecta con la poderosa plataforma de marketing por correo electr\u00f3nico de MailChimp<\/li>\n<li>Herramientas avanzadas de administraci\u00f3n de usuarios para crear y administrar cuentas de usuario<\/li>\n<li>Interfaz de usuario simple e intuitiva para un f\u00e1cil registro<\/li>\n<li>Capacidad para personalizar las plantillas de correo electr\u00f3nico y la marca para que coincida con su negocio<\/li>\n<li>Caracter\u00edsticas de seguridad mejoradas para garantizar la protecci\u00f3n de los datos del usuario<\/li>\n<li>Capacidades avanzadas de automatizaci\u00f3n de correo electr\u00f3nico para comunicaciones personalizadas de usuarios<\/li>\n<li>Capacidad para rastrear la participaci\u00f3n del usuario y medir el \u00e9xito de las campa\u00f1as de correo electr\u00f3nico<\/li>\n<li>Herramientas s\u00f3lidas de informes y an\u00e1lisis para optimizar estrategias de marketing por correo electr\u00f3nico<\/li>\n<li>Apoyo profesional y recursos del equipo de expertos de MailChimp.<\/li>\n<\/ul>\n","protected":false},"excerpt":{"rendered":"<p>El registro de usuarios MailChimp ofrece a los propietarios de sitios web una soluci\u00f3n conveniente para incorporar a la perfecci\u00f3n MailChimp en su proceso de registro, facilitando as\u00ed la suscripci\u00f3n sin esfuerzo de nuevos usuarios a las listas de correo electr\u00f3nico y permiti\u00e9ndoles recibir valiosos boletines y actualizaciones del sitio web. Con sus caracter\u00edsticas f\u00e1ciles de usar y sin problemas, esta herramienta demuestra ser un activo invaluable para los sitios web que buscan mejorar sus esfuerzos de marketing por correo electr\u00f3nico.<\/p>\n","protected":false},"featured_media":167924,"comment_status":"open","ping_status":"open","template":"","meta":[],"product_brand":[2585],"product_cat":[1232,1206,1211],"product_tag":[2159],"class_list":{"0":"post-120755","1":"product","2":"type-product","3":"status-publish","4":"has-post-thumbnail","6":"product_brand-wpeverest","7":"product_cat-marketing-wordpress-plugins","8":"product_cat-plugins","9":"product_cat-wordpress-plugins","10":"product_tag-wpeverest","11":"member-discount","12":"discount-restricted","14":"first","15":"instock","16":"sale","17":"downloadable","18":"virtual","19":"sold-individually","20":"purchasable","21":"product-type-simple"},"_links":{"self":[{"href":"https:\/\/gpl-love.com\/es\/wp-json\/wp\/v2\/product\/120755","targetHints":{"allow":["GET"]}}],"collection":[{"href":"https:\/\/gpl-love.com\/es\/wp-json\/wp\/v2\/product"}],"about":[{"href":"https:\/\/gpl-love.com\/es\/wp-json\/wp\/v2\/types\/product"}],"replies":[{"embeddable":true,"href":"https:\/\/gpl-love.com\/es\/wp-json\/wp\/v2\/comments?post=120755"}],"wp:featuredmedia":[{"embeddable":true,"href":"https:\/\/gpl-love.com\/es\/wp-json\/wp\/v2\/media\/167924"}],"wp:attachment":[{"href":"https:\/\/gpl-love.com\/es\/wp-json\/wp\/v2\/media?parent=120755"}],"wp:term":[{"taxonomy":"product_brand","embeddable":true,"href":"https:\/\/gpl-love.com\/es\/wp-json\/wp\/v2\/product_brand?post=120755"},{"taxonomy":"product_cat","embeddable":true,"href":"https:\/\/gpl-love.com\/es\/wp-json\/wp\/v2\/product_cat?post=120755"},{"taxonomy":"product_tag","embeddable":true,"href":"https:\/\/gpl-love.com\/es\/wp-json\/wp\/v2\/product_tag?post=120755"}],"curies":[{"name":"wp","href":"https:\/\/api.w.org\/{rel}","templated":true}]}}