{"id":120753,"date":"2026-01-23T00:00:00","date_gmt":"2026-01-23T05:00:00","guid":{"rendered":"https:\/\/gpl-love.com\/es\/?post_type=product&#038;p=120753"},"modified":"2026-04-10T11:29:56","modified_gmt":"2026-04-10T16:29:56","slug":"user-registration-invite-codes","status":"publish","type":"product","link":"https:\/\/gpl-love.com\/es\/producto\/user-registration-invite-codes\/","title":{"rendered":"User Registration Invite Codes 1.2.8"},"content":{"rendered":"<h3>User Registration Invite Codes Caracteristicas<\/h3>\n<p>Los c\u00f3digos de invitaci\u00f3n de registro de usuarios es una soluci\u00f3n de software altamente eficiente que sirve para generar c\u00f3digos exclusivos e incomparables, dise\u00f1ados espec\u00edficamente para invitar a posibles nuevos usuarios a registrarse para un sitio web o aplicaci\u00f3n de su elecci\u00f3n. Es una herramienta indispensable que capacita a los administradores o gerentes del sitio web con la capacidad de ejercer una autoridad completa y mantener un control firme sobre qui\u00e9n gana acceso a su estimado sitio, asegurando as\u00ed que solo las personas que han sido invitadas se otorgan cordialmente el privilegio de registrarse. Estos c\u00f3digos meticulosamente elaborados y altamente distintivos pueden difundirse convenientemente a los posibles usuarios a trav\u00e9s de una multitud de canales de comunicaci\u00f3n como correo electr\u00f3nico, plataformas de redes sociales y varios otros medios de comunicaci\u00f3n. Al implementar los c\u00f3digos de invitaci\u00f3n de registro de usuarios indispensables, los administradores del sitio web pueden aumentar efectivamente la seguridad general de su plataforma digital formidable, frustrando efectivamente la intrusi\u00f3n de personas no deseadas que pueden buscar acceso no autorizado. Esta invaluable herramienta es de suma importancia para las empresas y organizaciones que establecen una gran tienda mediante un nivel de seguridad robusto e impregnable, junto con un nivel inquebrantable de autoridad, controlando as\u00ed la accesibilidad a sus apreciadas plataformas en l\u00ednea.<\/p>\n<ul>\n<li>Plataforma f\u00e1cil de usar para generar y distribuir c\u00f3digos de registro \u00fanicos a los usuarios.<\/li>\n<li>Plantillas de correo electr\u00f3nico de invitaci\u00f3n de registro personalizable para maximizar las tasas de respuesta.<\/li>\n<li>Panel de informes integral para rastrear las tasas de redenci\u00f3n de invitaci\u00f3n y la participaci\u00f3n del usuario.<\/li>\n<li>Opciones de integraci\u00f3n flexibles para conectarse perfectamente con los sistemas de registro y gesti\u00f3n de cuentas existentes.<\/li>\n<li>Medidas de seguridad robustas para proteger los c\u00f3digos de invitaci\u00f3n del uso o distribuci\u00f3n no autorizados.<\/li>\n<li>Acceso de API para personalizaci\u00f3n e integraci\u00f3n avanzada con otras aplicaciones.<\/li>\n<li>Infraestructura escalable para admitir una creciente base de usuarios y un alto volumen de solicitudes de c\u00f3digo de invitaci\u00f3n.<\/li>\n<li>Los recursos de atenci\u00f3n al cliente y capacitaci\u00f3n excepcionales para garantizar una implementaci\u00f3n y adopci\u00f3n exitosas.<\/li>\n<li>Una amplia gama de casos de uso, incluida la incorporaci\u00f3n de empleados corporativos, el registro de eventos y el reclutamiento de miembros para las organizaciones.<\/li>\n<li>Experiencia de usuario simplificada con un proceso de registro simple e intuitivo que impulsa las conversiones y reduce las tasas de abandono.<\/li>\n<\/ul>\n","protected":false},"excerpt":{"rendered":"<p>Nuestro producto de C\u00f3digos de invitaci\u00f3n de registro de usuarios est\u00e1 dise\u00f1ado para mejorar el proceso de registro del usuario para su sitio web o aplicaci\u00f3n al simplificarlo significativamente. En lugar de cargar a los usuarios con la tarea de completar formularios extensos o divulgar datos personales, nuestra soluci\u00f3n le permite enviar c\u00f3digos de invitaci\u00f3n a usuarios potenciales, otorg\u00e1ndoles acceso exclusivo a su plataforma. Esto no solo acelera el proceso de registro, sino que tambi\u00e9n fortalece las medidas de seguridad implementadas en su plataforma. Despedirse de los encuentros de registro exasperantes y adoptar un viaje de incorporaci\u00f3n de usuario impecable con la utilizaci\u00f3n de nuestro producto de c\u00f3digos de invitaci\u00f3n de registro de usuarios.<\/p>\n","protected":false},"featured_media":167922,"comment_status":"open","ping_status":"open","template":"","meta":[],"product_brand":[2585],"product_cat":[1214,1206,1211],"product_tag":[2159],"class_list":{"0":"post-120753","1":"product","2":"type-product","3":"status-publish","4":"has-post-thumbnail","6":"product_brand-wpeverest","7":"product_cat-personalizacion","8":"product_cat-plugins","9":"product_cat-wordpress-plugins","10":"product_tag-wpeverest","11":"member-discount","12":"discount-restricted","14":"first","15":"instock","16":"sale","17":"downloadable","18":"virtual","19":"sold-individually","20":"purchasable","21":"product-type-simple"},"_links":{"self":[{"href":"https:\/\/gpl-love.com\/es\/wp-json\/wp\/v2\/product\/120753","targetHints":{"allow":["GET"]}}],"collection":[{"href":"https:\/\/gpl-love.com\/es\/wp-json\/wp\/v2\/product"}],"about":[{"href":"https:\/\/gpl-love.com\/es\/wp-json\/wp\/v2\/types\/product"}],"replies":[{"embeddable":true,"href":"https:\/\/gpl-love.com\/es\/wp-json\/wp\/v2\/comments?post=120753"}],"wp:featuredmedia":[{"embeddable":true,"href":"https:\/\/gpl-love.com\/es\/wp-json\/wp\/v2\/media\/167922"}],"wp:attachment":[{"href":"https:\/\/gpl-love.com\/es\/wp-json\/wp\/v2\/media?parent=120753"}],"wp:term":[{"taxonomy":"product_brand","embeddable":true,"href":"https:\/\/gpl-love.com\/es\/wp-json\/wp\/v2\/product_brand?post=120753"},{"taxonomy":"product_cat","embeddable":true,"href":"https:\/\/gpl-love.com\/es\/wp-json\/wp\/v2\/product_cat?post=120753"},{"taxonomy":"product_tag","embeddable":true,"href":"https:\/\/gpl-love.com\/es\/wp-json\/wp\/v2\/product_tag?post=120753"}],"curies":[{"name":"wp","href":"https:\/\/api.w.org\/{rel}","templated":true}]}}