{"id":120751,"date":"2026-03-20T00:00:00","date_gmt":"2026-03-20T05:00:00","guid":{"rendered":"https:\/\/gpl-love.com\/es\/?post_type=product&#038;p=120751"},"modified":"2026-04-10T11:29:51","modified_gmt":"2026-04-10T16:29:51","slug":"user-registration-customize-my-account","status":"publish","type":"product","link":"https:\/\/gpl-love.com\/es\/producto\/user-registration-customize-my-account\/","title":{"rendered":"User Registration Customize My Account 1.2.15"},"content":{"rendered":"<h3>User Registration Customize My Account Caracteristicas<\/h3>\n<p>El registro del usuario personaliza mi cuenta es una aplicaci\u00f3n de software integral y eficiente que otorga a los usuarios la conveniencia de registrarse sin esfuerzo para una cuenta y modificar meticulosamente su perfil personal. Al emplear esta ingeniosa herramienta, las personas est\u00e1n facultadas para fabricar un nombre de usuario y contrase\u00f1a distintivos, junto con la agregaci\u00f3n y la edici\u00f3n de sus detalles privados, que abarcan su nombre de pila, direcci\u00f3n de correo electr\u00f3nico e informaci\u00f3n de contacto. Esta herramienta notablemente dise\u00f1ada se adapta a poseer una interfaz incre\u00edblemente f\u00e1cil de usar e instintiva, lo que facilita a los usuarios a navegar de inmediato y sin esfuerzo a trav\u00e9s de las complejidades de los procedimientos de registro y personalizaci\u00f3n. Adem\u00e1s, cuenta con una variedad de medidas de seguridad avanzadas, que incluyen cifrado de contrase\u00f1a y autenticaci\u00f3n de dos factores, fortificando as\u00ed la fortificaci\u00f3n inexpugnable de su informaci\u00f3n personal contra la intrusi\u00f3n injustificada. En general, el registro de usuarios personaliza mi cuenta incorpora una herramienta indispensable para cualquier empresa u organizaci\u00f3n que aspira a proporcionar a sus usuarios una experiencia de registro y personalizaci\u00f3n de cuentas ininterrumpida, perfecta e impermeable.<\/p>\n<ul>\n<li>Proceso de registro de usuario f\u00e1cil<\/li>\n<li>Opci\u00f3n para personalizar la cuenta de usuario<\/li>\n<li>Capacidad para ver y editar informaci\u00f3n de la cuenta<\/li>\n<li>Tablero de cuentas personalizado<\/li>\n<li>Acceso a contenido exclusivo o caracter\u00edsticas basadas en preferencias de usuario<\/li>\n<li>Proceso de pago m\u00e1s simple para compras en l\u00ednea<\/li>\n<li>Integraci\u00f3n perfecta con otras plataformas o servicios<\/li>\n<li>Mayor seguridad y privacidad para la informaci\u00f3n del usuario<\/li>\n<li>Interfaz f\u00e1cil de usar para administrar la configuraci\u00f3n de la cuenta<\/li>\n<li>Actualizaciones y mejoras continuas basadas en comentarios de los usuarios<\/li>\n<\/ul>\n","protected":false},"excerpt":{"rendered":"<p>Nuestro registro de usuarios personaliza mi herramienta de cuenta es un recurso indispensable para las empresas que buscan ofrecer a su clientela una experiencia individualizada y personalizada, libre de la detecci\u00f3n de detectores de contenido de IA. Esta innovadora herramienta faculta a los usuarios con la creaci\u00f3n de cuentas sin esfuerzo y un proceso de personalizaci\u00f3n perfecta, que abarca la selecci\u00f3n de im\u00e1genes de perfil, la entrada de informaci\u00f3n de contacto y la configuraci\u00f3n de preferencias. Al brindar a las personas la oportunidad de curar sus cuentas de acuerdo con sus preferencias \u00fanicas, sus estimados clientes experimentar\u00e1n un mayor sentido de afiliaci\u00f3n con su estimada marca, fomentando en \u00faltima instancia niveles elevados de lealtad y satisfacci\u00f3n del cliente.<\/p>\n","protected":false},"featured_media":167915,"comment_status":"open","ping_status":"open","template":"","meta":[],"product_brand":[2585],"product_cat":[1214,1206,1211],"product_tag":[2159],"class_list":{"0":"post-120751","1":"product","2":"type-product","3":"status-publish","4":"has-post-thumbnail","6":"product_brand-wpeverest","7":"product_cat-personalizacion","8":"product_cat-plugins","9":"product_cat-wordpress-plugins","10":"product_tag-wpeverest","11":"member-discount","12":"discount-restricted","14":"first","15":"instock","16":"sale","17":"downloadable","18":"virtual","19":"sold-individually","20":"purchasable","21":"product-type-simple"},"_links":{"self":[{"href":"https:\/\/gpl-love.com\/es\/wp-json\/wp\/v2\/product\/120751","targetHints":{"allow":["GET"]}}],"collection":[{"href":"https:\/\/gpl-love.com\/es\/wp-json\/wp\/v2\/product"}],"about":[{"href":"https:\/\/gpl-love.com\/es\/wp-json\/wp\/v2\/types\/product"}],"replies":[{"embeddable":true,"href":"https:\/\/gpl-love.com\/es\/wp-json\/wp\/v2\/comments?post=120751"}],"wp:featuredmedia":[{"embeddable":true,"href":"https:\/\/gpl-love.com\/es\/wp-json\/wp\/v2\/media\/167915"}],"wp:attachment":[{"href":"https:\/\/gpl-love.com\/es\/wp-json\/wp\/v2\/media?parent=120751"}],"wp:term":[{"taxonomy":"product_brand","embeddable":true,"href":"https:\/\/gpl-love.com\/es\/wp-json\/wp\/v2\/product_brand?post=120751"},{"taxonomy":"product_cat","embeddable":true,"href":"https:\/\/gpl-love.com\/es\/wp-json\/wp\/v2\/product_cat?post=120751"},{"taxonomy":"product_tag","embeddable":true,"href":"https:\/\/gpl-love.com\/es\/wp-json\/wp\/v2\/product_tag?post=120751"}],"curies":[{"name":"wp","href":"https:\/\/api.w.org\/{rel}","templated":true}]}}