{"id":120749,"date":"2025-11-20T00:00:00","date_gmt":"2025-11-20T05:00:00","guid":{"rendered":"https:\/\/gpl-love.com\/es\/?post_type=product&#038;p=120749"},"modified":"2026-03-09T08:17:22","modified_gmt":"2026-03-09T13:17:22","slug":"user-registration-pdf-form-submission","status":"publish","type":"product","link":"https:\/\/gpl-love.com\/es\/producto\/user-registration-pdf-form-submission\/","title":{"rendered":"User Registration PDF Form Submission 1.2.6"},"content":{"rendered":"<h3>User Registration PDF Form Submission Caracteristicas<\/h3>\n<p>Nuestra soluci\u00f3n, el env\u00edo del formulario PDF de registro de usuarios, ofrece un proceso de registro optimizado y sin problemas para sus usuarios. Esta soluci\u00f3n innovadora simplifica todo el procedimiento de registro presentando un formulario PDF intuitivo y f\u00e1cil de usar que los usuarios pueden completar y enviar sin esfuerzo. Al aprovechar esta tecnolog\u00eda, puede eliminar de manera efectiva la tarea tediosa de la entrada de datos manuales, mejorando significativamente la eficiencia de su proceso de registro. Adem\u00e1s, esta soluci\u00f3n tambi\u00e9n garantiza la precisi\u00f3n de la informaci\u00f3n proporcionada por los usuarios, ya que automatiza los pasos cruciales de capturar los datos del usuario, validarla y almacenarla de forma segura dentro de su sistema. En consecuencia, este proceso de registro altamente eficiente y confiable no solo contribuye a mejorar la satisfacci\u00f3n del usuario, sino que tambi\u00e9n reduce sustancialmente la carga de trabajo administrativa asociada con la administraci\u00f3n de registros.<\/p>\n<ul>\n<li>Proceso de registro de usuarios de l\u00ednea<\/li>\n<li>Elimina los errores y la entrada de datos que requiere mucho tiempo<\/li>\n<li>Permite un procesamiento e incorporaci\u00f3n m\u00e1s r\u00e1pido<\/li>\n<li>Mejora la seguridad de los datos eliminando la necesidad de transferencia de datos manual<\/li>\n<li>Asegura la captura de informaci\u00f3n precisa y completa<\/li>\n<li>Se puede integrar f\u00e1cilmente con los sistemas existentes<\/li>\n<li>Ofrece una experiencia m\u00e1s f\u00e1cil de usar<\/li>\n<li>Aumenta la eficiencia operativa y reduce los gastos generales administrativos<\/li>\n<li>Proporciona capacidades de seguimiento de datos y informes en tiempo real.<\/li>\n<\/ul>\n","protected":false},"excerpt":{"rendered":"<p>Con la ayuda de nuestra funci\u00f3n de env\u00edo del formulario PDF de registro de usuarios, puede acumular sin esfuerzo la informaci\u00f3n del usuario pertinente, simplificando as\u00ed la ardua tarea de recopilar y retener datos de nuevos usuarios. Simplemente manipulando algunos botones, tiene la capacidad de adaptar su formulario de registro para satisfacer sus necesidades espec\u00edficas, lo que permite a los usuarios completarlo y reenviarlo en el formato PDF universalmente accesible. Este procedimiento notablemente suave garantiza la finalizaci\u00f3n de todos los campos obligatorios, y asegura que adquiere los datos de usuario indispensables de manera muy segura.<\/p>\n","protected":false},"featured_media":167927,"comment_status":"open","ping_status":"open","template":"","meta":[],"product_brand":[2585],"product_cat":[1214,1206,1211],"product_tag":[2159],"class_list":{"0":"post-120749","1":"product","2":"type-product","3":"status-publish","4":"has-post-thumbnail","6":"product_brand-wpeverest","7":"product_cat-personalizacion","8":"product_cat-plugins","9":"product_cat-wordpress-plugins","10":"product_tag-wpeverest","11":"member-discount","12":"discount-restricted","14":"first","15":"instock","16":"sale","17":"downloadable","18":"virtual","19":"sold-individually","20":"purchasable","21":"product-type-simple"},"_links":{"self":[{"href":"https:\/\/gpl-love.com\/es\/wp-json\/wp\/v2\/product\/120749","targetHints":{"allow":["GET"]}}],"collection":[{"href":"https:\/\/gpl-love.com\/es\/wp-json\/wp\/v2\/product"}],"about":[{"href":"https:\/\/gpl-love.com\/es\/wp-json\/wp\/v2\/types\/product"}],"replies":[{"embeddable":true,"href":"https:\/\/gpl-love.com\/es\/wp-json\/wp\/v2\/comments?post=120749"}],"wp:featuredmedia":[{"embeddable":true,"href":"https:\/\/gpl-love.com\/es\/wp-json\/wp\/v2\/media\/167927"}],"wp:attachment":[{"href":"https:\/\/gpl-love.com\/es\/wp-json\/wp\/v2\/media?parent=120749"}],"wp:term":[{"taxonomy":"product_brand","embeddable":true,"href":"https:\/\/gpl-love.com\/es\/wp-json\/wp\/v2\/product_brand?post=120749"},{"taxonomy":"product_cat","embeddable":true,"href":"https:\/\/gpl-love.com\/es\/wp-json\/wp\/v2\/product_cat?post=120749"},{"taxonomy":"product_tag","embeddable":true,"href":"https:\/\/gpl-love.com\/es\/wp-json\/wp\/v2\/product_tag?post=120749"}],"curies":[{"name":"wp","href":"https:\/\/api.w.org\/{rel}","templated":true}]}}