{"id":120747,"date":"2024-02-12T00:00:00","date_gmt":"2024-02-12T05:00:00","guid":{"rendered":"https:\/\/gpl-love.com\/es\/?post_type=product&#038;p=120747"},"modified":"2026-04-10T11:29:59","modified_gmt":"2026-04-10T16:29:59","slug":"user-registration-payments-paypal","status":"publish","type":"product","link":"https:\/\/gpl-love.com\/es\/producto\/user-registration-payments-paypal\/","title":{"rendered":"User Registration Payments PayPal 1.5.4"},"content":{"rendered":"<h3>User Registration Payments PayPal Caracteristicas<\/h3>\n<p>Nuestra herramienta PayPal de pagos de registro de usuarios proporciona una soluci\u00f3n notablemente directa e impregnable para los clientes que desean registrarse para su sitio web o servicio, brind\u00e1ndoles la mayor comodidad de utilizar su cuenta de PayPal para transacciones de pago sin problemas. Con su integraci\u00f3n sin esfuerzo y amplias capacidades de personalizaci\u00f3n, esta herramienta le permite adaptar sin esfuerzo el proceso de registro para alinearse con precisi\u00f3n con sus requisitos \u00fanicos, todo al tiempo que garantiza un viaje de usuario sin costura y gratificante. Adem\u00e1s, esta herramienta se encarga de las intrincadas complejidades de procesamiento de pagos, proporcionando tanto a usted como a sus estimados clientes con confirmaciones de pago integrales. Al aprovechar las ventajas incomparables que ofrece nuestra herramienta PayPal de pagos de registro de usuarios, puede optimizar sin esfuerzo su procedimiento de registro, aumentando as\u00ed la satisfacci\u00f3n del cliente a alturas sin precedentes.<\/p>\n<ul>\n<li>Proceso de registro de usuario optimizado<\/li>\n<li>Procesamiento de pago seguro con integraci\u00f3n de PayPal<\/li>\n<li>Capacidad para aceptar el pago para registrar a los usuarios<\/li>\n<li>Seguimiento de pagos automatizado y generaci\u00f3n de recibos<\/li>\n<li>Experiencia de usuario mejorada tanto para propietarios de sitios como para usuarios<\/li>\n<li>Flexibilidad en los m\u00e9todos de pago para usuarios<\/li>\n<li>Mayor potencial de ingresos para los propietarios del sitio<\/li>\n<li>Confirmaci\u00f3n y verificaci\u00f3n de pago en tiempo real<\/li>\n<li>Medidas de seguridad mejoradas para proteger los datos del usuario<\/li>\n<\/ul>\n","protected":false},"excerpt":{"rendered":"<p>Nuestro sistema de pago de registro de usuarios est\u00e1 sin problemas con PayPal, ofreciendo una experiencia perfecta y eficiente para que los nuevos usuarios se registren y realicen pagos de forma segura. Nuestro sistema no solo es f\u00e1cil de usar y es f\u00e1cil de navegar, sino que tambi\u00e9n garantiza una experiencia sin problemas tanto para usted como para sus clientes. Gracias a nuestra integraci\u00f3n confiable con PayPal, las transacciones se procesan con velocidad y m\u00e1xima seguridad, inculcando una sensaci\u00f3n de tranquilidad para sus clientes mientras realizan una compra. Opta por nuestro sistema de pago de PayPal para optimizar su proceso de registro de usuarios y mejorar su experiencia general del cliente.<\/p>\n","protected":false},"featured_media":167926,"comment_status":"open","ping_status":"open","template":"","meta":[],"product_brand":[2585],"product_cat":[1278,1206,1211],"product_tag":[2159],"class_list":{"0":"post-120747","1":"product","2":"type-product","3":"status-publish","4":"has-post-thumbnail","6":"product_brand-wpeverest","7":"product_cat-pago","8":"product_cat-plugins","9":"product_cat-wordpress-plugins","10":"product_tag-wpeverest","11":"member-discount","12":"discount-restricted","14":"first","15":"instock","16":"sale","17":"downloadable","18":"virtual","19":"sold-individually","20":"purchasable","21":"product-type-simple"},"_links":{"self":[{"href":"https:\/\/gpl-love.com\/es\/wp-json\/wp\/v2\/product\/120747","targetHints":{"allow":["GET"]}}],"collection":[{"href":"https:\/\/gpl-love.com\/es\/wp-json\/wp\/v2\/product"}],"about":[{"href":"https:\/\/gpl-love.com\/es\/wp-json\/wp\/v2\/types\/product"}],"replies":[{"embeddable":true,"href":"https:\/\/gpl-love.com\/es\/wp-json\/wp\/v2\/comments?post=120747"}],"wp:featuredmedia":[{"embeddable":true,"href":"https:\/\/gpl-love.com\/es\/wp-json\/wp\/v2\/media\/167926"}],"wp:attachment":[{"href":"https:\/\/gpl-love.com\/es\/wp-json\/wp\/v2\/media?parent=120747"}],"wp:term":[{"taxonomy":"product_brand","embeddable":true,"href":"https:\/\/gpl-love.com\/es\/wp-json\/wp\/v2\/product_brand?post=120747"},{"taxonomy":"product_cat","embeddable":true,"href":"https:\/\/gpl-love.com\/es\/wp-json\/wp\/v2\/product_cat?post=120747"},{"taxonomy":"product_tag","embeddable":true,"href":"https:\/\/gpl-love.com\/es\/wp-json\/wp\/v2\/product_tag?post=120747"}],"curies":[{"name":"wp","href":"https:\/\/api.w.org\/{rel}","templated":true}]}}