{"id":120745,"date":"2026-03-20T00:00:00","date_gmt":"2026-03-20T05:00:00","guid":{"rendered":"https:\/\/gpl-love.com\/es\/?post_type=product&#038;p=120745"},"modified":"2026-04-10T11:29:49","modified_gmt":"2026-04-10T16:29:49","slug":"user-registration-conditional-logic","status":"publish","type":"product","link":"https:\/\/gpl-love.com\/es\/producto\/user-registration-conditional-logic\/","title":{"rendered":"User Registration Conditional Logic 1.5.7"},"content":{"rendered":"<h3>User Registration Conditional Logic Caracteristicas<\/h3>\n<p>La implementaci\u00f3n de la l\u00f3gica condicional de registro del usuario es un mecanismo inmensamente potente e influyente que d\u00eda a los propietarios de sitios web con la capacidad de ejercer control sobre el intrincado proceso de registro del usuario. En virtud de esta notable herramienta, los propietarios de sitios web est\u00e1n facultados para establecer y hacer cumplir una mir\u00edada de reglas condicionales que determinan decisivamente a las personas que poseen el privilegio de registrarse, al tiempo que dicta simult\u00e1neamente la informaci\u00f3n imperativa que debe ser proporcionada durante todo el proceso de registro. Ergo, esta herramienta invaluable exuda un aura de conveniencia y eficacia, ya que permite que los propietarios del sitio web administren las cuentas de los usuarios, inculcando as\u00ed la mayor certeza que \u00fanicamente aquellos usuarios que satisfacen los criterios de elegibilidad prescritos pueden participar en el esfuerzo de registro. En consecuencia, la l\u00f3gica condicional de registro del usuario sirve como un conducto excepcional para la personalizaci\u00f3n de la experiencia del usuario, lo que genera una atm\u00f3sfera de exclusividad y tratamiento a medida. Adem\u00e1s, esta herramienta optimiza significativamente el proceso de registro tanto para usuarios como para propietarios de sitios web, lo que culmin\u00f3 en un modus operandi conveniente y que ahorra tiempo, que invariablemente aumenta la funcionalidad general y el rendimiento de sus respectivos sitios web.<\/p>\n<ul>\n<li>Experiencia de registro de usuario personalizada<\/li>\n<li>Capacidad para crear campos de registro condicionales personalizados<\/li>\n<li>Proceso de registro optimizado para usuarios<\/li>\n<li>Mayor precisi\u00f3n y relevancia de los datos de los usuarios recopilados<\/li>\n<li>An\u00e1lisis de datos mejorado y orientaci\u00f3n para los esfuerzos de marketing<\/li>\n<li>Compromiso y satisfacci\u00f3n mejorados del usuario<\/li>\n<li>Optimizar el rendimiento del sitio web o la aplicaci\u00f3n mediante la eliminaci\u00f3n de campos innecesarios<\/li>\n<li>Mejor comprensi\u00f3n del comportamiento y las preferencias del usuario<\/li>\n<\/ul>\n","protected":false},"excerpt":{"rendered":"<p>La l\u00f3gica condicional de registro del usuario es una herramienta extremadamente influyente que permite a los usuarios construir formularios de registro personalizados con campos condicionales avanzados que se manifiestan exclusivamente cuando se cumplen criterios espec\u00edficos. Al aprovechar esta notable caracter\u00edstica, se puede crear un encuentro de registro m\u00e1s racionalizado y f\u00e1cil de usar para los visitantes de su sitio web, acumulando simult\u00e1neamente todos los datos necesarios necesarios para crear campa\u00f1as de marketing espec\u00edficas y personalizar los esfuerzos de divulgaci\u00f3n. Este producto excepcional se integra sin esfuerzo con los dise\u00f1os de sitios web preexistentes y las utilidades de agregaci\u00f3n de datos, al tiempo que cuenta con asistencia receptiva y actualizaciones peri\u00f3dicas para garantizar la experiencia del usuario m\u00e1s \u00f3ptima posible. En consecuencia, si las aspiraciones de uno incluyen elevar su proceso de registro de usuarios a alturas sin precedentes, la l\u00f3gica condicional de registro del usuario sirve como la soluci\u00f3n por excelencia.<\/p>\n","protected":false},"featured_media":167913,"comment_status":"open","ping_status":"open","template":"","meta":[],"product_brand":[2585],"product_cat":[1214,1206,1211],"product_tag":[2159],"class_list":{"0":"post-120745","1":"product","2":"type-product","3":"status-publish","4":"has-post-thumbnail","6":"product_brand-wpeverest","7":"product_cat-personalizacion","8":"product_cat-plugins","9":"product_cat-wordpress-plugins","10":"product_tag-wpeverest","11":"member-discount","12":"discount-restricted","14":"first","15":"instock","16":"sale","17":"downloadable","18":"virtual","19":"sold-individually","20":"purchasable","21":"product-type-simple"},"_links":{"self":[{"href":"https:\/\/gpl-love.com\/es\/wp-json\/wp\/v2\/product\/120745","targetHints":{"allow":["GET"]}}],"collection":[{"href":"https:\/\/gpl-love.com\/es\/wp-json\/wp\/v2\/product"}],"about":[{"href":"https:\/\/gpl-love.com\/es\/wp-json\/wp\/v2\/types\/product"}],"replies":[{"embeddable":true,"href":"https:\/\/gpl-love.com\/es\/wp-json\/wp\/v2\/comments?post=120745"}],"wp:featuredmedia":[{"embeddable":true,"href":"https:\/\/gpl-love.com\/es\/wp-json\/wp\/v2\/media\/167913"}],"wp:attachment":[{"href":"https:\/\/gpl-love.com\/es\/wp-json\/wp\/v2\/media?parent=120745"}],"wp:term":[{"taxonomy":"product_brand","embeddable":true,"href":"https:\/\/gpl-love.com\/es\/wp-json\/wp\/v2\/product_brand?post=120745"},{"taxonomy":"product_cat","embeddable":true,"href":"https:\/\/gpl-love.com\/es\/wp-json\/wp\/v2\/product_cat?post=120745"},{"taxonomy":"product_tag","embeddable":true,"href":"https:\/\/gpl-love.com\/es\/wp-json\/wp\/v2\/product_tag?post=120745"}],"curies":[{"name":"wp","href":"https:\/\/api.w.org\/{rel}","templated":true}]}}