{"id":120743,"date":"2025-09-06T00:00:00","date_gmt":"2025-09-06T05:00:00","guid":{"rendered":"https:\/\/gpl-love.com\/es\/?post_type=product&#038;p=120743"},"modified":"2026-04-10T11:29:53","modified_gmt":"2026-04-10T16:29:53","slug":"user-registration-field-visibility","status":"publish","type":"product","link":"https:\/\/gpl-love.com\/es\/producto\/user-registration-field-visibility\/","title":{"rendered":"User Registration Field Visibility 1.1.10"},"content":{"rendered":"<h3>User Registration Field Visibility Caracteristicas<\/h3>\n<p>La herramienta conocida como visibilidad del campo de registro del usuario se ha desarrollado espec\u00edficamente para otorgar a los propietarios de sitios web la capacidad de ejercer el control sobre la visibilidad de varios campos durante el proceso de registro que los usuarios realizan. Al recurrir a esta herramienta, es posible que las personas manipulen sin esfuerzo el formulario de registro para incluir \u00fanicamente aquellos campos que se consideran indispensables, facilitando as\u00ed una experiencia m\u00e1s conveniente y eficiente tanto para el usuario como para el propietario del sitio web . Esta herramienta sirve para mejorar la experiencia general del usuario y reducir la frecuencia con la que las personas abandonan el proceso de registro al proporcionarles un proceso de registro que se caracteriza por su simplicidad y facilidad de uso. No es consecuencia de si uno se encuentra operando un blog diminuto o una vasta plataforma de comercio electr\u00f3nico, ya que la inclusi\u00f3n de la visibilidad del campo de registro del usuario dentro del arsenal de herramientas de gesti\u00f3n de sitios web resultar\u00e1 ser inmensamente ventajosa.<\/p>\n<ul>\n<li>Controlar la visibilidad de los campos de registro del usuario<\/li>\n<li>Personalizar el dise\u00f1o del formulario de registro sin codificar<\/li>\n<li>Permitir a los usuarios solo ver campos relevantes para un proceso de registro m\u00e1s suave<\/li>\n<li>Agregar o eliminar f\u00e1cilmente los campos del formulario de registro<\/li>\n<li>Aumentar la participaci\u00f3n del usuario al adaptar los campos de registro a la demograf\u00eda del usuario<\/li>\n<li>Mejorar la precisi\u00f3n de la recopilaci\u00f3n de datos mostrando solo los campos necesarios<\/li>\n<li>Simplifique el registro del usuario con un dise\u00f1o de formulario optimizado<\/li>\n<li>Reduzca la frustraci\u00f3n del usuario evitando preguntas irrelevantes durante el registro<\/li>\n<li>Proteger la privacidad del usuario solo recopilando la informaci\u00f3n necesaria<\/li>\n<\/ul>\n","protected":false},"excerpt":{"rendered":"<p>Con la caracter\u00edstica de la visibilidad del campo de registro del usuario, tiene la capacidad conveniente de personalizar sin esfuerzo sus formularios de registro de usuario de acuerdo con sus requisitos espec\u00edficos, lo que le permite exhibir o ocultar campos de formulario particular seg\u00fan su discreci\u00f3n. Esta caracter\u00edstica excepcional garantiza la facilitaci\u00f3n de un proceso de registro perfecto y altamente eficiente para sus estimados usuarios, asegurando su m\u00e1xima satisfacci\u00f3n y conveniencia.<\/p>\n","protected":false},"featured_media":167918,"comment_status":"open","ping_status":"open","template":"","meta":[],"product_brand":[2585],"product_cat":[1214,1206,1211],"product_tag":[2159],"class_list":{"0":"post-120743","1":"product","2":"type-product","3":"status-publish","4":"has-post-thumbnail","6":"product_brand-wpeverest","7":"product_cat-personalizacion","8":"product_cat-plugins","9":"product_cat-wordpress-plugins","10":"product_tag-wpeverest","11":"member-discount","12":"discount-restricted","14":"first","15":"instock","16":"sale","17":"downloadable","18":"virtual","19":"sold-individually","20":"purchasable","21":"product-type-simple"},"_links":{"self":[{"href":"https:\/\/gpl-love.com\/es\/wp-json\/wp\/v2\/product\/120743","targetHints":{"allow":["GET"]}}],"collection":[{"href":"https:\/\/gpl-love.com\/es\/wp-json\/wp\/v2\/product"}],"about":[{"href":"https:\/\/gpl-love.com\/es\/wp-json\/wp\/v2\/types\/product"}],"replies":[{"embeddable":true,"href":"https:\/\/gpl-love.com\/es\/wp-json\/wp\/v2\/comments?post=120743"}],"wp:featuredmedia":[{"embeddable":true,"href":"https:\/\/gpl-love.com\/es\/wp-json\/wp\/v2\/media\/167918"}],"wp:attachment":[{"href":"https:\/\/gpl-love.com\/es\/wp-json\/wp\/v2\/media?parent=120743"}],"wp:term":[{"taxonomy":"product_brand","embeddable":true,"href":"https:\/\/gpl-love.com\/es\/wp-json\/wp\/v2\/product_brand?post=120743"},{"taxonomy":"product_cat","embeddable":true,"href":"https:\/\/gpl-love.com\/es\/wp-json\/wp\/v2\/product_cat?post=120743"},{"taxonomy":"product_tag","embeddable":true,"href":"https:\/\/gpl-love.com\/es\/wp-json\/wp\/v2\/product_tag?post=120743"}],"curies":[{"name":"wp","href":"https:\/\/api.w.org\/{rel}","templated":true}]}}