{"id":120741,"date":"2025-11-20T00:00:00","date_gmt":"2025-11-20T05:00:00","guid":{"rendered":"https:\/\/gpl-love.com\/es\/?post_type=product&#038;p=120741"},"modified":"2026-03-09T08:17:30","modified_gmt":"2026-03-09T13:17:30","slug":"user-registration-style-customizer","status":"publish","type":"product","link":"https:\/\/gpl-love.com\/es\/producto\/user-registration-style-customizer\/","title":{"rendered":"User Registration Style Customizer 1.1.3"},"content":{"rendered":"<h3>User Registration Style Customizer Caracteristicas<\/h3>\n<p>El personalizador de estilo de registro de usuarios, una herramienta incre\u00edblemente poderosa, permite a los usuarios personalizar ampliamente el proceso de registro en su sitio web de acuerdo con sus requisitos y preferencias individuales. Al aprovechar esta herramienta excepcional, los usuarios pueden dise\u00f1ar sin esfuerzo y crear un formulario de registro que se alinee perfectamente con sus necesidades espec\u00edficas. \u00bfEl resultado? Un formulario de registro meticulosamente elaborado y perfectamente funcional que se integra perfectamente en cualquier sitio web, asegurando una experiencia de registro verdaderamente excepcional y personalizada. Este producto excepcional es particularmente adecuado para desarrolladores web calificados y propietarios de sitios diligentes que aspiran a ofrecer un proceso de registro incomparable y a medida para sus estimados usuarios. Con las notables capacidades del personalizador de estilo de registro de usuarios, los usuarios pueden dise\u00f1ar sin esfuerzo un formulario de registro visualmente cautivador e incre\u00edblemente f\u00e1cil de usar que garantiza un viaje de registro sin esfuerzo sin esfuerzo y sin estr\u00e9s para todos sus estimados visitantes del sitio.<\/p>\n<ul>\n<li>Interfaz de usuario f\u00e1cil e intuitiva<\/li>\n<li>Formularios de registro de usuario personalizables<\/li>\n<li>Opciones de campo de forma m\u00faltiple (entrada de texto, menores desplegables, botones de radio, etc.)<\/li>\n<li>Opci\u00f3n para agregar campos personalizados<\/li>\n<li>Capacidad para agregar reglas de validaci\u00f3n para garantizar una recopilaci\u00f3n de datos precisa<\/li>\n<li>Integraci\u00f3n con herramientas populares de marketing por correo electr\u00f3nico<\/li>\n<li>Los datos del usuario se almacenan de forma segura<\/li>\n<li>Proporciona an\u00e1lisis y informes detallados<\/li>\n<li>Ahorra tiempo y recursos automatizando el proceso de registro<\/li>\n<li>Mejora la experiencia del usuario al permitir la personalizaci\u00f3n del proceso de registro.<\/li>\n<\/ul>\n","protected":false},"excerpt":{"rendered":"<p>El personalizador de estilo de registro del usuario es una herramienta incre\u00edblemente f\u00e1cil de usar que le brinda la capacidad de personalizar la apariencia visual y el ambiente general de sus formularios de registro de usuario. Su interfaz est\u00e1 dise\u00f1ada con la m\u00e1xima simplicidad, lo que le permite seleccionar sin esfuerzo de una extensa variedad de elementos predise\u00f1ados o incluso modelar el suyo desde cero a trav\u00e9s de un mecanismo de arrastre y drogas directo. Ya sea que su objetivo sea armonizar con el esquema de color distintivo de su marca o forjar una experiencia de usuario verdaderamente distinta e incomparable, el personalizador de estilo de registro del usuario optimiza el proceso de elaboraci\u00f3n de una forma que es est\u00e9ticamente agradable y completamente funcional. Lo que es a\u00fan m\u00e1s notable es su compatibilidad con todas las plataformas web l\u00edderes, asegurando que se integre sin problemas con el sistema que pueda estar operando. \u00a1No pierda tiempo y se embarque en el viaje de personalizar sus formularios de registro de usuario hoy!<\/p>\n","protected":false},"featured_media":167932,"comment_status":"open","ping_status":"open","template":"","meta":[],"product_brand":[2585],"product_cat":[1214,1206,1211],"product_tag":[2159],"class_list":{"0":"post-120741","1":"product","2":"type-product","3":"status-publish","4":"has-post-thumbnail","6":"product_brand-wpeverest","7":"product_cat-personalizacion","8":"product_cat-plugins","9":"product_cat-wordpress-plugins","10":"product_tag-wpeverest","11":"member-discount","12":"discount-restricted","14":"first","15":"instock","16":"sale","17":"downloadable","18":"virtual","19":"sold-individually","20":"purchasable","21":"product-type-simple"},"_links":{"self":[{"href":"https:\/\/gpl-love.com\/es\/wp-json\/wp\/v2\/product\/120741","targetHints":{"allow":["GET"]}}],"collection":[{"href":"https:\/\/gpl-love.com\/es\/wp-json\/wp\/v2\/product"}],"about":[{"href":"https:\/\/gpl-love.com\/es\/wp-json\/wp\/v2\/types\/product"}],"replies":[{"embeddable":true,"href":"https:\/\/gpl-love.com\/es\/wp-json\/wp\/v2\/comments?post=120741"}],"wp:featuredmedia":[{"embeddable":true,"href":"https:\/\/gpl-love.com\/es\/wp-json\/wp\/v2\/media\/167932"}],"wp:attachment":[{"href":"https:\/\/gpl-love.com\/es\/wp-json\/wp\/v2\/media?parent=120741"}],"wp:term":[{"taxonomy":"product_brand","embeddable":true,"href":"https:\/\/gpl-love.com\/es\/wp-json\/wp\/v2\/product_brand?post=120741"},{"taxonomy":"product_cat","embeddable":true,"href":"https:\/\/gpl-love.com\/es\/wp-json\/wp\/v2\/product_cat?post=120741"},{"taxonomy":"product_tag","embeddable":true,"href":"https:\/\/gpl-love.com\/es\/wp-json\/wp\/v2\/product_tag?post=120741"}],"curies":[{"name":"wp","href":"https:\/\/api.w.org\/{rel}","templated":true}]}}