{"id":120698,"date":"2021-12-14T00:00:00","date_gmt":"2021-12-14T05:00:00","guid":{"rendered":"https:\/\/gpl-love.com\/es\/?post_type=product&#038;p=120698"},"modified":"2026-03-09T08:17:09","modified_gmt":"2026-03-09T13:17:09","slug":"user-registration-extras","status":"publish","type":"product","link":"https:\/\/gpl-love.com\/es\/producto\/user-registration-extras\/","title":{"rendered":"User Registration Extras 1.1.0"},"content":{"rendered":"<h3>User Registration Extras Caracteristicas<\/h3>\n<p>Los extras de registro del usuario abarcan una gran cantidad de caracter\u00edsticas y funcionalidades complementarias que tienen el potencial de aumentar y refinar el proceso de registro del usuario. Estos elementos suplementarios pueden abarcar una variedad de opciones, que incluyen, entre otros, una integraci\u00f3n perfecta con varias plataformas de redes sociales, mecanismos de confirmaci\u00f3n de correo electr\u00f3nico s\u00f3lidos, indicadores de fuerza de contrase\u00f1a juiciosos y una variedad de otros atributos beneficiosos. Al incorporar a la perfecci\u00f3n estos componentes complementarios en su proceso de registro de usuarios, las empresas y organizaciones pueden cultivar efectivamente una experiencia m\u00e1s racionalizada y centrada en el usuario para sus estimados clientes o miembros valiosos. En consecuencia, la inclusi\u00f3n de extras de registro del usuario puede reforzar efectivamente la precisi\u00f3n de los datos y fortalecer las medidas de seguridad, mitigando as\u00ed la aparici\u00f3n de actividades fraudulentas y, en \u00faltima instancia, culminando en un proceso de registro m\u00e1s pr\u00f3spero y triunfante.<\/p>\n<ul>\n<li>Proporciona campos adicionales para el registro del usuario<\/li>\n<li>Aumenta las opciones de personalizaci\u00f3n para formularios de registro<\/li>\n<li>Permite recopilar informaci\u00f3n m\u00e1s detallada de los usuarios<\/li>\n<li>Se puede utilizar para recopilar datos demogr\u00e1ficos con fines de marketing<\/li>\n<li>Reliminar la recopilaci\u00f3n y organizaci\u00f3n de datos para administradores de sitios web<\/li>\n<li>Mejora la experiencia general del usuario al permitir a los usuarios proporcionar informaci\u00f3n m\u00e1s relevante<\/li>\n<li>Ayuda a prevenir los registros de spam al incluir medidas anti-Spam adicionales<\/li>\n<li>Mejora la seguridad al permitir pasos de verificaci\u00f3n adicionales durante el registro<\/li>\n<li>Se puede integrar f\u00e1cilmente en los procesos de registro existentes<\/li>\n<li>Mejora la funcionalidad general y la participaci\u00f3n del usuario de sitios web o aplicaciones.<\/li>\n<\/ul>\n","protected":false},"excerpt":{"rendered":"<p>Al incorporar extras de registro del usuario en su proceso de registro, tiene la oportunidad de elevarlo y adquirir una gran cantidad de informaci\u00f3n adicional de sus usuarios. Esta funcionalidad le permite integrar sin problemas campos personalizados en su formulario de registro, ofreciendo una amplia gama de tipos de campo para elegir. Adem\u00e1s, tiene la flexibilidad de personalizar el formulario de registro de acuerdo con la identidad \u00fanica de su marca. Este invaluable recurso le permite acumular datos significativos sobre sus usuarios, lo que mejora su experiencia general con su plataforma.<\/p>\n","protected":false},"featured_media":167917,"comment_status":"open","ping_status":"open","template":"","meta":[],"product_brand":[2585],"product_cat":[1214,1206,1211],"product_tag":[2159],"class_list":{"0":"post-120698","1":"product","2":"type-product","3":"status-publish","4":"has-post-thumbnail","6":"product_brand-wpeverest","7":"product_cat-personalizacion","8":"product_cat-plugins","9":"product_cat-wordpress-plugins","10":"product_tag-wpeverest","11":"member-discount","12":"discount-restricted","14":"first","15":"instock","16":"sale","17":"downloadable","18":"virtual","19":"sold-individually","20":"purchasable","21":"product-type-simple"},"_links":{"self":[{"href":"https:\/\/gpl-love.com\/es\/wp-json\/wp\/v2\/product\/120698","targetHints":{"allow":["GET"]}}],"collection":[{"href":"https:\/\/gpl-love.com\/es\/wp-json\/wp\/v2\/product"}],"about":[{"href":"https:\/\/gpl-love.com\/es\/wp-json\/wp\/v2\/types\/product"}],"replies":[{"embeddable":true,"href":"https:\/\/gpl-love.com\/es\/wp-json\/wp\/v2\/comments?post=120698"}],"wp:featuredmedia":[{"embeddable":true,"href":"https:\/\/gpl-love.com\/es\/wp-json\/wp\/v2\/media\/167917"}],"wp:attachment":[{"href":"https:\/\/gpl-love.com\/es\/wp-json\/wp\/v2\/media?parent=120698"}],"wp:term":[{"taxonomy":"product_brand","embeddable":true,"href":"https:\/\/gpl-love.com\/es\/wp-json\/wp\/v2\/product_brand?post=120698"},{"taxonomy":"product_cat","embeddable":true,"href":"https:\/\/gpl-love.com\/es\/wp-json\/wp\/v2\/product_cat?post=120698"},{"taxonomy":"product_tag","embeddable":true,"href":"https:\/\/gpl-love.com\/es\/wp-json\/wp\/v2\/product_tag?post=120698"}],"curies":[{"name":"wp","href":"https:\/\/api.w.org\/{rel}","templated":true}]}}