{"id":120696,"date":"2026-03-20T00:00:00","date_gmt":"2026-03-20T05:00:00","guid":{"rendered":"https:\/\/gpl-love.com\/es\/?post_type=product&#038;p=120696"},"modified":"2026-04-10T11:29:52","modified_gmt":"2026-04-10T16:29:52","slug":"user-registration-email-templates","status":"publish","type":"product","link":"https:\/\/gpl-love.com\/es\/producto\/user-registration-email-templates\/","title":{"rendered":"User Registration Email Templates 1.2.11"},"content":{"rendered":"<h3>User Registration Email Templates Caracteristicas<\/h3>\n<p>Nuestras plantillas de correo electr\u00f3nico de registro de usuarios ofrecen a las empresas una soluci\u00f3n conveniente y eficiente para generar correos electr\u00f3nicos profesionales y personalizados para sus usuarios. Estas plantillas presentan una selecci\u00f3n diversa de opciones personalizables, lo que permite a las empresas alinear sin esfuerzo sus correos electr\u00f3nicos con su imagen de marca y mensajes. Dise\u00f1ado con la facilidad de uso en mente, nuestras plantillas facilitan la creaci\u00f3n y distribuci\u00f3n de correo electr\u00f3nico r\u00e1pidas y perfectas para empresas de todos los tama\u00f1os, ya sea una peque\u00f1a empresa o una gran corporaci\u00f3n. Al emplear nuestras plantillas de correo electr\u00f3nico de registro de usuarios, las empresas pueden optimizar sus procesos de comunicaci\u00f3n y elevar la experiencia general del usuario.<\/p>\n<ul>\n<li>Una colecci\u00f3n de plantillas de correo electr\u00f3nico personalizables para fines de registro de usuarios<\/li>\n<li>Incluye plantillas para correos electr\u00f3nicos de bienvenida, correos electr\u00f3nicos de confirmaci\u00f3n de la cuenta, correos electr\u00f3nicos de restablecimiento de contrase\u00f1a y m\u00e1s<\/li>\n<li>Ahorra tiempo y esfuerzo al proporcionar opciones de copia y dise\u00f1o preescritas<\/li>\n<li>Permite a las empresas y organizaciones crear un proceso de registro profesional y simplificado<\/li>\n<li>Se puede adaptar para adaptarse a la marca y al tono de cualquier empresa o industria<\/li>\n<li>Ayuda a aumentar la participaci\u00f3n del cliente al proporcionar una experiencia de incorporaci\u00f3n mejorada<\/li>\n<li>Simple y f\u00e1cil de usar, ideal para peque\u00f1as empresas y nuevas empresas<\/li>\n<li>Mejora la experiencia general del usuario, lo que lleva a una mejor retenci\u00f3n y lealtad<\/li>\n<\/ul>\n","protected":false},"excerpt":{"rendered":"<p>Nuestras plantillas de correo electr\u00f3nico de registro de usuarios han sido dise\u00f1adas meticulosamente para ayudarlo a optimizar la eficiencia de su proceso de registro de usuarios. Estas plantillas meticulosamente seleccionadas ofrecen borradores de correo electr\u00f3nico precompuestos que no solo son personalizables, sino que tambi\u00e9n sirven como un medio para facilitar la comunicaci\u00f3n efectiva con sus usuarios reci\u00e9n registrados. Al abarcar una amplia gama de formatos de correo electr\u00f3nico, como mensajes de bienvenida, enlaces de activaci\u00f3n y correos electr\u00f3nicos de confirmaci\u00f3n, nuestras plantillas tienen como objetivo garantizar que el proceso de registro sea lo m\u00e1s f\u00e1cil y optimizado posible tanto para usted como para sus usuarios. Al utilizar nuestras plantillas de correo electr\u00f3nico de registro de usuarios, no solo podr\u00e1 ahorrar una cantidad considerable de tiempo, sino que tambi\u00e9n minimizar\u00e1 significativamente la ocurrencia de errores, lo que finalmente conduce a una experiencia de usuario mejorada.<\/p>\n","protected":false},"featured_media":167916,"comment_status":"open","ping_status":"open","template":"","meta":[],"product_brand":[2585],"product_cat":[1214,1206,1211],"product_tag":[2159],"class_list":{"0":"post-120696","1":"product","2":"type-product","3":"status-publish","4":"has-post-thumbnail","6":"product_brand-wpeverest","7":"product_cat-personalizacion","8":"product_cat-plugins","9":"product_cat-wordpress-plugins","10":"product_tag-wpeverest","11":"member-discount","12":"discount-restricted","14":"first","15":"instock","16":"sale","17":"downloadable","18":"virtual","19":"sold-individually","20":"purchasable","21":"product-type-simple"},"_links":{"self":[{"href":"https:\/\/gpl-love.com\/es\/wp-json\/wp\/v2\/product\/120696","targetHints":{"allow":["GET"]}}],"collection":[{"href":"https:\/\/gpl-love.com\/es\/wp-json\/wp\/v2\/product"}],"about":[{"href":"https:\/\/gpl-love.com\/es\/wp-json\/wp\/v2\/types\/product"}],"replies":[{"embeddable":true,"href":"https:\/\/gpl-love.com\/es\/wp-json\/wp\/v2\/comments?post=120696"}],"wp:featuredmedia":[{"embeddable":true,"href":"https:\/\/gpl-love.com\/es\/wp-json\/wp\/v2\/media\/167916"}],"wp:attachment":[{"href":"https:\/\/gpl-love.com\/es\/wp-json\/wp\/v2\/media?parent=120696"}],"wp:term":[{"taxonomy":"product_brand","embeddable":true,"href":"https:\/\/gpl-love.com\/es\/wp-json\/wp\/v2\/product_brand?post=120696"},{"taxonomy":"product_cat","embeddable":true,"href":"https:\/\/gpl-love.com\/es\/wp-json\/wp\/v2\/product_cat?post=120696"},{"taxonomy":"product_tag","embeddable":true,"href":"https:\/\/gpl-love.com\/es\/wp-json\/wp\/v2\/product_tag?post=120696"}],"curies":[{"name":"wp","href":"https:\/\/api.w.org\/{rel}","templated":true}]}}