{"id":120694,"date":"2025-11-20T00:00:00","date_gmt":"2025-11-20T05:00:00","guid":{"rendered":"https:\/\/gpl-love.com\/es\/?post_type=product&#038;p=120694"},"modified":"2026-03-09T08:17:02","modified_gmt":"2026-03-09T13:17:02","slug":"user-registration-advanced-fields","status":"publish","type":"product","link":"https:\/\/gpl-love.com\/es\/producto\/user-registration-advanced-fields\/","title":{"rendered":"User Registration Advanced Fields 1.6.17"},"content":{"rendered":"<h3>User Registration Advanced Fields Caracteristicas<\/h3>\n<p>El registro de usuarios Avanzed Fields es un producto altamente sofisticado espec\u00edficamente dise\u00f1ado para proporcionar a las empresas y organizaciones una soluci\u00f3n que abarca todo para mejorar su proceso de registro de usuarios. Este producto excepcional permite la recopilaci\u00f3n de detalles intrincados de los usuarios en el momento del registro, que abarca campos avanzados como el historial de empleo, la educaci\u00f3n y otra informaci\u00f3n pertinente. Adem\u00e1s, los datos meticulosamente recopilados se almacenan de forma segura y convenientemente accesible a trav\u00e9s de una interfaz f\u00e1cil de usar, facilitando as\u00ed un an\u00e1lisis y utilizaci\u00f3n sin problemas por empresas y organizaciones para campa\u00f1as de marketing efectivas, estrategias de comunicaci\u00f3n y una multitud de otros fines. Al aprovechar el poder de los campos avanzados de registro de usuarios, las empresas y las organizaciones pueden optimizar sin esfuerzo su proceso de registro de usuarios, mientras obtienen informaci\u00f3n invaluable en su base de usuarios.<\/p>\n<ul>\n<li>Permite la personalizaci\u00f3n de los campos de registro m\u00e1s all\u00e1 de la informaci\u00f3n b\u00e1sica, como el nombre y el correo electr\u00f3nico.<\/li>\n<li>Permite a las empresas recopilar informaci\u00f3n m\u00e1s espec\u00edfica y relevante de sus usuarios durante el registro.<\/li>\n<li>Ayuda a mejorar la segmentaci\u00f3n del usuario y los esfuerzos de marketing de objetivos<\/li>\n<li>Agiliza el proceso de registro eliminando la necesidad de preguntas de seguimiento adicionales o formularios complementarios<\/li>\n<li>Proporciona una experiencia de usuario m\u00e1s personalizada y personalizada<\/li>\n<li>Aumenta las posibilidades de participaci\u00f3n y retenci\u00f3n del usuario<\/li>\n<li>Puede integrarse sin problemas en los procesos de registro y los sistemas de software existentes<\/li>\n<li>Permite a las empresas mantener el cumplimiento de las regulaciones de privacidad y datos a medida que recopilan y manejan la informaci\u00f3n potencialmente confidencial del usuario.<\/li>\n<li>Aumenta la calidad y precisi\u00f3n general de los datos del usuario, mejorando las capacidades de an\u00e1lisis y informes.<\/li>\n<\/ul>\n","protected":false},"excerpt":{"rendered":"<p>La funci\u00f3n de Fields Advanced de registro del usuario ofrece una amplia gama de capacidades y flexibilidad, otorgando a los propietarios de sitios web una multitud de opciones para personalizar sus formularios de registro de usuarios de manera integral. Al utilizar esta herramienta, los usuarios est\u00e1n facultados para construir campos a medida, incorporar las casillas de verificaci\u00f3n, implementar men\u00fas desplegables y mucho m\u00e1s, lo que les permite obtener toda la informaci\u00f3n pertinente requerida de su p\u00fablico objetivo. Este notable producto facilita la adaptaci\u00f3n de los formularios de registro para adaptarse a requisitos espec\u00edficos y tambi\u00e9n automatiza el proceso de recopilaci\u00f3n de contenido. Independientemente de si el usuario est\u00e1 operando un negocio, administrando un foro comunitario o supervisar una organizaci\u00f3n sin fines de lucro, la utilizaci\u00f3n de los campos avanzados de registro del usuario sirve para elevar la experiencia general del usuario y al mismo tiempo agilizar el esfuerzo de recopilar datos cruciales.<\/p>\n","protected":false},"featured_media":167912,"comment_status":"open","ping_status":"open","template":"","meta":[],"product_brand":[2585],"product_cat":[1214,1206,1211],"product_tag":[2159],"class_list":{"0":"post-120694","1":"product","2":"type-product","3":"status-publish","4":"has-post-thumbnail","6":"product_brand-wpeverest","7":"product_cat-personalizacion","8":"product_cat-plugins","9":"product_cat-wordpress-plugins","10":"product_tag-wpeverest","11":"member-discount","12":"discount-restricted","14":"first","15":"instock","16":"sale","17":"downloadable","18":"virtual","19":"sold-individually","20":"purchasable","21":"product-type-simple"},"_links":{"self":[{"href":"https:\/\/gpl-love.com\/es\/wp-json\/wp\/v2\/product\/120694","targetHints":{"allow":["GET"]}}],"collection":[{"href":"https:\/\/gpl-love.com\/es\/wp-json\/wp\/v2\/product"}],"about":[{"href":"https:\/\/gpl-love.com\/es\/wp-json\/wp\/v2\/types\/product"}],"replies":[{"embeddable":true,"href":"https:\/\/gpl-love.com\/es\/wp-json\/wp\/v2\/comments?post=120694"}],"wp:featuredmedia":[{"embeddable":true,"href":"https:\/\/gpl-love.com\/es\/wp-json\/wp\/v2\/media\/167912"}],"wp:attachment":[{"href":"https:\/\/gpl-love.com\/es\/wp-json\/wp\/v2\/media?parent=120694"}],"wp:term":[{"taxonomy":"product_brand","embeddable":true,"href":"https:\/\/gpl-love.com\/es\/wp-json\/wp\/v2\/product_brand?post=120694"},{"taxonomy":"product_cat","embeddable":true,"href":"https:\/\/gpl-love.com\/es\/wp-json\/wp\/v2\/product_cat?post=120694"},{"taxonomy":"product_tag","embeddable":true,"href":"https:\/\/gpl-love.com\/es\/wp-json\/wp\/v2\/product_tag?post=120694"}],"curies":[{"name":"wp","href":"https:\/\/api.w.org\/{rel}","templated":true}]}}