{"id":120692,"date":"2025-11-20T00:00:00","date_gmt":"2025-11-20T05:00:00","guid":{"rendered":"https:\/\/gpl-love.com\/es\/?post_type=product&#038;p=120692"},"modified":"2026-03-09T08:17:27","modified_gmt":"2026-03-09T13:17:27","slug":"user-registration-social-connect","status":"publish","type":"product","link":"https:\/\/gpl-love.com\/es\/producto\/user-registration-social-connect\/","title":{"rendered":"User Registration Social Connect 1.5.5"},"content":{"rendered":"<h3>User Registration Social Connect Caracteristicas<\/h3>\n<p>El registro de usuarios Social Connect es una herramienta ingeniosa meticulosamente elaborada para optimizar el proceso de registro del usuario, lo que lo convierte en un esfuerzo sin esfuerzo. En virtud de esta herramienta, los usuarios est\u00e1n facultados para registrarse sin esfuerzo en cuentas en sitios web y aplicaciones utilizando convenientemente sus cuentas de redes sociales. En consecuencia, los usuarios est\u00e1n absueltos de la ardua tarea de crear cuentas nuevas y memorizar detalles de inicio de sesi\u00f3n suplementarios. Adem\u00e1s, el registro de usuarios Social Connect demuestra ser un activo invaluable para empresas y propietarios de sitios web, dot\u00e1ndoles con ideas y datos invaluables relacionados con sus usuarios. Armadas con esta herramienta, las empresas pueden mejorar sus esfuerzos de marketing y proporcionar un servicio al cliente incomparable a sus usuarios. Ergo, se puede afirmar inequ\u00edvocamente que el registro de usuarios Social Connect incorpora una soluci\u00f3n mutuamente beneficiosa tanto para usuarios como para empresas, estableciendo una simbiosis armoniosa entre los dos.<\/p>\n<ul>\n<li>Permite a los usuarios registrarse f\u00e1cilmente para un sitio web o aplicaci\u00f3n a trav\u00e9s de sus cuentas de redes sociales.<\/li>\n<li>Admite plataformas populares como Facebook, Twitter, Google y LinkedIn<\/li>\n<li>Ahorra tiempo y esfuerzo para los usuarios que no quieren crear una nueva cuenta desde cero<\/li>\n<li>Puede aumentar los registros del sitio web\/aplicaciones y la participaci\u00f3n del usuario al eliminar las barreras de entrada<\/li>\n<li>Proporciona un proceso de registro optimizado que es f\u00e1cil de navegar<\/li>\n<li>Importa autom\u00e1ticamente datos de usuario de su plataforma de redes sociales elegidas, como el nombre y la foto de perfil<\/li>\n<li>Ofrece opciones personalizables para registrarse con o sin integraci\u00f3n de redes sociales<\/li>\n<li>Mejora la seguridad verificando la identidad del usuario a trav\u00e9s de sus cuentas de redes sociales<\/li>\n<li>Proporciona datos y conocimientos valiosos sobre el uso y las preferencias de las redes sociales de los usuarios.<\/li>\n<\/ul>\n","protected":false},"excerpt":{"rendered":"<p>El registro de usuarios Social Connect es una herramienta extremadamente sofisticada y eficiente que proporciona una experiencia de registro de redes sociales sin problemas y sin esfuerzo en su sitio web o aplicaci\u00f3n. Este notable complemento otorga a sus usuarios la capacidad de registrarse r\u00e1pidamente y convenientemente utilizando sus perfiles de redes sociales preexistentes. Al incorporar el registro de usuarios Social Connect en su plataforma, no solo ahorrar\u00e1 una cantidad sustancial de tiempo valioso, sino que tambi\u00e9n mejorar\u00e1 la participaci\u00f3n del usuario al eliminar completamente el requisito de crear nuevas cuentas. Adem\u00e1s, este complemento excepcional ofrece una amplia gama de opciones para personalizar su proceso de registro, lo que le permite determinar a qu\u00e9 plataformas de redes sociales son accesibles para fines de registro, as\u00ed como los datos espec\u00edficos que se recopilan de sus usuarios. En consecuencia, puede garantizar una experiencia impecablemente suave y sin problemas para los usuarios nuevos y que regresan, lo que mejora las tasas generales de satisfacci\u00f3n y retenci\u00f3n del usuario en su plataforma.<\/p>\n","protected":false},"featured_media":167930,"comment_status":"open","ping_status":"open","template":"","meta":[],"product_brand":[2585],"product_cat":[1206,1257,1211],"product_tag":[2159],"class_list":{"0":"post-120692","1":"product","2":"type-product","3":"status-publish","4":"has-post-thumbnail","6":"product_brand-wpeverest","7":"product_cat-plugins","8":"product_cat-social","9":"product_cat-wordpress-plugins","10":"product_tag-wpeverest","11":"member-discount","12":"discount-restricted","14":"first","15":"instock","16":"sale","17":"downloadable","18":"virtual","19":"sold-individually","20":"purchasable","21":"product-type-simple"},"_links":{"self":[{"href":"https:\/\/gpl-love.com\/es\/wp-json\/wp\/v2\/product\/120692","targetHints":{"allow":["GET"]}}],"collection":[{"href":"https:\/\/gpl-love.com\/es\/wp-json\/wp\/v2\/product"}],"about":[{"href":"https:\/\/gpl-love.com\/es\/wp-json\/wp\/v2\/types\/product"}],"replies":[{"embeddable":true,"href":"https:\/\/gpl-love.com\/es\/wp-json\/wp\/v2\/comments?post=120692"}],"wp:featuredmedia":[{"embeddable":true,"href":"https:\/\/gpl-love.com\/es\/wp-json\/wp\/v2\/media\/167930"}],"wp:attachment":[{"href":"https:\/\/gpl-love.com\/es\/wp-json\/wp\/v2\/media?parent=120692"}],"wp:term":[{"taxonomy":"product_brand","embeddable":true,"href":"https:\/\/gpl-love.com\/es\/wp-json\/wp\/v2\/product_brand?post=120692"},{"taxonomy":"product_cat","embeddable":true,"href":"https:\/\/gpl-love.com\/es\/wp-json\/wp\/v2\/product_cat?post=120692"},{"taxonomy":"product_tag","embeddable":true,"href":"https:\/\/gpl-love.com\/es\/wp-json\/wp\/v2\/product_tag?post=120692"}],"curies":[{"name":"wp","href":"https:\/\/api.w.org\/{rel}","templated":true}]}}