{"id":120690,"date":"2026-01-23T00:00:00","date_gmt":"2026-01-23T05:00:00","guid":{"rendered":"https:\/\/gpl-love.com\/es\/?post_type=product&#038;p=120690"},"modified":"2026-04-10T11:29:56","modified_gmt":"2026-04-10T16:29:56","slug":"user-registration-import-users","status":"publish","type":"product","link":"https:\/\/gpl-love.com\/es\/producto\/user-registration-import-users\/","title":{"rendered":"User Registration Import Users 1.0.12"},"content":{"rendered":"<h3>User Registration Import Users Caracteristicas<\/h3>\n<p>El producto de los usuarios de importaci\u00f3n de registro de usuarios ha sido ingeniosamente dise\u00f1ado para optimizar y facilitar el intrincado proceso de importaci\u00f3n de registros de usuarios en un sistema. Esta ingeniosa herramienta no solo acelera el proceso, sino que tambi\u00e9n garantiza la m\u00e1xima seguridad, proporcionando as\u00ed un medio confiable y eficiente para agregar m\u00faltiples usuarios a una base de datos o sitio web. Su indispensabilidad se hace particularmente evidente cuando se trata de empresas u organizaciones que se enfrentan a la compleja tarea de importar un volumen sustancial de registros de usuarios de una vez. Con la implementaci\u00f3n de los usuarios de importaci\u00f3n de registro de usuarios, a los usuarios se les ofrece un nivel incomparable de conveniencia, ya que pueden cargar sin esfuerzo un archivo CSV integral que contiene cada detalle pertinente sobre los usuarios, que abarca sus nombres, informaci\u00f3n de contacto y cualquier otro datos relevantes. Vale la pena se\u00f1alar que la herramienta est\u00e1 equipada con un mecanismo automatizado que asigna astutamente los diversos campos de datos a sus campos de base de datos correspondientes, acelerando as\u00ed el proceso de importaci\u00f3n y asegurando su m\u00e1xima precisi\u00f3n. En esencia, el Producto de los usuarios de importaci\u00f3n del registro del usuario se erige como una herramienta formidable que optimiza de manera efectiva el proceso de registro del usuario, mitigando significativamente el tiempo y el esfuerzo requeridos por las empresas y organizaciones.<\/p>\n<ul>\n<li>Simplifica el proceso de registro de usuarios<\/li>\n<li>Habilita la importaci\u00f3n f\u00e1cil de datos de usuario existentes<\/li>\n<li>Reduce el tiempo y el esfuerzo requeridos para la entrada de datos<\/li>\n<li>Ayuda a evitar errores e inconsistencias en los datos del usuario<\/li>\n<li>Permite una mejor gesti\u00f3n de cuentas de usuario<\/li>\n<li>Facilita una comunicaci\u00f3n sin problemas con los usuarios<\/li>\n<li>Proporciona una soluci\u00f3n escalable para mantener y actualizar los datos del usuario<\/li>\n<li>Mejora la experiencia y la satisfacci\u00f3n general del usuario<\/li>\n<li>Mejora la seguridad y la privacidad de los datos al reducir el manejo manual de los datos del usuario<\/li>\n<li>Se puede personalizar para cumplir con los requisitos espec\u00edficos de registro e importaci\u00f3n del usuario.<\/li>\n<\/ul>\n","protected":false},"excerpt":{"rendered":"<p>Al utilizar nuestra entrada de vanguardia: Sistema de usuarios de importaci\u00f3n de registro de usuarios, tendr\u00e1 la notable capacidad de incorporar sin esfuerzo los datos del usuario en su base de datos. Se despiden del trabajo laborioso y mon\u00f3tono de ingresar a los usuarios manualmente individualmente: nuestro sistema intrincadamente ideado tiene como objetivo mejorar la eficiencia y la conveniencia. Simplemente cargue un archivo CSV que abarque toda la informaci\u00f3n del usuario requerida, y contemple a medida que nuestro sistema disecciona e incorpora los datos, al tiempo que salvaguarda simult\u00e1neamente la precisi\u00f3n y seguridad de la informaci\u00f3n. Eleve su productividad y asigne su atenci\u00f3n a los asuntos por excelencia capitalizando las ventajas incomparables otorgadas por nuestra entrada: Sistema de usuarios de importaci\u00f3n de registro de usuarios.<\/p>\n","protected":false},"featured_media":167921,"comment_status":"open","ping_status":"open","template":"","meta":[],"product_brand":[2585],"product_cat":[1212,1206,1211],"product_tag":[2159],"class_list":{"0":"post-120690","1":"product","2":"type-product","3":"status-publish","4":"has-post-thumbnail","6":"product_brand-wpeverest","7":"product_cat-administracion-wordpress-plugins","8":"product_cat-plugins","9":"product_cat-wordpress-plugins","10":"product_tag-wpeverest","11":"member-discount","12":"discount-restricted","14":"first","15":"instock","16":"sale","17":"downloadable","18":"virtual","19":"sold-individually","20":"purchasable","21":"product-type-simple"},"_links":{"self":[{"href":"https:\/\/gpl-love.com\/es\/wp-json\/wp\/v2\/product\/120690","targetHints":{"allow":["GET"]}}],"collection":[{"href":"https:\/\/gpl-love.com\/es\/wp-json\/wp\/v2\/product"}],"about":[{"href":"https:\/\/gpl-love.com\/es\/wp-json\/wp\/v2\/types\/product"}],"replies":[{"embeddable":true,"href":"https:\/\/gpl-love.com\/es\/wp-json\/wp\/v2\/comments?post=120690"}],"wp:featuredmedia":[{"embeddable":true,"href":"https:\/\/gpl-love.com\/es\/wp-json\/wp\/v2\/media\/167921"}],"wp:attachment":[{"href":"https:\/\/gpl-love.com\/es\/wp-json\/wp\/v2\/media?parent=120690"}],"wp:term":[{"taxonomy":"product_brand","embeddable":true,"href":"https:\/\/gpl-love.com\/es\/wp-json\/wp\/v2\/product_brand?post=120690"},{"taxonomy":"product_cat","embeddable":true,"href":"https:\/\/gpl-love.com\/es\/wp-json\/wp\/v2\/product_cat?post=120690"},{"taxonomy":"product_tag","embeddable":true,"href":"https:\/\/gpl-love.com\/es\/wp-json\/wp\/v2\/product_tag?post=120690"}],"curies":[{"name":"wp","href":"https:\/\/api.w.org\/{rel}","templated":true}]}}