{"id":120688,"date":"2026-03-20T00:00:00","date_gmt":"2026-03-20T05:00:00","guid":{"rendered":"https:\/\/gpl-love.com\/es\/?post_type=product&#038;p=120688"},"modified":"2026-04-10T11:29:54","modified_gmt":"2026-04-10T16:29:54","slug":"user-registration-file-upload","status":"publish","type":"product","link":"https:\/\/gpl-love.com\/es\/producto\/user-registration-file-upload\/","title":{"rendered":"User Registration File Upload 1.4"},"content":{"rendered":"<h3>User Registration File Upload Caracteristicas<\/h3>\n<p>La carga de archivo de registro del usuario sirve como una herramienta incre\u00edblemente potente e invaluable, simplificando y agilizando efectivamente el procedimiento de registro tanto para empresas como para sitios web. A trav\u00e9s de esta notable herramienta, a los usuarios se les otorga la notable capacidad de cargar sin esfuerzo y expedito su invaluable informaci\u00f3n de registro, que abarca datos vitales como su nombre estimado, direcci\u00f3n de correo electr\u00f3nico, ubicaci\u00f3n f\u00edsica y otros detalles de contacto fundamentales, directamente en el sistema expansivo en el sistema expansivo en mano. En consecuencia, la utilizaci\u00f3n diligente de esta funci\u00f3n de carga de archivos permite a las empresas conservar juiciosamente su tiempo invaluable y optimizar efectivamente su proceso de registro, minimizando significativamente el potencial de errores al tiempo que refuerza simult\u00e1neamente la eficiencia general. Adem\u00e1s, la carga de archivo de registro del usuario contribuye profundamente a la preservaci\u00f3n de datos de usuario precisos y actualizados, facilitando a la perfecci\u00f3n la comunicaci\u00f3n sin obst\u00e1culos y eficiente entre las empresas y su estimada base de clientes, as\u00ed como su invaluable clientela. En resumen, esta herramienta incomparable proporciona una soluci\u00f3n innegablemente conveniente y supremamente eficiente para las empresas que anhelan optimizar su proceso de registro y aumentar simult\u00e1neamente la experiencia general del usuario.<\/p>\n<ul>\n<li>Proceso de registro f\u00e1cil para los usuarios<\/li>\n<li>Proceso de registro acelerado para usuarios<\/li>\n<li>Creaci\u00f3n de cuenta de usuario optimizada<\/li>\n<li>Precisi\u00f3n de datos mejorada para la informaci\u00f3n del usuario<\/li>\n<li>Seguridad de datos mejorada para la informaci\u00f3n del usuario<\/li>\n<li>Aumento de la participaci\u00f3n y lealtad del usuario<\/li>\n<li>Experiencia de usuario mejorada<\/li>\n<\/ul>\n","protected":false},"excerpt":{"rendered":"<p>La carga de archivo de registro del usuario es una herramienta incre\u00edblemente vers\u00e1til que le otorga la capacidad de cargar grandes cantidades de datos de usuario en su sistema con la mayor comodidad. Al utilizar esta herramienta f\u00e1cil de usar, puede optimizar el proceso de registro del usuario y, por lo tanto, conservar valiosos tiempo y recursos. Simplemente cargue su archivo designado, y nuestro sistema altamente eficiente procesar\u00e1 de forma aut\u00f3noma los datos y llenar\u00e1 su extensa base de datos de usuarios. En consecuencia, tendr\u00e1 la capacidad de administrar r\u00e1pidamente y sin esfuerzo sus cuentas de usuario, monitorear la actividad del usuario y generar informes integrales, todo dentro de una sola ubicaci\u00f3n centralizada. Independientemente de si est\u00e1 operando un negocio modesto o supervisar una organizaci\u00f3n sustancial, la carga de archivo de registro del usuario sirve como la soluci\u00f3n por excelencia para simplificar y mejorar su proceso de registro de usuarios.<\/p>\n","protected":false},"featured_media":167919,"comment_status":"open","ping_status":"open","template":"","meta":[],"product_brand":[2585],"product_cat":[1214,1206,1211],"product_tag":[2159],"class_list":{"0":"post-120688","1":"product","2":"type-product","3":"status-publish","4":"has-post-thumbnail","6":"product_brand-wpeverest","7":"product_cat-personalizacion","8":"product_cat-plugins","9":"product_cat-wordpress-plugins","10":"product_tag-wpeverest","11":"member-discount","12":"discount-restricted","14":"first","15":"instock","16":"sale","17":"downloadable","18":"virtual","19":"sold-individually","20":"purchasable","21":"product-type-simple"},"_links":{"self":[{"href":"https:\/\/gpl-love.com\/es\/wp-json\/wp\/v2\/product\/120688","targetHints":{"allow":["GET"]}}],"collection":[{"href":"https:\/\/gpl-love.com\/es\/wp-json\/wp\/v2\/product"}],"about":[{"href":"https:\/\/gpl-love.com\/es\/wp-json\/wp\/v2\/types\/product"}],"replies":[{"embeddable":true,"href":"https:\/\/gpl-love.com\/es\/wp-json\/wp\/v2\/comments?post=120688"}],"wp:featuredmedia":[{"embeddable":true,"href":"https:\/\/gpl-love.com\/es\/wp-json\/wp\/v2\/media\/167919"}],"wp:attachment":[{"href":"https:\/\/gpl-love.com\/es\/wp-json\/wp\/v2\/media?parent=120688"}],"wp:term":[{"taxonomy":"product_brand","embeddable":true,"href":"https:\/\/gpl-love.com\/es\/wp-json\/wp\/v2\/product_brand?post=120688"},{"taxonomy":"product_cat","embeddable":true,"href":"https:\/\/gpl-love.com\/es\/wp-json\/wp\/v2\/product_cat?post=120688"},{"taxonomy":"product_tag","embeddable":true,"href":"https:\/\/gpl-love.com\/es\/wp-json\/wp\/v2\/product_tag?post=120688"}],"curies":[{"name":"wp","href":"https:\/\/api.w.org\/{rel}","templated":true}]}}