{"id":120686,"date":"2024-04-18T00:00:00","date_gmt":"2024-04-18T05:00:00","guid":{"rendered":"https:\/\/gpl-love.com\/es\/?post_type=product&#038;p=120686"},"modified":"2026-04-10T11:29:55","modified_gmt":"2026-04-10T16:29:55","slug":"user-registration-geolocation","status":"publish","type":"product","link":"https:\/\/gpl-love.com\/es\/producto\/user-registration-geolocation\/","title":{"rendered":"User Registration Geolocation 1.2.1"},"content":{"rendered":"<h3>User Registration Geolocation Caracteristicas<\/h3>\n<p>La geolocalizaci\u00f3n de registro del usuario, una herramienta altamente efectiva, dise\u00f1ada meticulosamente para facilitar a las empresas en el proceso de registrar las ubicaciones de sus clientes a medida que se registran en busca de servicios, asegurando as\u00ed una experiencia \u00fanica y personalizada. El valor inherente de esta herramienta de vanguardia radica en su capacidad para permitir que las empresas recopilen una extensa gama de datos de ubicaci\u00f3n de sus estimados clientes, que posteriormente se pueden aprovechar para refinar y optimizar sus campa\u00f1as de marketing multifac\u00e9ticas, lo que finalmente resulta en la creaci\u00f3n de la creaci\u00f3n de altamente Promociones dirigidas y meticulosamente dise\u00f1adas. La profunda importancia de la geolocalizaci\u00f3n de registro del usuario est\u00e1 subrayada por su capacidad para capacitar a las empresas para rastrear y analizar meticulosamente los patrones de comportamiento del cliente, lo que posteriormente permite la provisi\u00f3n de un conjunto de servicios verdaderamente a medida que est\u00e1n espec\u00edficamente seleccionados para atender las preferencias y requisitos \u00fanicos de Cada cliente individual, todo al tener en cuenta su ubicaci\u00f3n actual. En esencia, la geolocalizaci\u00f3n de registro del usuario representa un activo invaluable para las empresas que buscan seriamente aumentar las tasas de participaci\u00f3n y retenci\u00f3n de sus clientes, ya que proporciona una riqueza incomparable de ideas y datos invaluables que pueden utilizarse para fortalecer y mejorar sus estrategias comerciales generales. Al aprovechar h\u00e1bilmente el poder transformador y la especificidad granular de los datos de ubicaci\u00f3n, las empresas pueden posicionarse efectivamente a la vanguardia de sus respectivas industrias, impuls\u00e1ndose as\u00ed hacia el \u00e9xito a largo plazo y asegurando una ventaja competitiva formidable.<\/p>\n<ul>\n<li>Captura de manera precisa y segura la ubicaci\u00f3n del usuario durante el proceso de registro<\/li>\n<li>Permite a las empresas ofrecer servicios y promociones basados \u200b\u200ben la ubicaci\u00f3n a usuarios registrados<\/li>\n<li>Proporciona informaci\u00f3n demogr\u00e1fica valiosa sobre los usuarios en funci\u00f3n de sus datos de geolocalizaci\u00f3n<\/li>\n<li>Puede integrarse en los procesos de registro existentes con facilidad<\/li>\n<li>Cumple con las regulaciones de seguridad y privacidad para proteger los datos del usuario<\/li>\n<li>La configuraci\u00f3n personalizable permite a las empresas controlar c\u00f3mo se utilizan y comparten datos de geolocalizaci\u00f3n<\/li>\n<li>Aumenta el compromiso y la retenci\u00f3n de los usuarios al proporcionar contenido personalizado basado en la ubicaci\u00f3n<\/li>\n<li>Mejora la experiencia general del cliente al racionalizar el registro y mejorar las interacciones del usuario.<\/li>\n<\/ul>\n","protected":false},"excerpt":{"rendered":"<p>Al utilizar nuestro producto de geolocalizaci\u00f3n de registro de usuarios, las empresas y organizaciones est\u00e1n facultadas para recopilar con precisi\u00f3n los datos de ubicaci\u00f3n del usuario a lo largo de su proceso de registro, facilitando as\u00ed los esfuerzos de orientaci\u00f3n mejorados y fomentando una comprensi\u00f3n integral de su grupo demogr\u00e1fico de usuarios. En consecuencia, esto invariablemente produce campa\u00f1as de marketing m\u00e1s exitosas y cultiva un mayor grado de participaci\u00f3n del cliente. Adem\u00e1s, nuestro sistema perfectamente integrable cuenta con una gran cantidad de caracter\u00edsticas personalizables, asegurando un ajuste a medida para sus requisitos comerciales \u00fanicos.<\/p>\n","protected":false},"featured_media":167920,"comment_status":"open","ping_status":"open","template":"","meta":[],"product_brand":[2585],"product_cat":[1214,1206,1211],"product_tag":[2159],"class_list":{"0":"post-120686","1":"product","2":"type-product","3":"status-publish","4":"has-post-thumbnail","6":"product_brand-wpeverest","7":"product_cat-personalizacion","8":"product_cat-plugins","9":"product_cat-wordpress-plugins","10":"product_tag-wpeverest","11":"member-discount","12":"discount-restricted","14":"first","15":"instock","16":"sale","17":"downloadable","18":"virtual","19":"sold-individually","20":"purchasable","21":"product-type-simple"},"_links":{"self":[{"href":"https:\/\/gpl-love.com\/es\/wp-json\/wp\/v2\/product\/120686","targetHints":{"allow":["GET"]}}],"collection":[{"href":"https:\/\/gpl-love.com\/es\/wp-json\/wp\/v2\/product"}],"about":[{"href":"https:\/\/gpl-love.com\/es\/wp-json\/wp\/v2\/types\/product"}],"replies":[{"embeddable":true,"href":"https:\/\/gpl-love.com\/es\/wp-json\/wp\/v2\/comments?post=120686"}],"wp:featuredmedia":[{"embeddable":true,"href":"https:\/\/gpl-love.com\/es\/wp-json\/wp\/v2\/media\/167920"}],"wp:attachment":[{"href":"https:\/\/gpl-love.com\/es\/wp-json\/wp\/v2\/media?parent=120686"}],"wp:term":[{"taxonomy":"product_brand","embeddable":true,"href":"https:\/\/gpl-love.com\/es\/wp-json\/wp\/v2\/product_brand?post=120686"},{"taxonomy":"product_cat","embeddable":true,"href":"https:\/\/gpl-love.com\/es\/wp-json\/wp\/v2\/product_cat?post=120686"},{"taxonomy":"product_tag","embeddable":true,"href":"https:\/\/gpl-love.com\/es\/wp-json\/wp\/v2\/product_tag?post=120686"}],"curies":[{"name":"wp","href":"https:\/\/api.w.org\/{rel}","templated":true}]}}