{"id":120684,"date":"2025-09-06T00:00:00","date_gmt":"2025-09-06T05:00:00","guid":{"rendered":"https:\/\/gpl-love.com\/es\/?post_type=product&#038;p=120684"},"modified":"2026-04-10T11:29:58","modified_gmt":"2026-04-10T16:29:58","slug":"user-registration-multipart","status":"publish","type":"product","link":"https:\/\/gpl-love.com\/es\/producto\/user-registration-multipart\/","title":{"rendered":"User Registration Multipart 1.3.2"},"content":{"rendered":"<h3>User Registration Multipart Caracteristicas<\/h3>\n<p>El registro de usuarios Multipart, una herramienta incre\u00edblemente robusta, proporciona a los propietarios de sitios web la capacidad de registrar a los usuarios de sus sitios web. Su prop\u00f3sito principal es optimizar el procedimiento de registro del usuario consolidando toda la informaci\u00f3n requerida en una sola forma f\u00e1cil de usar, mitigando as\u00ed los inconvenientes asociados con la completaci\u00f3n de m\u00faltiples formularios. A trav\u00e9s de la utilizaci\u00f3n del registro de usuarios Multipart, los propietarios de sitios web est\u00e1n facultados para formularios de registro a medida a medida que pueden integrarse sin problemas en sus sitios web. Adem\u00e1s, esta herramienta cuenta con una gran cantidad de caracter\u00edsticas que brindan a los propietarios de sitios web la oportunidad de personalizar el proceso de registro, incluido el establecimiento de correos electr\u00f3nicos de confirmaci\u00f3n y la configuraci\u00f3n de los roles de los usuarios. En resumen, para cualquier propietario del sitio web que busque acelerar, simplificar y optimizar el proceso de registro del usuario, el registro de usuarios multipart es una herramienta indispensable.<\/p>\n<ul>\n<li>Un proceso de registro de usuarios m\u00e1s intuitivo y simplificado<\/li>\n<li>Env\u00edo de formularios multipart para la recopilaci\u00f3n integral de datos del usuario<\/li>\n<li>Mayor precisi\u00f3n en la recopilaci\u00f3n de datos del usuario<\/li>\n<li>Experiencia de usuario mejorada a trav\u00e9s de un dise\u00f1o de forma m\u00e1s limpio y organizado<\/li>\n<li>Ahorrar el tiempo para el usuario con campos previamente poblados y barras de progreso<\/li>\n<li>Medidas mejoradas de seguridad y privacidad de datos<\/li>\n<li>Flexibilidad para la personalizaci\u00f3n para satisfacer necesidades comerciales \u00fanicas<\/li>\n<li>Integraci\u00f3n con bases de datos existentes y sistemas CRM<\/li>\n<li>Errores reducidos y duplicados con validaci\u00f3n y verificaci\u00f3n en tiempo real<\/li>\n<li>Mejor informaci\u00f3n y an\u00e1lisis a trav\u00e9s de perfiles detallados de usuarios y demograf\u00eda, lo que permite una mejor toma de decisiones.<\/li>\n<\/ul>\n","protected":false},"excerpt":{"rendered":"<p>El registro de usuarios Multipart es una herramienta que abarca todo lo que permite efectivamente el proceso suave de registro del usuario para su sitio web o aplicaci\u00f3n, al proporcionar formularios de registro de m\u00faltiples pasos que facilitan la recopilaci\u00f3n f\u00e1cil y segura de datos del usuario y la creaci\u00f3n de nuevas cuentas. La salida resultante de este producto excepcional se compone de datos de registro del usuario, que se puede almacenar convenientemente en su base de datos o utilizar para acciones adicionales, simplificando as\u00ed todo el proceso de incorporaci\u00f3n del usuario y mejorando la experiencia general del cliente. Esta notable herramienta ofrece un alto grado de personalizaci\u00f3n, ya que le permite incorporar campos personalizados y reglas de validaci\u00f3n, al tiempo que se integran sin problemas con sus sistemas preexistentes, estableci\u00e9ndolo as\u00ed como un componente indispensable para cualquier aplicaci\u00f3n web contempor\u00e1nea.<\/p>\n","protected":false},"featured_media":167925,"comment_status":"open","ping_status":"open","template":"","meta":[],"product_brand":[2585],"product_cat":[1214,1206,1211],"product_tag":[2159],"class_list":{"0":"post-120684","1":"product","2":"type-product","3":"status-publish","4":"has-post-thumbnail","6":"product_brand-wpeverest","7":"product_cat-personalizacion","8":"product_cat-plugins","9":"product_cat-wordpress-plugins","10":"product_tag-wpeverest","11":"member-discount","12":"discount-restricted","14":"first","15":"instock","16":"sale","17":"downloadable","18":"virtual","19":"sold-individually","20":"purchasable","21":"product-type-simple"},"_links":{"self":[{"href":"https:\/\/gpl-love.com\/es\/wp-json\/wp\/v2\/product\/120684","targetHints":{"allow":["GET"]}}],"collection":[{"href":"https:\/\/gpl-love.com\/es\/wp-json\/wp\/v2\/product"}],"about":[{"href":"https:\/\/gpl-love.com\/es\/wp-json\/wp\/v2\/types\/product"}],"replies":[{"embeddable":true,"href":"https:\/\/gpl-love.com\/es\/wp-json\/wp\/v2\/comments?post=120684"}],"wp:featuredmedia":[{"embeddable":true,"href":"https:\/\/gpl-love.com\/es\/wp-json\/wp\/v2\/media\/167925"}],"wp:attachment":[{"href":"https:\/\/gpl-love.com\/es\/wp-json\/wp\/v2\/media?parent=120684"}],"wp:term":[{"taxonomy":"product_brand","embeddable":true,"href":"https:\/\/gpl-love.com\/es\/wp-json\/wp\/v2\/product_brand?post=120684"},{"taxonomy":"product_cat","embeddable":true,"href":"https:\/\/gpl-love.com\/es\/wp-json\/wp\/v2\/product_cat?post=120684"},{"taxonomy":"product_tag","embeddable":true,"href":"https:\/\/gpl-love.com\/es\/wp-json\/wp\/v2\/product_tag?post=120684"}],"curies":[{"name":"wp","href":"https:\/\/api.w.org\/{rel}","templated":true}]}}