{"id":120682,"date":"2025-11-20T00:00:00","date_gmt":"2025-11-20T05:00:00","guid":{"rendered":"https:\/\/gpl-love.com\/es\/?post_type=product&#038;p=120682"},"modified":"2026-03-09T08:17:17","modified_gmt":"2026-03-09T13:17:17","slug":"user-registration-learndash","status":"publish","type":"product","link":"https:\/\/gpl-love.com\/es\/producto\/user-registration-learndash\/","title":{"rendered":"User Registration LearnDash 1.1.12"},"content":{"rendered":"<h3>User Registration LearnDash Caracteristicas<\/h3>\n<p>El registro del usuario para LearnDash Plugin es una herramienta incre\u00edblemente robusta y f\u00e1cil de usar que le permite generar formularios de registro personalizados sin esfuerzo para su plataforma de aprendizaje electr\u00f3nico. Este complemento excepcional ofrece una multitud de campos de formulario, que incluyen, entre otros, el nombre, el correo electr\u00f3nico, la contrase\u00f1a e innumerables otros, todos los cuales pueden adaptarse a la perfecci\u00f3n para armonizar con la est\u00e9tica general de su sitio web. Adem\u00e1s, este notable complemento incluso le otorga la capacidad de insertar p\u00e1ginas de registro a medida y redirigir sin esfuerzo a los usuarios a las p\u00e1ginas designadas posteriores a su registro exitoso. Al implementar el registro del usuario para LearnDash Plugin, tiene la oportunidad de optimizar y simplificar su proceso de registro de usuarios, otorgando as\u00ed una experiencia perfecta y sofisticada a sus ansiosos alumnos.<\/p>\n<ul>\n<li>Proceso de registro de usuarios simple y eficiente<\/li>\n<li>Integrar sin problemas con LearnDash LMS<\/li>\n<li>Campos de registro personalizables para satisfacer sus necesidades<\/li>\n<li>Capacidad para requerir informaci\u00f3n adicional de los usuarios durante el registro<\/li>\n<li>Opci\u00f3n para que los usuarios reciban enlaces de confirmaci\u00f3n y activaci\u00f3n de correo electr\u00f3nico<\/li>\n<li>Interfaz de usuario intuitiva para facilitar el registro<\/li>\n<li>Control completo sobre las opciones y configuraciones de registro del usuario<\/li>\n<li>Compatible con los temas y complementos m\u00e1s populares de WordPress<\/li>\n<li>Soporte multiling\u00fce para audiencias globales<\/li>\n<li>Sistema de gesti\u00f3n de datos de usuario confiable y seguro.<\/li>\n<\/ul>\n","protected":false},"excerpt":{"rendered":"<p>El registro del usuario para LearnDash es una herramienta inmensamente poderosa que otorga a los administradores la capacidad de generar formularios de registro personalizados y supervisar las cuentas de usuario sin problemas. Este complemento excepcional ofrece la capacidad de recopilar detalles precisos de los usuarios al registrarse, como los campos personalizados, y proporciona la opci\u00f3n de habilitar o deshabilitar la creaci\u00f3n autom\u00e1tica de cuentas. Adem\u00e1s, la interfaz f\u00e1cilmente navegable incorpora caracter\u00edsticas ventajosas como notificaciones por correo electr\u00f3nico, administraci\u00f3n de contrase\u00f1as y la capacidad de imponer restricciones a la accesibilidad del curso de acuerdo con los roles de los usuarios. Al incorporar esta herramienta robusta en su flujo de trabajo, puede optimizar el proceso de registro del usuario y mejorar su encuentro de aprendizaje eLearning de aprendizaje en un grado sin precedentes.<\/p>\n","protected":false},"featured_media":167923,"comment_status":"open","ping_status":"open","template":"","meta":[],"product_brand":[2585],"product_cat":[1214,1206,1211],"product_tag":[2159],"class_list":{"0":"post-120682","1":"product","2":"type-product","3":"status-publish","4":"has-post-thumbnail","6":"product_brand-wpeverest","7":"product_cat-personalizacion","8":"product_cat-plugins","9":"product_cat-wordpress-plugins","10":"product_tag-wpeverest","11":"member-discount","12":"discount-restricted","14":"first","15":"instock","16":"sale","17":"downloadable","18":"virtual","19":"sold-individually","20":"purchasable","21":"product-type-simple"},"_links":{"self":[{"href":"https:\/\/gpl-love.com\/es\/wp-json\/wp\/v2\/product\/120682","targetHints":{"allow":["GET"]}}],"collection":[{"href":"https:\/\/gpl-love.com\/es\/wp-json\/wp\/v2\/product"}],"about":[{"href":"https:\/\/gpl-love.com\/es\/wp-json\/wp\/v2\/types\/product"}],"replies":[{"embeddable":true,"href":"https:\/\/gpl-love.com\/es\/wp-json\/wp\/v2\/comments?post=120682"}],"wp:featuredmedia":[{"embeddable":true,"href":"https:\/\/gpl-love.com\/es\/wp-json\/wp\/v2\/media\/167923"}],"wp:attachment":[{"href":"https:\/\/gpl-love.com\/es\/wp-json\/wp\/v2\/media?parent=120682"}],"wp:term":[{"taxonomy":"product_brand","embeddable":true,"href":"https:\/\/gpl-love.com\/es\/wp-json\/wp\/v2\/product_brand?post=120682"},{"taxonomy":"product_cat","embeddable":true,"href":"https:\/\/gpl-love.com\/es\/wp-json\/wp\/v2\/product_cat?post=120682"},{"taxonomy":"product_tag","embeddable":true,"href":"https:\/\/gpl-love.com\/es\/wp-json\/wp\/v2\/product_tag?post=120682"}],"curies":[{"name":"wp","href":"https:\/\/api.w.org\/{rel}","templated":true}]}}