{"id":120680,"date":"2025-11-20T00:00:00","date_gmt":"2025-11-20T05:00:00","guid":{"rendered":"https:\/\/gpl-love.com\/es\/?post_type=product&#038;p=120680"},"modified":"2026-03-09T08:17:28","modified_gmt":"2026-03-09T13:17:28","slug":"user-registration-stripe","status":"publish","type":"product","link":"https:\/\/gpl-love.com\/es\/producto\/user-registration-stripe\/","title":{"rendered":"User Registration Stripe 1.3.14"},"content":{"rendered":"<h3>User Registration Stripe Caracteristicas<\/h3>\n<p>La franja de registro del usuario, una herramienta incre\u00edblemente potente, est\u00e1 dise\u00f1ada para permitir que las empresas optimicen su proceso de registro y recopilen efectivamente los datos de los clientes de manera segura. Al aprovechar las capacidades de esta herramienta, los usuarios est\u00e1n facultados para establecer sin esfuerzo una cuenta e ingresar sus detalles de pago a trav\u00e9s de Stripe, un proveedor de pasarelas de pago l\u00edder en la industria. Esto no solo ahorra un tiempo valioso, sino que tambi\u00e9n mitiga el riesgo de posibles imprecisiones, lo que permite a las empresas priorizar el cultivo de relaciones significativas de los clientes. Adem\u00e1s, la franja de registro del usuario salvaguarda diligentemente la confidencialidad e integridad de los datos del cliente, inculcando un profundo sentido de tranquilidad en los usuarios que pueden estar seguros de que su informaci\u00f3n personal est\u00e1 bien conservada. Evidentemente, esta herramienta innovadora es un activo indispensable para cualquier negocio que aspire a refinar su proceso de registro y amplifique la satisfacci\u00f3n del cliente.<\/p>\n<ul>\n<li>Proceso de registro de usuario f\u00e1cil y r\u00e1pido<\/li>\n<li>Conf\u00eda en la seguridad del sistema de procesamiento de pagos de rayas<\/li>\n<li>Integraci\u00f3n con varias plataformas y sitios web<\/li>\n<li>Opci\u00f3n para configurar formularios personalizables solicitando informaci\u00f3n espec\u00edfica del usuario<\/li>\n<li>Capacidad para optimizar la recopilaci\u00f3n de datos y la gesti\u00f3n de usuarios<\/li>\n<li>Integraci\u00f3n suave con aplicaciones y herramientas de terceros<\/li>\n<li>An\u00e1lisis detallados para rastrear el comportamiento del usuario y la demograf\u00eda<\/li>\n<li>Opciones de personalizaci\u00f3n y personalizaci\u00f3n del proceso de registro<\/li>\n<li>Procesamiento de pagos sin problemas y gesti\u00f3n de transacciones<\/li>\n<li>Opciones de pago vers\u00e1tiles para usuarios que incluyen tarjeta de cr\u00e9dito, Apple Pay y Google Pay.<\/li>\n<\/ul>\n","protected":false},"excerpt":{"rendered":"<p>La franja de registro del usuario es una soluci\u00f3n altamente efectiva y segura que ofrece una administraci\u00f3n perfecta de cuentas de usuario en su sitio web. Este producto excepcional permite a los usuarios registrar sin esfuerzo sus cuentas y procesar convenientemente los pagos a trav\u00e9s de la pasarela de pago de rayas confiable y confiable. Al implementar este notable sistema, puede garantizar un proceso de registro simplificado y sin esfuerzo que minimice cualquier posible inconveniente o complicaciones. Adem\u00e1s, este sistema avanzado cuenta con medidas de seguridad avanzadas que disuaden efectivamente y evitan cualquier actividad fraudulenta, garantizando la m\u00e1xima protecci\u00f3n para su negocio o servicio en l\u00ednea. Por lo tanto, si est\u00e1 buscando un sistema de registro de usuario que no solo sea eficiente sino tambi\u00e9n altamente confiable, no es necesario buscar m\u00e1s que la notable franja de registro del usuario.<\/p>\n","protected":false},"featured_media":167931,"comment_status":"open","ping_status":"open","template":"","meta":[],"product_brand":[2585],"product_cat":[1278,1206,1211],"product_tag":[2159],"class_list":{"0":"post-120680","1":"product","2":"type-product","3":"status-publish","4":"has-post-thumbnail","6":"product_brand-wpeverest","7":"product_cat-pago","8":"product_cat-plugins","9":"product_cat-wordpress-plugins","10":"product_tag-wpeverest","11":"member-discount","12":"discount-restricted","14":"first","15":"instock","16":"sale","17":"downloadable","18":"virtual","19":"sold-individually","20":"purchasable","21":"product-type-simple"},"_links":{"self":[{"href":"https:\/\/gpl-love.com\/es\/wp-json\/wp\/v2\/product\/120680","targetHints":{"allow":["GET"]}}],"collection":[{"href":"https:\/\/gpl-love.com\/es\/wp-json\/wp\/v2\/product"}],"about":[{"href":"https:\/\/gpl-love.com\/es\/wp-json\/wp\/v2\/types\/product"}],"replies":[{"embeddable":true,"href":"https:\/\/gpl-love.com\/es\/wp-json\/wp\/v2\/comments?post=120680"}],"wp:featuredmedia":[{"embeddable":true,"href":"https:\/\/gpl-love.com\/es\/wp-json\/wp\/v2\/media\/167931"}],"wp:attachment":[{"href":"https:\/\/gpl-love.com\/es\/wp-json\/wp\/v2\/media?parent=120680"}],"wp:term":[{"taxonomy":"product_brand","embeddable":true,"href":"https:\/\/gpl-love.com\/es\/wp-json\/wp\/v2\/product_brand?post=120680"},{"taxonomy":"product_cat","embeddable":true,"href":"https:\/\/gpl-love.com\/es\/wp-json\/wp\/v2\/product_cat?post=120680"},{"taxonomy":"product_tag","embeddable":true,"href":"https:\/\/gpl-love.com\/es\/wp-json\/wp\/v2\/product_tag?post=120680"}],"curies":[{"name":"wp","href":"https:\/\/api.w.org\/{rel}","templated":true}]}}