{"id":120678,"date":"2025-11-20T00:00:00","date_gmt":"2025-11-20T05:00:00","guid":{"rendered":"https:\/\/gpl-love.com\/es\/?post_type=product&#038;p=120678"},"modified":"2026-03-09T08:17:32","modified_gmt":"2026-03-09T13:17:32","slug":"user-registration-zapier","status":"publish","type":"product","link":"https:\/\/gpl-love.com\/es\/producto\/user-registration-zapier\/","title":{"rendered":"User Registration Zapier 1.0.6"},"content":{"rendered":"<h3>User Registration Zapier Caracteristicas<\/h3>\n<p>El registro del usuario Zapier, que es una herramienta de automatizaci\u00f3n muy potente, se ha desarrollado para simplificar y optimizar todo el proceso de registro del usuario. Al utilizar esta notable herramienta, las personas tienen la capacidad de registrarse sin esfuerzo para una cuenta, con el beneficio adicional de que su informaci\u00f3n pertinente se ingrese autom\u00e1ticamente en su extensa base de datos. A trav\u00e9s de la notable integraci\u00f3n de Zapier, tiene la oportunidad de fabricar integraciones personalizadas que se entrelazan sin problemas con su flujo de trabajo preexistente. Al emplear el registro del usuario Zapier, puede conservar convenientemente el tiempo y los recursos, lo que le permite concentrarse en el aumento y la expansi\u00f3n de sus esfuerzos comerciales. Independientemente de si est\u00e1 operando una nueva empresa floreciente, una peque\u00f1a empresa modesta o incluso una empresa colosal, el registro del usuario Zapier es una herramienta indispensable que est\u00e1 espec\u00edficamente dise\u00f1ada para facilitar la formaci\u00f3n de un proceso de registro m\u00e1s eficiente y efectivo.<\/p>\n<ul>\n<li>Registre a la perfecci\u00f3n nuevos usuarios dentro de su aplicaci\u00f3n<\/li>\n<li>Integrar f\u00e1cilmente con otras aplicaciones a trav\u00e9s de Zapier<\/li>\n<li>PLELINE COLECCI\u00d3N Y GESTI\u00d3N DE DATOS DEL USUARIO<\/li>\n<li>Eliminar la entrada de datos manuales y los posibles errores<\/li>\n<li>Aumentar la eficiencia y la productividad dentro de su equipo<\/li>\n<li>Mejorar la experiencia del cliente a trav\u00e9s de un proceso de registro m\u00e1s suave<\/li>\n<li>Personalice el formulario de registro del usuario para satisfacer sus necesidades espec\u00edficas<\/li>\n<li>Obtenga informaci\u00f3n valiosa sobre el comportamiento y las preferencias del usuario a trav\u00e9s de la recopilaci\u00f3n de datos<\/li>\n<li>Con\u00e9ctese con una variedad de aplicaciones populares, incluidas las plataformas de marketing por correo electr\u00f3nico y las herramientas de gesti\u00f3n de relaciones con los clientes.<\/li>\n<li>Almacenar de forma segura los datos del usuario y proteger la informaci\u00f3n confidencial<\/li>\n<\/ul>\n","protected":false},"excerpt":{"rendered":"<p>El registro del usuario Zapier es una herramienta inmensamente robusta y eficiente que le permite optimizar y optimizar el proceso de registro del usuario para su estimada aplicaci\u00f3n o sitio web. Al aprovechar esta notable integraci\u00f3n m\u00e1s con m\u00e1s de menos, puede compilar y acumular informaci\u00f3n sin esfuerzo y acumular la informaci\u00f3n del usuario de una multitud de fuentes diversas, posteriormente y asimilarla autom\u00e1ticamente en su base de datos de registro meticulosamente curada. Este recurso invaluable le permite economizar tanto el tiempo como la energ\u00eda al tiempo que garantiza que su procedimiento de registro de usuario sea perfecto y sin complicaciones innecesarias. Ya sea que usted sea el propietario de una empresa diminuta y floreciente o una corporaci\u00f3n multinacional Titanic, el registro de usuarios Zapier representa la soluci\u00f3n por excelencia para administrar meticulosamente y competitivamente la amplia matriz de informaci\u00f3n del usuario y, al hacerlo, sin duda la experiencia general del usuario. \u00a1No pierda el tiempo y se embarque en este viaje transformador hoy, y disfrute de la multitud de beneficios derivados del proceso armonioso e ininterrumpido de registro del usuario!<\/p>\n","protected":false},"featured_media":167934,"comment_status":"open","ping_status":"open","template":"","meta":[],"product_brand":[2585],"product_cat":[1214,1206,1211],"product_tag":[2159],"class_list":{"0":"post-120678","1":"product","2":"type-product","3":"status-publish","4":"has-post-thumbnail","6":"product_brand-wpeverest","7":"product_cat-personalizacion","8":"product_cat-plugins","9":"product_cat-wordpress-plugins","10":"product_tag-wpeverest","11":"member-discount","12":"discount-restricted","14":"first","15":"instock","16":"sale","17":"downloadable","18":"virtual","19":"sold-individually","20":"purchasable","21":"product-type-simple"},"_links":{"self":[{"href":"https:\/\/gpl-love.com\/es\/wp-json\/wp\/v2\/product\/120678","targetHints":{"allow":["GET"]}}],"collection":[{"href":"https:\/\/gpl-love.com\/es\/wp-json\/wp\/v2\/product"}],"about":[{"href":"https:\/\/gpl-love.com\/es\/wp-json\/wp\/v2\/types\/product"}],"replies":[{"embeddable":true,"href":"https:\/\/gpl-love.com\/es\/wp-json\/wp\/v2\/comments?post=120678"}],"wp:featuredmedia":[{"embeddable":true,"href":"https:\/\/gpl-love.com\/es\/wp-json\/wp\/v2\/media\/167934"}],"wp:attachment":[{"href":"https:\/\/gpl-love.com\/es\/wp-json\/wp\/v2\/media?parent=120678"}],"wp:term":[{"taxonomy":"product_brand","embeddable":true,"href":"https:\/\/gpl-love.com\/es\/wp-json\/wp\/v2\/product_brand?post=120678"},{"taxonomy":"product_cat","embeddable":true,"href":"https:\/\/gpl-love.com\/es\/wp-json\/wp\/v2\/product_cat?post=120678"},{"taxonomy":"product_tag","embeddable":true,"href":"https:\/\/gpl-love.com\/es\/wp-json\/wp\/v2\/product_tag?post=120678"}],"curies":[{"name":"wp","href":"https:\/\/api.w.org\/{rel}","templated":true}]}}