{"id":120676,"date":"2024-02-12T00:00:00","date_gmt":"2024-02-12T05:00:00","guid":{"rendered":"https:\/\/gpl-love.com\/es\/?post_type=product&#038;p=120676"},"modified":"2026-04-10T11:29:50","modified_gmt":"2026-04-10T16:29:50","slug":"user-registration-content-restriction","status":"publish","type":"product","link":"https:\/\/gpl-love.com\/es\/producto\/user-registration-content-restriction\/","title":{"rendered":"User Registration Content Restriction 1.3.4"},"content":{"rendered":"<h3>User Registration Content Restriction Caracteristicas<\/h3>\n<p>La funci\u00f3n de restricci\u00f3n de contenido de registro del usuario es una herramienta incre\u00edblemente poderosa que otorga a los administradores del sitio web la capacidad de imponer limitaciones al acceso a contenido espec\u00edfico, todo de acuerdo con los roles y los permisos de los usuarios. A trav\u00e9s de la utilizaci\u00f3n de esta funcionalidad avanzada, los propietarios de sitios web reciben un medio sin esfuerzo para ejercer el control sobre el cual a las personas se les otorga acceso a p\u00e1ginas o secciones particulares de su sitio, asegurando as\u00ed que solo aquellas personas que poseen la autorizaci\u00f3n necesaria pueden ver los materiales de un delicado naturaleza. Esta caracter\u00edstica particular tiene un significado particular para aquellos sitios que requieren el registro de usuarios, como sitios de membres\u00eda o plataformas de comercio electr\u00f3nico. Al implementar restricciones sobre el acceso a cierto contenido, los propietarios de sitios pueden reforzar efectivamente las medidas de seguridad, salvaguardar la propiedad intelectual y cultivar una experiencia de usuario m\u00e1s personalizada. Independientemente de si est\u00e1 buscando fortalecer su sitio contra la entrada no autorizada o simplemente est\u00e1 ansioso por proporcionar a sus usuarios una experiencia m\u00e1s personalizada, es indiscutible que la restricci\u00f3n de contenido de registro de usuarios sea una herramienta indispensable para cualquier persona que presente un sitio web.<\/p>\n<ul>\n<li>Permite a los propietarios de sitios web restringir el acceso a contenido espec\u00edfico basado en el registro del usuario<\/li>\n<li>Ayuda a incentivar a los visitantes a crear una cuenta para acceder a contenido restringido<\/li>\n<li>Aumenta la participaci\u00f3n del usuario y la interacci\u00f3n en el sitio web<\/li>\n<li>Proporciona una seguridad mejorada al limitar el acceso a contenido sensible o privado<\/li>\n<li>Ofrece configuraciones personalizables para restringir el contenido basado en roles de usuario o niveles de membres\u00eda<\/li>\n<li>Se puede integrar con complementos de membres\u00eda populares para una funcionalidad adicional<\/li>\n<li>Interfaz simple y f\u00e1cil de usar para administrar restricciones de contenido<\/li>\n<li>Proporciona an\u00e1lisis detallados e informes sobre el registro de usuarios y el acceso al contenido<\/li>\n<li>Se puede utilizar para una variedad de sitios web e industrias, desde comercio electr\u00f3nico hasta sitios de noticias y m\u00e1s<\/li>\n<li>Ofrece una soluci\u00f3n rentable para que los propietarios de sitios web mejoren la experiencia del usuario y protejan su contenido.<\/li>\n<\/ul>\n","protected":false},"excerpt":{"rendered":"<p>Al incorporar este producto, los propietarios de sitios web pueden controlar y regular efectivamente el acceso al contenido designado \u00fanicamente a las personas que se han registrado en el sitio. A trav\u00e9s del establecimiento de un sistema de registro de usuarios, los propietarios de sitios web pueden limitar efectivamente el acceso a contenido exclusivo, descargas o cualquier otra forma de contenido que deseen restringir a un grupo de usuarios en particular. Este sistema de restricci\u00f3n no solo refuerza la seguridad y la privacidad del sitio web, sino que tambi\u00e9n permite a los propietarios de sitios web un comando mejorado sobre su contenido. En consecuencia, sirve como una t\u00e9cnica altamente eficaz para aumentar la participaci\u00f3n del usuario y fomentar las visitas recurrentes, todo el tiempo asegurando el mantenimiento de un entorno en l\u00ednea seguro y protegido.<\/p>\n","protected":false},"featured_media":167914,"comment_status":"open","ping_status":"open","template":"","meta":[],"product_brand":[2585],"product_cat":[1214,1206,1211],"product_tag":[2159],"class_list":{"0":"post-120676","1":"product","2":"type-product","3":"status-publish","4":"has-post-thumbnail","6":"product_brand-wpeverest","7":"product_cat-personalizacion","8":"product_cat-plugins","9":"product_cat-wordpress-plugins","10":"product_tag-wpeverest","11":"member-discount","12":"discount-restricted","14":"first","15":"instock","16":"sale","17":"downloadable","18":"virtual","19":"sold-individually","20":"purchasable","21":"product-type-simple"},"_links":{"self":[{"href":"https:\/\/gpl-love.com\/es\/wp-json\/wp\/v2\/product\/120676","targetHints":{"allow":["GET"]}}],"collection":[{"href":"https:\/\/gpl-love.com\/es\/wp-json\/wp\/v2\/product"}],"about":[{"href":"https:\/\/gpl-love.com\/es\/wp-json\/wp\/v2\/types\/product"}],"replies":[{"embeddable":true,"href":"https:\/\/gpl-love.com\/es\/wp-json\/wp\/v2\/comments?post=120676"}],"wp:featuredmedia":[{"embeddable":true,"href":"https:\/\/gpl-love.com\/es\/wp-json\/wp\/v2\/media\/167914"}],"wp:attachment":[{"href":"https:\/\/gpl-love.com\/es\/wp-json\/wp\/v2\/media?parent=120676"}],"wp:term":[{"taxonomy":"product_brand","embeddable":true,"href":"https:\/\/gpl-love.com\/es\/wp-json\/wp\/v2\/product_brand?post=120676"},{"taxonomy":"product_cat","embeddable":true,"href":"https:\/\/gpl-love.com\/es\/wp-json\/wp\/v2\/product_cat?post=120676"},{"taxonomy":"product_tag","embeddable":true,"href":"https:\/\/gpl-love.com\/es\/wp-json\/wp\/v2\/product_tag?post=120676"}],"curies":[{"name":"wp","href":"https:\/\/api.w.org\/{rel}","templated":true}]}}