{"id":120674,"date":"2025-04-16T00:00:00","date_gmt":"2025-04-16T05:00:00","guid":{"rendered":"https:\/\/gpl-love.com\/es\/?post_type=product&#038;p=120674"},"modified":"2026-04-10T11:30:01","modified_gmt":"2026-04-10T16:30:01","slug":"user-registration-profile-connect","status":"publish","type":"product","link":"https:\/\/gpl-love.com\/es\/producto\/user-registration-profile-connect\/","title":{"rendered":"User Registration Profile Connect 1.1.2"},"content":{"rendered":"<h3>User Registration Profile Connect Caracteristicas<\/h3>\n<p>El perfil de registro del usuario Connect, una herramienta inmensamente potente dise\u00f1ada espec\u00edficamente para empresas que requieren el registro del usuario para sus plataformas en l\u00ednea, sirve como un activo indispensable. Este notable producto facilita sin problemas el proceso de registro del usuario para los clientes, otorg\u00e1ndoles la creaci\u00f3n de cuentas sin esfuerzo, las capacidades de inicio de sesi\u00f3n y el acceso a una variedad de caracter\u00edsticas de la plataforma. Al aprovechar el perfil de registro del usuario Connect, las empresas pueden administrar sin esfuerzo los datos de sus clientes, abarcar informaci\u00f3n personal, preferencias e historial de actividades integrales. Adem\u00e1s, este producto ejemplar extiende una amplia gama de opciones de personalizaci\u00f3n, lo que permite a las empresas adaptar sus procedimientos de registro de usuarios de acuerdo con sus distintos requisitos. En \u00faltima instancia, el perfil de registro del usuario Connect es una adici\u00f3n invaluable para cualquier empresa que desee aumentar su experiencia en l\u00ednea del cliente y optimizar su procedimiento de registro.<\/p>\n<ul>\n<li>Proceso de registro de usuario optimizado<\/li>\n<li>Creaci\u00f3n de perfil de usuario con campos personalizables<\/li>\n<li>Conexi\u00f3n f\u00e1cil con otros usuarios con intereses similares<\/li>\n<li>Recomendaciones personalizadas basadas en datos de perfil de usuario<\/li>\n<li>Almacenamiento seguro de la informaci\u00f3n del usuario<\/li>\n<li>Opci\u00f3n para que los usuarios actualicen y editen su perfil en cualquier momento<\/li>\n<li>Integraci\u00f3n con otras plataformas de redes sociales para una conectividad perfecta<\/li>\n<li>Interfaz f\u00e1cil de usar para facilitar navegaci\u00f3n y uso<\/li>\n<\/ul>\n","protected":false},"excerpt":{"rendered":"<p>El perfil de registro de usuarios Connect es una soluci\u00f3n robusta y abarrotable que ofrece a los usuarios la conveniencia y la eficiencia de registrar y crear sin esfuerzo sus perfiles en una gran cantidad de diversas plataformas en l\u00ednea. Esta notable herramienta faculta a los usuarios para conectar sus perfiles de manera continua y segura en una amplia gama de sitios web, plataformas de redes sociales y aplicaciones m\u00f3viles. Adem\u00e1s, su interfaz f\u00e1cil de usar y sus caracter\u00edsticas personalizables lo convierten en un activo invaluable para las empresas que buscan optimizar sus procedimientos de registro y elevar la satisfacci\u00f3n del usuario. Independientemente de si la empresa de uno es de una escala modesta o una magnitud grandiosa, el perfil de registro del usuario Connect representa un recurso indispensable para optimizar el \u00e1mbito del registro en l\u00ednea y la creaci\u00f3n de perfil.<\/p>\n","protected":false},"featured_media":167929,"comment_status":"open","ping_status":"open","template":"","meta":[],"product_brand":[2585],"product_cat":[1214,1206,1211],"product_tag":[2159],"class_list":{"0":"post-120674","1":"product","2":"type-product","3":"status-publish","4":"has-post-thumbnail","6":"product_brand-wpeverest","7":"product_cat-personalizacion","8":"product_cat-plugins","9":"product_cat-wordpress-plugins","10":"product_tag-wpeverest","11":"member-discount","12":"discount-restricted","14":"first","15":"instock","16":"sale","17":"downloadable","18":"virtual","19":"sold-individually","20":"purchasable","21":"product-type-simple"},"_links":{"self":[{"href":"https:\/\/gpl-love.com\/es\/wp-json\/wp\/v2\/product\/120674","targetHints":{"allow":["GET"]}}],"collection":[{"href":"https:\/\/gpl-love.com\/es\/wp-json\/wp\/v2\/product"}],"about":[{"href":"https:\/\/gpl-love.com\/es\/wp-json\/wp\/v2\/types\/product"}],"replies":[{"embeddable":true,"href":"https:\/\/gpl-love.com\/es\/wp-json\/wp\/v2\/comments?post=120674"}],"wp:featuredmedia":[{"embeddable":true,"href":"https:\/\/gpl-love.com\/es\/wp-json\/wp\/v2\/media\/167929"}],"wp:attachment":[{"href":"https:\/\/gpl-love.com\/es\/wp-json\/wp\/v2\/media?parent=120674"}],"wp:term":[{"taxonomy":"product_brand","embeddable":true,"href":"https:\/\/gpl-love.com\/es\/wp-json\/wp\/v2\/product_brand?post=120674"},{"taxonomy":"product_cat","embeddable":true,"href":"https:\/\/gpl-love.com\/es\/wp-json\/wp\/v2\/product_cat?post=120674"},{"taxonomy":"product_tag","embeddable":true,"href":"https:\/\/gpl-love.com\/es\/wp-json\/wp\/v2\/product_tag?post=120674"}],"curies":[{"name":"wp","href":"https:\/\/api.w.org\/{rel}","templated":true}]}}