{"id":120672,"date":"2025-04-17T00:00:00","date_gmt":"2025-04-17T05:00:00","guid":{"rendered":"https:\/\/gpl-love.com\/es\/?post_type=product&#038;p=120672"},"modified":"2026-03-09T07:35:49","modified_gmt":"2026-03-09T12:35:49","slug":"fooevents-seating","status":"publish","type":"product","link":"https:\/\/gpl-love.com\/es\/producto\/fooevents-seating\/","title":{"rendered":"FooEvents Seating 1.9.2"},"content":{"rendered":"<h3>FooEvents Seating Caracteristicas<\/h3>\n<p>Con la implementaci\u00f3n de los asientos de Fooevents, los organizadores del evento reciben la notable capacidad de administrar y asignar los acuerdos de asientos de manera eficiente y efectiva para sus estimados invitados. Este software de vanguardia simplifica y acelera fundamentalmente el proceso intrincado y lento de asignaci\u00f3n de asientos, lo que garantiza que los invitados se asignen meticulosamente a sus asientos codiciados sin encontrar ninguna perplejidad o retrasos innecesarios. La interfaz altamente f\u00e1cil de usar e instintiva proporcionada por este software faculta a los organizadores para dise\u00f1ar arreglos de asientos a medida de acuerdo con sus especificaciones \u00fanicas, administrar sin esfuerzo las reservas y monitorear sin esfuerzo la asistencia en tiempo real. Al aprovechar las extraordinarias funcionalidades que ofrecen los asientos de Fooevents, se asegura inequ\u00edvocamente de que los asistentes de su evento sean otorgados con una experiencia perfecta, gratificante y completamente inolvidable.<\/p>\n<ul>\n<li>Sistema de gesti\u00f3n de asientos f\u00e1ciles de usar para organizadores de eventos<\/li>\n<li>Crear y administrar f\u00e1cilmente planes de asientos para eventos<\/li>\n<li>Categor\u00edas de asientos personalizables y tipos de boletos<\/li>\n<li>Disponibilidad en tiempo real de asientos y venta de entradas<\/li>\n<li>Opciones de precios flexibles para diferentes secciones y asientos<\/li>\n<li>Impresi\u00f3n y escaneo automatizados de boletos<\/li>\n<li>Integraci\u00f3n f\u00e1cil con plataformas de boletos populares<\/li>\n<li>Los gr\u00e1ficos de asientos se pueden mostrar en el sitio web del evento para que los invitados seleccionen sus asientos<\/li>\n<li>Accesible desde cualquier lugar con conexi\u00f3n a Internet<\/li>\n<li>Informes y an\u00e1lisis integrales para boletos y datos de asientos<\/li>\n<\/ul>\n","protected":false},"excerpt":{"rendered":"<p>Fooevents Seating es una soluci\u00f3n innovadora de gesti\u00f3n de eventos que ofrece asistencia para dise\u00f1ar e implementar un plan de asiento eficiente para cualquier evento. Al utilizar su interfaz f\u00e1cil de usar y sus caracter\u00edsticas robustas, los asientos de Fooevents optimizan todo el proceso de organizaci\u00f3n de arreglos de asientos, la venta de boletos, las tareas de los asientos y todas las dem\u00e1s tareas relacionadas. Independientemente de si est\u00e1 coordinando una conferencia modesta o un festival de m\u00fasica expansivo, Fooevents asentando el proceso y garantiza que cada asistente tendr\u00e1 una experiencia c\u00f3moda y agradable. En consecuencia, si est\u00e1 buscando una soluci\u00f3n de asiento confiable y f\u00e1cil de usar para su pr\u00f3ximo evento, los asientos de Fooevents son, sin duda, la opci\u00f3n ideal. Por lo tanto, eleve su evento a un nivel de ejecuci\u00f3n perfecta y elimine cualquier complicaci\u00f3n potencial al implementar asientos de fooevents.<\/p>\n","protected":false},"featured_media":166140,"comment_status":"open","ping_status":"open","template":"","meta":[],"product_brand":[2458],"product_cat":[1214,1206,1211],"product_tag":[2203],"class_list":{"0":"post-120672","1":"product","2":"type-product","3":"status-publish","4":"has-post-thumbnail","6":"product_brand-fooevents","7":"product_cat-personalizacion","8":"product_cat-plugins","9":"product_cat-wordpress-plugins","10":"product_tag-fooevents","11":"member-discount","12":"discount-restricted","14":"first","15":"instock","16":"sale","17":"downloadable","18":"virtual","19":"sold-individually","20":"purchasable","21":"product-type-simple"},"_links":{"self":[{"href":"https:\/\/gpl-love.com\/es\/wp-json\/wp\/v2\/product\/120672","targetHints":{"allow":["GET"]}}],"collection":[{"href":"https:\/\/gpl-love.com\/es\/wp-json\/wp\/v2\/product"}],"about":[{"href":"https:\/\/gpl-love.com\/es\/wp-json\/wp\/v2\/types\/product"}],"replies":[{"embeddable":true,"href":"https:\/\/gpl-love.com\/es\/wp-json\/wp\/v2\/comments?post=120672"}],"wp:featuredmedia":[{"embeddable":true,"href":"https:\/\/gpl-love.com\/es\/wp-json\/wp\/v2\/media\/166140"}],"wp:attachment":[{"href":"https:\/\/gpl-love.com\/es\/wp-json\/wp\/v2\/media?parent=120672"}],"wp:term":[{"taxonomy":"product_brand","embeddable":true,"href":"https:\/\/gpl-love.com\/es\/wp-json\/wp\/v2\/product_brand?post=120672"},{"taxonomy":"product_cat","embeddable":true,"href":"https:\/\/gpl-love.com\/es\/wp-json\/wp\/v2\/product_cat?post=120672"},{"taxonomy":"product_tag","embeddable":true,"href":"https:\/\/gpl-love.com\/es\/wp-json\/wp\/v2\/product_tag?post=120672"}],"curies":[{"name":"wp","href":"https:\/\/api.w.org\/{rel}","templated":true}]}}