{"id":120670,"date":"2021-12-14T00:00:00","date_gmt":"2021-12-14T05:00:00","guid":{"rendered":"https:\/\/gpl-love.com\/es\/?post_type=product&#038;p=120670"},"modified":"2026-03-13T17:27:59","modified_gmt":"2026-03-13T22:27:59","slug":"rayden-creative-portfolio-theme","status":"publish","type":"product","link":"https:\/\/gpl-love.com\/es\/producto\/rayden-creative-portfolio-theme\/","title":{"rendered":"Rayden Creative Portfolio Theme 1.9.1"},"content":{"rendered":"<h3>Rayden Creative Portfolio Theme Caracteristicas<\/h3>\n<p>El tema de la cartera de Rayden Creative es un tema de WordPress altamente sofisticado y exquisitamente elegante meticulosamente elaborado para exhibir su cartera creativa de una manera extraordinariamente impresionante. Este tema excepcional cuenta con un dise\u00f1o contempor\u00e1neo y minimalista, lleno de una variedad de opciones personalizables, todo funcionando armoniosamente para empoderarlo en la construcci\u00f3n de un sitio web completamente distintivo que representa su talento excepcional y su estilo inigualable. Dentro del \u00e1mbito de Rayden, descubrir\u00e1 una cuadr\u00edcula de cartera impecablemente dise\u00f1ada, repleta de una multitud de opciones de dise\u00f1o, fortificadas por una ingeniosa mecanismo de filtro de cartera, complementado por una extensa variedad de widgets personalizados y adornados con una paleta expansiva de colores personalizables y colores personalizables y fuentes. Adem\u00e1s, este tema extraordinario ofrece graciosamente un constructor de p\u00e1ginas de arrastre y soltar incre\u00edblemente intuitivo, lo que le permite fabricar p\u00e1ginas web inspiradoras sin ning\u00fan conocimiento de codificaci\u00f3n previa. Para mejorar a\u00fan m\u00e1s su encanto, el tema de la cartera de Rayden Creative est\u00e1 meticulosamente dise\u00f1ado para ser completamente receptivo, garantizando que sus creaciones virtuosas se muestren con un brillo inigualable en todo tipo de dispositivos. Con las capacidades formidables del tema de la cartera de Rayden Creative a su disposici\u00f3n, tendr\u00e1 el poder de dise\u00f1ar ingeniosamente un sitio web de cartera de aspecto supremamente profesional que sin duda cautivar\u00e1 a su estimada clientela y exhibir\u00e1 magn\u00edficamente su arte de la manera m\u00e1s extraordinaria.<\/p>\n<ul>\n<li>Un tema de cartera personalizable para creatividades, dise\u00f1ado para mostrar su trabajo de una manera moderna y profesional<\/li>\n<li>M\u00faltiples dise\u00f1os de p\u00e1gina de inicio y estilos de cartera para elegir, incluidas las opciones de cuadr\u00edcula y mamposter\u00eda, para personalizar su escaparate a su gusto<\/li>\n<li>Plantillas de p\u00e1gina incorporadas para servicios, y contacto, para ayudarlo a crear un sitio web cohesivo y profesional<\/li>\n<li>Admite m\u00faltiples formatos de publicaci\u00f3n, incluidos los formatos de video, imagen y galer\u00eda, para mostrar su trabajo en una variedad de tipos de medios.<\/li>\n<li>Opciones de color personalizables e integraci\u00f3n de Google Font para que coincidan con su marca y haga que su sitio web sea \u00fanico<\/li>\n<li>Dise\u00f1o totalmente receptivo, asegurando que su sitio web se vea muy bien en cualquier dispositivo o navegador<\/li>\n<li>B\u00fasqueda de codificaci\u00f3n optimizada del motor para mejorar la visibilidad y la clasificaci\u00f3n de su sitio web en los resultados de b\u00fasqueda.<\/li>\n<li>Continuamente actualizado y mantenido para garantizar la compatibilidad con la \u00faltima versi\u00f3n de WordPress y la mejora de las caracter\u00edsticas incluidas.<\/li>\n<\/ul>\n","protected":false},"excerpt":{"rendered":"<p>El tema de la cartera de Rayden Creative, dise\u00f1ado espec\u00edficamente para artistas, dise\u00f1adores, fot\u00f3grafos y profesionales creativos, presenta un tema de WordPress elegante y profesional que exuda sofisticaci\u00f3n. Su dise\u00f1o minimalista junto con una variedad de opciones de personalizaci\u00f3n f\u00e1cil de usar hacen de Rayden una plataforma ejemplar para exhibir su trabajo de manera limpia y contempor\u00e1nea. Con m\u00faltiples opciones de dise\u00f1o, esquemas de color personalizables y un dise\u00f1o receptivo que se adapta perfectamente a cualquier dispositivo, este tema garantiza una experiencia visualmente atractiva para todos los usuarios. Adem\u00e1s, el tema incorpora la integraci\u00f3n incorporada en las redes sociales, facilitando el intercambio sin esfuerzo de su trabajo con seguidores leales. Independientemente de si usted es un freelancer o una agencia creativa, Rayden es la mejor herramienta para mostrar su creatividad y dejar una impresi\u00f3n duradera en sus clientes.<\/p>\n","protected":false},"featured_media":167314,"comment_status":"open","ping_status":"open","template":"","meta":[],"product_brand":[2337],"product_cat":[1267,1237,1238],"product_tag":[1391],"class_list":{"0":"post-120670","1":"product","2":"type-product","3":"status-publish","4":"has-post-thumbnail","6":"product_brand-themeforest","7":"product_cat-creativo","8":"product_cat-temas","9":"product_cat-wordpress-temas","10":"product_tag-themeforest","11":"member-discount","12":"discount-restricted","14":"first","15":"instock","16":"sale","17":"downloadable","18":"virtual","19":"sold-individually","20":"purchasable","21":"product-type-simple"},"_links":{"self":[{"href":"https:\/\/gpl-love.com\/es\/wp-json\/wp\/v2\/product\/120670","targetHints":{"allow":["GET"]}}],"collection":[{"href":"https:\/\/gpl-love.com\/es\/wp-json\/wp\/v2\/product"}],"about":[{"href":"https:\/\/gpl-love.com\/es\/wp-json\/wp\/v2\/types\/product"}],"replies":[{"embeddable":true,"href":"https:\/\/gpl-love.com\/es\/wp-json\/wp\/v2\/comments?post=120670"}],"wp:featuredmedia":[{"embeddable":true,"href":"https:\/\/gpl-love.com\/es\/wp-json\/wp\/v2\/media\/167314"}],"wp:attachment":[{"href":"https:\/\/gpl-love.com\/es\/wp-json\/wp\/v2\/media?parent=120670"}],"wp:term":[{"taxonomy":"product_brand","embeddable":true,"href":"https:\/\/gpl-love.com\/es\/wp-json\/wp\/v2\/product_brand?post=120670"},{"taxonomy":"product_cat","embeddable":true,"href":"https:\/\/gpl-love.com\/es\/wp-json\/wp\/v2\/product_cat?post=120670"},{"taxonomy":"product_tag","embeddable":true,"href":"https:\/\/gpl-love.com\/es\/wp-json\/wp\/v2\/product_tag?post=120670"}],"curies":[{"name":"wp","href":"https:\/\/api.w.org\/{rel}","templated":true}]}}