{"id":120668,"date":"2025-02-17T00:00:00","date_gmt":"2025-02-17T05:00:00","guid":{"rendered":"https:\/\/gpl-love.com\/es\/?post_type=product&#038;p=120668"},"modified":"2026-03-09T08:29:13","modified_gmt":"2026-03-09T13:29:13","slug":"wp-post-modules-para-newspaper-y-magazine-layouts","status":"publish","type":"product","link":"https:\/\/gpl-love.com\/es\/producto\/wp-post-modules-para-newspaper-y-magazine-layouts\/","title":{"rendered":"WP Post Modules para NewsPaper y Magazine Layouts 3.5.0"},"content":{"rendered":"<h3>WP Post Modules para NewsPaper y Magazine Layouts Caracteristicas<\/h3>\n<p>Los m\u00f3dulos de publicaci\u00f3n de WP para dise\u00f1os de peri\u00f3dicos y revistas es un complemento que lo abarca todo que brinda a los usuarios la capacidad de generar dise\u00f1os visualmente llamativos y dise\u00f1ados profesionalmente para sus sitios web de WordPress. Ya sea que un individuo est\u00e9 operando un sitio web de noticias, una revista o un blog, este complemento ofrece un conjunto integral de herramientas y caracter\u00edsticas que permitir\u00e1n que su contenido se destaque realmente. Utilizando su interfaz f\u00e1cil de usar, los usuarios pueden construir dise\u00f1os personalizados sin esfuerzo, dise\u00f1ar plantillas de publicaci\u00f3n \u00fanicas e incorporar una amplia gama de widgets y elementos en sus sitios web. Adem\u00e1s, este complemento est\u00e1 equipado con una selecci\u00f3n diversa de plantillas predise\u00f1adas, que se pueden personalizar f\u00e1cilmente para alinearse con la marca y las preferencias de estilo de un individuo. Adem\u00e1s, los usuarios tienen la libertad de seleccionar una variedad de tipos de publicaciones, como videos, galer\u00edas y archivos de audio. Al utilizar los m\u00f3dulos de publicaci\u00f3n de WP para dise\u00f1os de peri\u00f3dicos y revistas, los usuarios pueden establecer sin esfuerzo un sitio web visualmente cautivador y altamente funcional, facilitando as\u00ed un mayor compromiso de su audiencia.<\/p>\n<ul>\n<li>M\u00e1s de 10 plantillas de m\u00f3dulos predefinidos para una f\u00e1cil personalizaci\u00f3n<\/li>\n<li>Arrastre y suelte el constructor para una f\u00e1cil disposici\u00f3n del m\u00f3dulo<\/li>\n<li>Dise\u00f1os de m\u00f3dulos personalizables para una flexibilidad \u00f3ptima<\/li>\n<li>Dise\u00f1o receptivo para una visualizaci\u00f3n perfecta en cualquier dispositivo<\/li>\n<li>Integraci\u00f3n con temas populares de WordPress<\/li>\n<li>Opci\u00f3n para mostrar art\u00edculos relacionados para un mayor compromiso<\/li>\n<li>Instalaci\u00f3n f\u00e1cil y proceso de configuraci\u00f3n<\/li>\n<li>Actualizaciones y soporte regulares para la usabilidad a largo plazo<\/li>\n<li>Adecuado para sitios web de noticias y revistas<\/li>\n<li>Opciones de dise\u00f1o m\u00faltiples para posibilidades de dise\u00f1o variados<\/li>\n<\/ul>\n","protected":false},"excerpt":{"rendered":"<p>WP Post Modules es un complemento altamente eficiente que le permite convertir sin esfuerzo su sitio de WordPress en una plataforma de noticias sofisticada, atendiendo as\u00ed espec\u00edficamente a las necesidades de los medios de comunicaci\u00f3n. Con sus notables capacidades, esta poderosa herramienta le permite generar dise\u00f1os de revistas visualmente llamativos para sus art\u00edculos, repleto de funcionalidades de categorizaci\u00f3n, filtrado y clasificaci\u00f3n hechas a medida. Independientemente de si opera una publicaci\u00f3n independiente modesta o un centro de noticias en l\u00ednea destacado, la utilizaci\u00f3n de los m\u00f3dulos de publicaci\u00f3n de WP puede elevar sin duda la calidad y la presentaci\u00f3n de su contenido a alturas sin precedentes. \u00a1No pierda el tiempo, aproveche esta oportunidad hoy y se embarte en el viaje satisfactorio de la construcci\u00f3n de su sitio web de noticias tan esperado que encapsula perfectamente sus aspiraciones y objetivos!<\/p>\n","protected":false},"featured_media":168426,"comment_status":"open","ping_status":"open","template":"","meta":[],"product_brand":[2339],"product_cat":[1214,1206,1211],"product_tag":[1256],"class_list":{"0":"post-120668","1":"product","2":"type-product","3":"status-publish","4":"has-post-thumbnail","6":"product_brand-codecanyon","7":"product_cat-personalizacion","8":"product_cat-plugins","9":"product_cat-wordpress-plugins","10":"product_tag-codecanyon","11":"member-discount","12":"discount-restricted","14":"first","15":"instock","16":"sale","17":"downloadable","18":"virtual","19":"sold-individually","20":"purchasable","21":"product-type-simple"},"_links":{"self":[{"href":"https:\/\/gpl-love.com\/es\/wp-json\/wp\/v2\/product\/120668","targetHints":{"allow":["GET"]}}],"collection":[{"href":"https:\/\/gpl-love.com\/es\/wp-json\/wp\/v2\/product"}],"about":[{"href":"https:\/\/gpl-love.com\/es\/wp-json\/wp\/v2\/types\/product"}],"replies":[{"embeddable":true,"href":"https:\/\/gpl-love.com\/es\/wp-json\/wp\/v2\/comments?post=120668"}],"wp:featuredmedia":[{"embeddable":true,"href":"https:\/\/gpl-love.com\/es\/wp-json\/wp\/v2\/media\/168426"}],"wp:attachment":[{"href":"https:\/\/gpl-love.com\/es\/wp-json\/wp\/v2\/media?parent=120668"}],"wp:term":[{"taxonomy":"product_brand","embeddable":true,"href":"https:\/\/gpl-love.com\/es\/wp-json\/wp\/v2\/product_brand?post=120668"},{"taxonomy":"product_cat","embeddable":true,"href":"https:\/\/gpl-love.com\/es\/wp-json\/wp\/v2\/product_cat?post=120668"},{"taxonomy":"product_tag","embeddable":true,"href":"https:\/\/gpl-love.com\/es\/wp-json\/wp\/v2\/product_tag?post=120668"}],"curies":[{"name":"wp","href":"https:\/\/api.w.org\/{rel}","templated":true}]}}