{"id":120666,"date":"2023-01-07T00:00:00","date_gmt":"2023-01-07T05:00:00","guid":{"rendered":"https:\/\/gpl-love.com\/es\/?post_type=product&#038;p=120666"},"modified":"2026-03-09T07:26:31","modified_gmt":"2026-03-09T12:26:31","slug":"custom-post-type-ui-extended","status":"publish","type":"product","link":"https:\/\/gpl-love.com\/es\/producto\/custom-post-type-ui-extended\/","title":{"rendered":"Custom Post Type UI Extended 1.1.11"},"content":{"rendered":"<h3>Custom Post Type UI Extended Caracteristicas<\/h3>\n<p>Custom Post Type UI Extended es una herramienta muy robusta y eficaz dise\u00f1ada espec\u00edficamente para usuarios de WordPress que desean generar sin esfuerzo tipos de contenido personalizado de cualquier experiencia de codificaci\u00f3n previa al prevalecimiento. Este ingenioso complemento le capacita configurar y establecer sin esfuerzo tipos de publicaciones, taxonom\u00edas personalizadas, as\u00ed como campos personalizados que se alinean impecablemente con sus preferencias y requisitos \u00fanicos. Lo que distingue este complemento de sus contrapartes es su notable interfaz f\u00e1cil de usar, lo que garantiza un proceso sin costuras y sin problemas de crear y administrar tipos de contenido personalizado. Adem\u00e1s, tambi\u00e9n le otorga la capacidad de asignar capacidades personalizadas a los usuarios, establecer metadatos personalizados y ejercer control total sobre la visualizaci\u00f3n de tipos de contenido personalizado en su sitio web. En virtud de la interfaz de usuario de tipo post personalizada extendida, posee los medios para mejorar sustancialmente la funcionalidad de su sitio de WordPress y elaborar una experiencia de usuario excepcionalmente personalizada para sus estimados visitantes.<\/p>\n<ul>\n<li>Crea tipos de publicaciones personalizados de manera r\u00e1pida y f\u00e1cil<\/li>\n<li>Extiende la funcionalidad de la funci\u00f3n de tipo post personalizada incorporada de WordPress<\/li>\n<li>Permite campos y taxonom\u00edas personalizados avanzados<\/li>\n<li>Compatible con complementos populares como WooCommerce y Yoast SEO<\/li>\n<li>Ofrece interfaz de usuario intuitiva para no desarrolladores<\/li>\n<li>Proporciona flexibilidad para organizar contenido en su sitio web<\/li>\n<li>Ayuda a mejorar la experiencia general del usuario y la navegaci\u00f3n del sitio<\/li>\n<li>Se puede utilizar para crear p\u00e1ginas web \u00fanicas y atractivas<\/li>\n<li>Ahorra tiempo y esfuerzo en comparaci\u00f3n con la codificaci\u00f3n manual de tipos de publicaciones personalizadas<\/li>\n<li>Ofrece versiones gratuitas y premium para adaptarse a diferentes necesidades y presupuestos.<\/li>\n<\/ul>\n","protected":false},"excerpt":{"rendered":"<p>Post Type UI personalizado Extended es una herramienta vers\u00e1til dise\u00f1ada para sobrealimentar la funcionalidad de su sitio web. Este poderoso complemento le permite administrar y extender f\u00e1cilmente sus tipos de publicaci\u00f3n personalizados, lo que hace que su sitio web sea m\u00e1s din\u00e1mico y atractivo. Con su interfaz f\u00e1cil de usar, puede crear y personalizar r\u00e1pidamente sus tipos de publicaciones y taxonom\u00edas, proporcionando una experiencia de usuario perfecta. Ya sea que sea un desarrollador o un desarrollador experimentado, la interfaz de usuario de Tipo de publicaci\u00f3n personalizada ofrece una forma eficiente de mejorar el rendimiento de su sitio web. Experimente los beneficios del mayor control, flexibilidad y personalizaci\u00f3n con la interfaz de usuario de tipo post personalizada extendida.<\/p>\n","protected":false},"featured_media":165742,"comment_status":"open","ping_status":"open","template":"","meta":[],"product_brand":[2406],"product_cat":[1214,1206,1211],"product_tag":[2243],"class_list":{"0":"post-120666","1":"product","2":"type-product","3":"status-publish","4":"has-post-thumbnail","6":"product_brand-pluginize","7":"product_cat-personalizacion","8":"product_cat-plugins","9":"product_cat-wordpress-plugins","10":"product_tag-pluginize","11":"member-discount","12":"discount-restricted","14":"first","15":"instock","16":"sale","17":"downloadable","18":"virtual","19":"sold-individually","20":"purchasable","21":"product-type-simple"},"_links":{"self":[{"href":"https:\/\/gpl-love.com\/es\/wp-json\/wp\/v2\/product\/120666","targetHints":{"allow":["GET"]}}],"collection":[{"href":"https:\/\/gpl-love.com\/es\/wp-json\/wp\/v2\/product"}],"about":[{"href":"https:\/\/gpl-love.com\/es\/wp-json\/wp\/v2\/types\/product"}],"replies":[{"embeddable":true,"href":"https:\/\/gpl-love.com\/es\/wp-json\/wp\/v2\/comments?post=120666"}],"wp:featuredmedia":[{"embeddable":true,"href":"https:\/\/gpl-love.com\/es\/wp-json\/wp\/v2\/media\/165742"}],"wp:attachment":[{"href":"https:\/\/gpl-love.com\/es\/wp-json\/wp\/v2\/media?parent=120666"}],"wp:term":[{"taxonomy":"product_brand","embeddable":true,"href":"https:\/\/gpl-love.com\/es\/wp-json\/wp\/v2\/product_brand?post=120666"},{"taxonomy":"product_cat","embeddable":true,"href":"https:\/\/gpl-love.com\/es\/wp-json\/wp\/v2\/product_cat?post=120666"},{"taxonomy":"product_tag","embeddable":true,"href":"https:\/\/gpl-love.com\/es\/wp-json\/wp\/v2\/product_tag?post=120666"}],"curies":[{"name":"wp","href":"https:\/\/api.w.org\/{rel}","templated":true}]}}