{"id":120664,"date":"2025-12-23T00:00:00","date_gmt":"2025-12-23T05:00:00","guid":{"rendered":"https:\/\/gpl-love.com\/es\/?post_type=product&#038;p=120664"},"modified":"2026-03-09T07:19:14","modified_gmt":"2026-03-09T12:19:14","slug":"automatorwp-learndash","status":"publish","type":"product","link":"https:\/\/gpl-love.com\/es\/producto\/automatorwp-learndash\/","title":{"rendered":"AutomatorWP LearnDash 1.2.7"},"content":{"rendered":"<h3>AutomatorWP LearnDash Caracteristicas<\/h3>\n<p>AutomatorWP LearnDash es una herramienta de automatizaci\u00f3n extremadamente robusta y potente que le brinda la capacidad de generar y mecanizar flujos de trabajo intrincados desde su sistema de administraci\u00f3n de cursos LearnDash. Al aprovechar las capacidades de AutomatorWP LearnDash, tiene la capacidad de optimizar y optimizar los procedimientos de gesti\u00f3n de sus cursos, mejorar la eficacia de los canales de comunicaci\u00f3n con sus estimados estudiantes y elevar la calidad general de sus ofertas de cursos. Esta notable herramienta le permite automatizar una gran cantidad de diversas tareas que abarcan las inscripciones de los cursos, el monitoreo de la finalizaci\u00f3n del concurso y la emisi\u00f3n de certificado. Adem\u00e1s, posee la capacidad de dise\u00f1ar y moda de notificaciones de correo electr\u00f3nico personalizadas, as\u00ed como provocar y activar acciones y comportamientos espec\u00edficos del usuario. Con el despliegue de AutomatorWP LearnDash, puede conservar eficazmente un tiempo y un esfuerzo valiosos, al tiempo que garantiza una experiencia de aprendizaje perfectamente personalizada y personalizada que no sea realmente incomparable para sus apreciados estudiantes.<\/p>\n<ul>\n<li>Automatorwp LearnDash es una herramienta que le permite automatizar su plataforma LearnDash E-Learning.<\/li>\n<li>Este producto se integra con el complemento AutomatorWP, que est\u00e1 dise\u00f1ado para ayudarlo a automatizar su sitio de WordPress.<\/li>\n<li>Con AutomatorWP LearnDash, puede automatizar una variedad de tareas, como agregar usuarios a los cursos de LearnDash, otorgar insignias y certificados, y enviar notificaciones por correo electr\u00f3nico.<\/li>\n<li>Este producto incluye una gama de recetas de automatizaci\u00f3n previas a la construcci\u00f3n, que facilitan comenzar a automatizar su sitio LearnDash.<\/li>\n<li>Estas recetas de automatizaci\u00f3n son totalmente personalizables y se pueden adaptar para satisfacer sus necesidades espec\u00edficas.<\/li>\n<li>Automatorwp LearnDash est\u00e1 dise\u00f1ado para ser f\u00e1cil de usar, incluso para aquellos con poca experiencia t\u00e9cnica.<\/li>\n<li>Este producto es compatible con LearnDash -5 y superior, as\u00ed como con las \u00faltimas versiones de WordPress.<\/li>\n<li>Automatorwp LearnDash se actualiza y mejora constantemente, asegurando que siga siendo una herramienta poderosa y confiable para automatizar su plataforma de aprendizaje electr\u00f3nico.<\/li>\n<\/ul>\n","protected":false},"excerpt":{"rendered":"<p>Automatorwp LearnDash es una poderosa herramienta de automatizaci\u00f3n dise\u00f1ada para mejorar su experiencia de eLearning. Se integra perfectamente con LearnDash, uno de los complementos LMS de WordPress m\u00e1s populares, lo que lo hace ideal para educadores, entrenadores y profesionales de eLearning que desean automatizar sus cursos en l\u00ednea. Con AutomatorWP LearnDash, puede crear entornos de aprendizaje interactivos y atractivos mediante la automatizaci\u00f3n de acciones, premios y notificaciones basadas en las actividades de sus alumnos. Es un sistema f\u00e1cil de usar, que le permite dise\u00f1ar e implementar rutas de aprendizaje personalizadas, maximizando as\u00ed la participaci\u00f3n y retenci\u00f3n de sus alumnos. Automatorwp LearnDash es una herramienta verdaderamente vers\u00e1til, que le brinda una multitud de posibilidades para que su plataforma de eLearning sea m\u00e1s eficiente y efectiva.<\/p>\n","protected":false},"featured_media":165422,"comment_status":"open","ping_status":"open","template":"","meta":[],"product_brand":[2368],"product_cat":[1212,1206,1211],"product_tag":[2210],"class_list":{"0":"post-120664","1":"product","2":"type-product","3":"status-publish","4":"has-post-thumbnail","6":"product_brand-automatorwp","7":"product_cat-administracion-wordpress-plugins","8":"product_cat-plugins","9":"product_cat-wordpress-plugins","10":"product_tag-automatorwp","11":"member-discount","12":"discount-restricted","14":"first","15":"instock","16":"sale","17":"downloadable","18":"virtual","19":"sold-individually","20":"purchasable","21":"product-type-simple"},"_links":{"self":[{"href":"https:\/\/gpl-love.com\/es\/wp-json\/wp\/v2\/product\/120664","targetHints":{"allow":["GET"]}}],"collection":[{"href":"https:\/\/gpl-love.com\/es\/wp-json\/wp\/v2\/product"}],"about":[{"href":"https:\/\/gpl-love.com\/es\/wp-json\/wp\/v2\/types\/product"}],"replies":[{"embeddable":true,"href":"https:\/\/gpl-love.com\/es\/wp-json\/wp\/v2\/comments?post=120664"}],"wp:featuredmedia":[{"embeddable":true,"href":"https:\/\/gpl-love.com\/es\/wp-json\/wp\/v2\/media\/165422"}],"wp:attachment":[{"href":"https:\/\/gpl-love.com\/es\/wp-json\/wp\/v2\/media?parent=120664"}],"wp:term":[{"taxonomy":"product_brand","embeddable":true,"href":"https:\/\/gpl-love.com\/es\/wp-json\/wp\/v2\/product_brand?post=120664"},{"taxonomy":"product_cat","embeddable":true,"href":"https:\/\/gpl-love.com\/es\/wp-json\/wp\/v2\/product_cat?post=120664"},{"taxonomy":"product_tag","embeddable":true,"href":"https:\/\/gpl-love.com\/es\/wp-json\/wp\/v2\/product_tag?post=120664"}],"curies":[{"name":"wp","href":"https:\/\/api.w.org\/{rel}","templated":true}]}}