{"id":120662,"date":"2021-12-14T00:00:00","date_gmt":"2021-12-14T05:00:00","guid":{"rendered":"https:\/\/gpl-love.com\/es\/?post_type=product&#038;p=120662"},"modified":"2026-03-13T17:30:58","modified_gmt":"2026-03-13T22:30:58","slug":"theme-palace-wen-travel-pro","status":"publish","type":"product","link":"https:\/\/gpl-love.com\/es\/producto\/theme-palace-wen-travel-pro\/","title":{"rendered":"Theme Palace WEN Travel Pro 5.1"},"content":{"rendered":"<h3>Theme Palace WEN Travel Pro Caracteristicas<\/h3>\n<p>El tema del Palacio de Travel Pro, un exquisito tema de WordPress, ha sido elaborado por expertos para satisfacer espec\u00edficamente las necesidades de los bloggers y entusiastas de los viajes por igual. Este tema excepcional cuenta con una amplia gama de caracter\u00edsticas y opciones de personalizaci\u00f3n, lo que permite a los usuarios crear sin esfuerzo una presencia en l\u00ednea notable y cautivadora. Adem\u00e1s, el marco s\u00f3lido del tema garantiza un rendimiento y compatibilidad sin problemas en todos los navegadores y dispositivos contempor\u00e1neos. Entre los destacados destacados del tema Wen Travel Pro est\u00e1n su dise\u00f1o receptivo, widgets a medida, opciones de dise\u00f1o m\u00faltiple, integraci\u00f3n de redes sociales sin interrupciones y una gran cantidad de otros atributos notables. Con su interfaz f\u00e1cil de usar y su funcionalidad robusta, el Palacio del Tema Wen Travel Pro indudablemente se destaca como la mejor opci\u00f3n para cualquier persona que busque establecer un sitio web de viajes verdaderamente profesional e impactante.<\/p>\n<ul>\n<li>Un tema premium de WordPress dise\u00f1ado espec\u00edficamente para sitios web de viajes y blogs<\/li>\n<li>Ofrece una variedad de opciones de personalizaci\u00f3n para ayudarlo a crear un sitio web \u00fanico y profesional<\/li>\n<li>Viene con seis demostraciones preconstruidas que puede usar como punto de partida para su sitio<\/li>\n<li>El dise\u00f1o totalmente receptivo asegura que su sitio se vea muy bien en todos los dispositivos, incluidas las computadoras de escritorio, las tabletas y los tel\u00e9fonos m\u00f3viles.<\/li>\n<li>Sistema de reserva incorporado para permitir a los visitantes reservar f\u00e1cilmente sus arreglos de viaje directamente en su sitio<\/li>\n<li>Admite m\u00faltiples idiomas y complementos de traducci\u00f3n, lo que facilita llegar a una audiencia global<\/li>\n<li>Incluye una variedad de widgets \u00fatiles, como un convertidor de divisas, un widget meteorol\u00f3gico y enlaces de redes sociales<\/li>\n<li>Ofrece una integraci\u00f3n perfecta con complementos populares como WooCommerce y el Formulario de contacto 7<\/li>\n<li>Documentaci\u00f3n extensa y equipo de apoyo dedicado para ayudarlo a aprovechar al m\u00e1ximo su tema<\/li>\n<li>Actualizaciones regulares y correcciones de errores aseguran que su sitio permanezca seguro y actualizado con las \u00faltimas tendencias de la industria<\/li>\n<\/ul>\n","protected":false},"excerpt":{"rendered":"<p>Temo Palace Wen Travel Pro, un tema de WordPress premium exquisitamente dise\u00f1ado espec\u00edficamente para blogueros y fot\u00f3grafos de viajes, se erige como un ep\u00edtome de sofisticaci\u00f3n. Su repertorio de caracter\u00edsticas avanzadas y opciones robustas no solo le permite exhibir sus escapadas de viaje enriquecedoras, sino que tambi\u00e9n agrega un toque de creatividad a su narrativa digital. Este tema meticulosamente desarrollado posee una capacidad de respuesta perfecta, asegurando una presentaci\u00f3n perfecta en varios dispositivos. Adem\u00e1s, su optimizaci\u00f3n de la optimizaci\u00f3n de motores de b\u00fasqueda garantiza una mayor visibilidad y capacidad de descubrimiento, mientras que su compatibilidad con complementos aclamados garantiza una integraci\u00f3n perfecta de funcionalidades adicionales. Afortunado con un aura de elegancia y con una interfaz intuitiva, el Tema Palacio Wen Travel Pro surge como una elecci\u00f3n incomparable para el viajero exigente que busca establecer una presencia en l\u00ednea cautivadora.<\/p>\n","protected":false},"featured_media":167728,"comment_status":"open","ping_status":"open","template":"","meta":[],"product_brand":[2577],"product_cat":[1548,1237,1238],"product_tag":[2218],"class_list":{"0":"post-120662","1":"product","2":"type-product","3":"status-publish","4":"has-post-thumbnail","6":"product_brand-theme-palace","7":"product_cat-resort-hotel","8":"product_cat-temas","9":"product_cat-wordpress-temas","10":"product_tag-theme-palace","11":"member-discount","12":"discount-restricted","14":"first","15":"instock","16":"sale","17":"downloadable","18":"virtual","19":"sold-individually","20":"purchasable","21":"product-type-simple"},"_links":{"self":[{"href":"https:\/\/gpl-love.com\/es\/wp-json\/wp\/v2\/product\/120662","targetHints":{"allow":["GET"]}}],"collection":[{"href":"https:\/\/gpl-love.com\/es\/wp-json\/wp\/v2\/product"}],"about":[{"href":"https:\/\/gpl-love.com\/es\/wp-json\/wp\/v2\/types\/product"}],"replies":[{"embeddable":true,"href":"https:\/\/gpl-love.com\/es\/wp-json\/wp\/v2\/comments?post=120662"}],"wp:featuredmedia":[{"embeddable":true,"href":"https:\/\/gpl-love.com\/es\/wp-json\/wp\/v2\/media\/167728"}],"wp:attachment":[{"href":"https:\/\/gpl-love.com\/es\/wp-json\/wp\/v2\/media?parent=120662"}],"wp:term":[{"taxonomy":"product_brand","embeddable":true,"href":"https:\/\/gpl-love.com\/es\/wp-json\/wp\/v2\/product_brand?post=120662"},{"taxonomy":"product_cat","embeddable":true,"href":"https:\/\/gpl-love.com\/es\/wp-json\/wp\/v2\/product_cat?post=120662"},{"taxonomy":"product_tag","embeddable":true,"href":"https:\/\/gpl-love.com\/es\/wp-json\/wp\/v2\/product_tag?post=120662"}],"curies":[{"name":"wp","href":"https:\/\/api.w.org\/{rel}","templated":true}]}}